{"id":9895,"date":"2022-03-08T10:59:12","date_gmt":"2022-03-08T10:59:16","guid":{"rendered":"https:\/\/made4you.lu\/?post_type=product&#038;p=9895"},"modified":"2022-03-10T14:44:34","modified_gmt":"2022-03-10T14:44:34","slug":"kariban-356-homme-t-shirt-col-rond","status":"publish","type":"product","link":"https:\/\/made4you.lu\/fr\/produit\/kariban-356-homme-t-shirt-col-rond\/","title":{"rendered":"Kariban 356 &#8211; Homme T-shirt col rond"},"content":{"rendered":"<div><a href=\"https:\/\/made4you.lu\/wp-content\/uploads\/2022\/03\/OEKOTEX7_KARIABN.jpg\" data-rel=\"penci-gallery-image-content\" ><img decoding=\"async\" class=\"alignnone size-full wp-image-9929\" src=\"https:\/\/made4you.lu\/wp-content\/uploads\/2022\/03\/OEKOTEX7_KARIABN.jpg\" alt=\"\" width=\"116\" height=\"60\" \/><\/a><\/div>\n<div>\n<div>Coloris unis : 100% coton. Coloris\u00a0Oxford\u00a0Grey : 90% coton \/ 10%\u00a0viscose.\u00a0Coton peign\u00e9\u00a0avec lavage aux enzymes. Toucher doux, bonne r\u00e9sistance au lavage. Coupe ajust\u00e9e mode. Bande de propret\u00e9 \u00e0 l&rsquo;encolure (White pour le coloris White, Dark Grey pour le coloris\u00a0Oxford\u00a0Grey et\u00a0Oxford Grey pour tous les autres coloris). Finition double aiguille bas de manche et bas de v\u00eatement. Certifi\u00e9 STANDARD 100 by OEKO-TEX\u00aeN\u00b0 CQ1007\/7, IFTH.<\/div>\n<\/div>\n","protected":false},"excerpt":{"rendered":"<ul class=\"product-sales-pitch\">\n<li>Lavage enzymes et coton peign\u00e9 : maintien d&rsquo;une surface lisse apr\u00e8s plusieurs lavages.<\/li>\n<li>Toucher doux et excellente imprimabilit\u00e9.<\/li>\n<li>Grand choix de couleurs.<\/li>\n<\/ul>\n<div><strong>Ce produit peut \u00eatre affin\u00e9:<\/strong><\/div>\n<ul>\n<li>Transfert Flex<\/li>\n<li>S\u00e9rigraphie<\/li>\n<li>Broderie<\/li>\n<\/ul>\n<p>*Le prix du produit varie en fonction du tirage.<\/p>\n","protected":false},"featured_media":9931,"template":"","meta":[],"product_cat":[547,552,257],"product_tag":[],"class_list":["post-9895","product","type-product","status-publish","has-post-thumbnail","hentry","product_cat-hommes","product_cat-t-shirts-fr-4-herren","product_cat-textiles","pa_geschlecht-herren-fr","pa_textilien-farben-ash-heather-fr","pa_textilien-farben-dark-khaki-fr","pa_textilien-farben-forest-green-fr","pa_textilien-farben-fuchsia-fr","pa_textilien-farben-light-royal-blue-fr","pa_textilien-farben-light-sand-fr","pa_textilien-farben-lime-fr","pa_textilien-farben-oxford-grey-fr","pa_textilien-farben-purple-fr","pa_textilien-farben-tropical-blue-fr","pa_textilien-farben-wine-fr","pa_textilien-farben-yellow-fr","pa_textilien-farben-white-fr","pa_textilien-farben-black-fr","pa_textilien-farben-chocolate-fr","pa_textilien-farben-dark-grey-fr","pa_textilien-farben-kelly-green-fr","pa_textilien-farben-navy-fr","pa_textilien-farben-orange-fr","pa_textilien-farben-red-fr","pa_textilien-farben-sky-blue-fr","pa_textilien-grammatur-180g-fr","pa_textilien-groesse-s-fr","pa_textilien-groesse-m-fr","pa_textilien-groesse-l-fr","pa_textilien-groesse-xl-fr","pa_textilien-groesse-xxl-fr","pa_textilien-groesse-3xl-fr","pa_textilien-groesse-4xl-fr","rtwpvg-product"],"yoast_head":"<!-- This site is optimized with the Yoast SEO plugin v20.13 - https:\/\/yoast.com\/wordpress\/plugins\/seo\/ -->\n<title>Kariban 356 - Homme T-shirt col rond - Made4you Publicit\u00e9<\/title>\n<meta name=\"robots\" content=\"index, follow, max-snippet:-1, max-image-preview:large, max-video-preview:-1\" \/>\n<link rel=\"canonical\" href=\"https:\/\/made4you.lu\/fr\/produit\/kariban-356-homme-t-shirt-col-rond\/\" \/>\n<meta property=\"og:locale\" content=\"fr_FR\" \/>\n<meta property=\"og:type\" content=\"article\" \/>\n<meta property=\"og:title\" content=\"Kariban 356 - Homme T-shirt col rond - Made4you Publicit\u00e9\" \/>\n<meta property=\"og:description\" content=\"Lavage enzymes et coton peign\u00e9 : maintien d&#039;une surface lisse apr\u00e8s plusieurs lavages.  Toucher doux et excellente imprimabilit\u00e9.  Grand choix de couleurs.  Ce produit peut \u00eatre affin\u00e9:   Transfert Flex  S\u00e9rigraphie  Broderie  *Le prix du produit varie en fonction du tirage.\" \/>\n<meta property=\"og:url\" content=\"https:\/\/made4you.lu\/fr\/produit\/kariban-356-homme-t-shirt-col-rond\/\" \/>\n<meta property=\"og:site_name\" content=\"Made4you Publicit\u00e9\" \/>\n<meta property=\"article:modified_time\" content=\"2022-03-10T14:44:34+00:00\" \/>\n<meta property=\"og:image\" content=\"https:\/\/made4you.lu\/wp-content\/uploads\/2022\/03\/K356_2020.jpg\" \/>\n\t<meta property=\"og:image:width\" content=\"714\" \/>\n\t<meta property=\"og:image:height\" content=\"1070\" \/>\n\t<meta property=\"og:image:type\" content=\"image\/jpeg\" \/>\n<meta name=\"twitter:card\" content=\"summary_large_image\" \/>\n<script type=\"application\/ld+json\" class=\"yoast-schema-graph\">{\"@context\":\"https:\/\/schema.org\",\"@graph\":[{\"@type\":\"WebPage\",\"@id\":\"https:\/\/made4you.lu\/fr\/produit\/kariban-356-homme-t-shirt-col-rond\/\",\"url\":\"https:\/\/made4you.lu\/fr\/produit\/kariban-356-homme-t-shirt-col-rond\/\",\"name\":\"Kariban 356 - Homme T-shirt col rond - Made4you Publicit\u00e9\",\"isPartOf\":{\"@id\":\"https:\/\/made4you.lu\/#website\"},\"datePublished\":\"2022-03-08T10:59:16+00:00\",\"dateModified\":\"2022-03-10T14:44:34+00:00\",\"breadcrumb\":{\"@id\":\"https:\/\/made4you.lu\/fr\/produit\/kariban-356-homme-t-shirt-col-rond\/#breadcrumb\"},\"inLanguage\":\"fr-FR\",\"potentialAction\":[{\"@type\":\"ReadAction\",\"target\":[\"https:\/\/made4you.lu\/fr\/produit\/kariban-356-homme-t-shirt-col-rond\/\"]}]},{\"@type\":\"BreadcrumbList\",\"@id\":\"https:\/\/made4you.lu\/fr\/produit\/kariban-356-homme-t-shirt-col-rond\/#breadcrumb\",\"itemListElement\":[{\"@type\":\"ListItem\",\"position\":1,\"name\":\"Startseite\",\"item\":\"https:\/\/made4you.lu\/fr\/\"},{\"@type\":\"ListItem\",\"position\":2,\"name\":\"Unsere Preise\",\"item\":\"https:\/\/made4you.lu\/shop\/\"},{\"@type\":\"ListItem\",\"position\":3,\"name\":\"Kariban 356 &#8211; Homme T-shirt col rond\"}]},{\"@type\":\"WebSite\",\"@id\":\"https:\/\/made4you.lu\/#website\",\"url\":\"https:\/\/made4you.lu\/\",\"name\":\"Made4you Publicit\u00e9\",\"description\":\"\u00e0 Wasserbillig (LU) &amp; Konz (DE). Votre partenaire en mati\u00e8re de publicit\u00e9, d&#039;impression, de graphisme, d&#039;impression textile, de broderie, de cadeaux publicitaires, de webdesign, de fournitures pour les associations et bien plus encore.\",\"potentialAction\":[{\"@type\":\"SearchAction\",\"target\":{\"@type\":\"EntryPoint\",\"urlTemplate\":\"https:\/\/made4you.lu\/?s={search_term_string}\"},\"query-input\":\"required name=search_term_string\"}],\"inLanguage\":\"fr-FR\"}]}<\/script>\n<!-- \/ Yoast SEO plugin. -->","yoast_head_json":{"title":"Kariban 356 - Homme T-shirt col rond - Made4you Publicit\u00e9","robots":{"index":"index","follow":"follow","max-snippet":"max-snippet:-1","max-image-preview":"max-image-preview:large","max-video-preview":"max-video-preview:-1"},"canonical":"https:\/\/made4you.lu\/fr\/produit\/kariban-356-homme-t-shirt-col-rond\/","og_locale":"fr_FR","og_type":"article","og_title":"Kariban 356 - Homme T-shirt col rond - Made4you Publicit\u00e9","og_description":"Lavage enzymes et coton peign\u00e9 : maintien d'une surface lisse apr\u00e8s plusieurs lavages.  Toucher doux et excellente imprimabilit\u00e9.  Grand choix de couleurs.  Ce produit peut \u00eatre affin\u00e9:   Transfert Flex  S\u00e9rigraphie  Broderie  *Le prix du produit varie en fonction du tirage.","og_url":"https:\/\/made4you.lu\/fr\/produit\/kariban-356-homme-t-shirt-col-rond\/","og_site_name":"Made4you Publicit\u00e9","article_modified_time":"2022-03-10T14:44:34+00:00","og_image":[{"width":714,"height":1070,"url":"https:\/\/made4you.lu\/wp-content\/uploads\/2022\/03\/K356_2020.jpg","type":"image\/jpeg"}],"twitter_card":"summary_large_image","schema":{"@context":"https:\/\/schema.org","@graph":[{"@type":"WebPage","@id":"https:\/\/made4you.lu\/fr\/produit\/kariban-356-homme-t-shirt-col-rond\/","url":"https:\/\/made4you.lu\/fr\/produit\/kariban-356-homme-t-shirt-col-rond\/","name":"Kariban 356 - Homme T-shirt col rond - Made4you Publicit\u00e9","isPartOf":{"@id":"https:\/\/made4you.lu\/#website"},"datePublished":"2022-03-08T10:59:16+00:00","dateModified":"2022-03-10T14:44:34+00:00","breadcrumb":{"@id":"https:\/\/made4you.lu\/fr\/produit\/kariban-356-homme-t-shirt-col-rond\/#breadcrumb"},"inLanguage":"fr-FR","potentialAction":[{"@type":"ReadAction","target":["https:\/\/made4you.lu\/fr\/produit\/kariban-356-homme-t-shirt-col-rond\/"]}]},{"@type":"BreadcrumbList","@id":"https:\/\/made4you.lu\/fr\/produit\/kariban-356-homme-t-shirt-col-rond\/#breadcrumb","itemListElement":[{"@type":"ListItem","position":1,"name":"Startseite","item":"https:\/\/made4you.lu\/fr\/"},{"@type":"ListItem","position":2,"name":"Unsere Preise","item":"https:\/\/made4you.lu\/shop\/"},{"@type":"ListItem","position":3,"name":"Kariban 356 &#8211; Homme T-shirt col rond"}]},{"@type":"WebSite","@id":"https:\/\/made4you.lu\/#website","url":"https:\/\/made4you.lu\/","name":"Made4you Publicit\u00e9","description":"\u00e0 Wasserbillig (LU) &amp; Konz (DE). Votre partenaire en mati\u00e8re de publicit\u00e9, d&#039;impression, de graphisme, d&#039;impression textile, de broderie, de cadeaux publicitaires, de webdesign, de fournitures pour les associations et bien plus encore.","potentialAction":[{"@type":"SearchAction","target":{"@type":"EntryPoint","urlTemplate":"https:\/\/made4you.lu\/?s={search_term_string}"},"query-input":"required name=search_term_string"}],"inLanguage":"fr-FR"}]}},"_links":{"self":[{"href":"https:\/\/made4you.lu\/fr\/wp-json\/wp\/v2\/product\/9895","targetHints":{"allow":["GET"]}}],"collection":[{"href":"https:\/\/made4you.lu\/fr\/wp-json\/wp\/v2\/product"}],"about":[{"href":"https:\/\/made4you.lu\/fr\/wp-json\/wp\/v2\/types\/product"}],"version-history":[{"count":1,"href":"https:\/\/made4you.lu\/fr\/wp-json\/wp\/v2\/product\/9895\/revisions"}],"predecessor-version":[{"id":10131,"href":"https:\/\/made4you.lu\/fr\/wp-json\/wp\/v2\/product\/9895\/revisions\/10131"}],"wp:featuredmedia":[{"embeddable":true,"href":"https:\/\/made4you.lu\/fr\/wp-json\/wp\/v2\/media\/9931"}],"wp:attachment":[{"href":"https:\/\/made4you.lu\/fr\/wp-json\/wp\/v2\/media?parent=9895"}],"wp:term":[{"taxonomy":"product_cat","embeddable":true,"href":"https:\/\/made4you.lu\/fr\/wp-json\/wp\/v2\/product_cat?post=9895"},{"taxonomy":"product_tag","embeddable":true,"href":"https:\/\/made4you.lu\/fr\/wp-json\/wp\/v2\/product_tag?post=9895"}],"curies":[{"name":"wp","href":"https:\/\/api.w.org\/{rel}","templated":true}]}}