{"id":9829,"date":"2022-03-01T16:47:23","date_gmt":"2022-03-01T16:47:23","guid":{"rendered":"https:\/\/made4you.lu\/produkt\/gildan-gi18500-sweat-shirt-capuche-heavy-blend\/"},"modified":"2022-03-23T13:16:42","modified_gmt":"2022-03-23T13:16:42","slug":"gildan-gi18500-sweat-shirt-capuche-heavy-blend","status":"publish","type":"product","link":"https:\/\/made4you.lu\/fr\/produit\/gildan-gi18500-sweat-shirt-capuche-heavy-blend\/","title":{"rendered":"Gildan GI18500 &#8211; Sweat-shirt Capuche Heavy Blend\u2122"},"content":{"rendered":"<p><a href=\"https:\/\/made4you.lu\/wp-content\/uploads\/2022\/03\/OEKOTEX_GILDAN.jpg\" data-rel=\"penci-gallery-image-content\" ><img decoding=\"async\" class=\"alignnone size-full wp-image-9609\" src=\"https:\/\/made4you.lu\/wp-content\/uploads\/2022\/03\/OEKOTEX_GILDAN.jpg\" alt=\"oekotex gildan\" width=\"116\" height=\"60\" \/><\/a><\/p>\n<div>50% coton \/ 50% polyester. Molleton interieur gratt\u00e9 pr\u00e9-r\u00e9treci. Fil \u00ab\u00a0Air-Jet\u00a0\u00bb pour une surface plus douce et anti-boulochage. Manches droites. Capuche doubl\u00e9e et cordons assortis. Coupe classique. Certifi\u00e9 STANDARD 100 by OEKO-TEX\u00aeN\u00b0 68255, OeTI.<\/div>\n","protected":false},"excerpt":{"rendered":"<ul class=\"product-sales-pitch\">\n<li>Fil Air Jet &#8211; surface douce et anti-boulochage.<\/li>\n<li>M\u00e9lange coton\/polyester: confort et r\u00e9sistance.<\/li>\n<li>\u00c9tiquette d\u00e9tachable, facile \u00e0 r\u00e9-\u00e9tiqueter.<\/li>\n<\/ul>\n<div><strong>Ce produit peut \u00eatre affin\u00e9:<\/strong><\/div>\n<ul>\n<li>Transfert Flex<\/li>\n<li>S\u00e9rigraphie<\/li>\n<li>Broderie<\/li>\n<\/ul>\n<p>*Le prix du produit varie en fonction du tirage.<\/p>\n","protected":false},"featured_media":9619,"template":"","meta":[],"product_cat":[541,547,545,563,551,257],"product_tag":[],"class_list":["post-9829","product","type-product","status-publish","has-post-thumbnail","hentry","product_cat-femmes","product_cat-hommes","product_cat-sweats-sweats-a-capuche-damen","product_cat-sweats-sweats-a-capuche-fr-2-unisex","product_cat-sweats-et-sweats-a-capuche-herren","product_cat-textiles","pa_geschlecht-damen-fr","pa_geschlecht-herren-fr","pa_geschlecht-unisex-fr","pa_textilien-farben-antique-cherry-red-fr","pa_textilien-farben-antique-sapphire-fr","pa_textilien-farben-carolina-blue-fr","pa_textilien-farben-charcoal-fr","pa_textilien-farben-cherry-red-fr","pa_textilien-farben-dark-chocolate-fr","pa_textilien-farben-dark-heather-fr","pa_textilien-farben-forest-green-fr","pa_textilien-farben-garnet-fr","pa_textilien-farben-graphite-heather-fr","pa_textilien-farben-heather-sport-dark-maroon-fr","pa_textilien-farben-heliconia-fr","pa_textilien-farben-indigo-blue-fr","pa_textilien-farben-irish-green-fr","pa_textilien-farben-light-blue-fr","pa_textilien-farben-light-pink-fr","pa_textilien-farben-maroon-fr","pa_textilien-farben-military-green-fr","pa_textilien-farben-purple-fr","pa_textilien-farben-safety-orange-fr","pa_textilien-farben-safety-yellow-fr","pa_textilien-farben-sapphire-fr","pa_textilien-farben-white-fr","pa_textilien-farben-black-fr","pa_textilien-farben-ash-fr","pa_textilien-farben-gold-fr","pa_textilien-farben-navy-fr","pa_textilien-farben-orange-fr","pa_textilien-farben-red-fr","pa_textilien-farben-royal-blue-fr","pa_textilien-farben-sand-fr","pa_textilien-farben-sport-grey-fr","pa_textilien-grammatur-257-271-g-m-fr","pa_textilien-groesse-s-fr","pa_textilien-groesse-m-fr","pa_textilien-groesse-l-fr","pa_textilien-groesse-xl-fr","pa_textilien-groesse-xxl-fr","pa_textilien-groesse-3xl-fr","rtwpvg-product"],"yoast_head":"<!-- This site is optimized with the Yoast SEO plugin v20.13 - https:\/\/yoast.com\/wordpress\/plugins\/seo\/ -->\n<title>Gildan GI18500 - Sweat-shirt Capuche Heavy Blend\u2122 - Made4you Publicit\u00e9<\/title>\n<meta name=\"robots\" content=\"index, follow, max-snippet:-1, max-image-preview:large, max-video-preview:-1\" \/>\n<link rel=\"canonical\" href=\"https:\/\/made4you.lu\/fr\/produit\/gildan-gi18500-sweat-shirt-capuche-heavy-blend\/\" \/>\n<meta property=\"og:locale\" content=\"fr_FR\" \/>\n<meta property=\"og:type\" content=\"article\" \/>\n<meta property=\"og:title\" content=\"Gildan GI18500 - Sweat-shirt Capuche Heavy Blend\u2122 - Made4you Publicit\u00e9\" \/>\n<meta property=\"og:description\" content=\"Fil Air Jet - surface douce et anti-boulochage.  M\u00e9lange coton\/polyester: confort et r\u00e9sistance.  \u00c9tiquette d\u00e9tachable, facile \u00e0 r\u00e9-\u00e9tiqueter.  Ce produit peut \u00eatre affin\u00e9:   Transfert Flex  S\u00e9rigraphie  Broderie  *Le prix du produit varie en fonction du tirage.\" \/>\n<meta property=\"og:url\" content=\"https:\/\/made4you.lu\/fr\/produit\/gildan-gi18500-sweat-shirt-capuche-heavy-blend\/\" \/>\n<meta property=\"og:site_name\" content=\"Made4you Publicit\u00e9\" \/>\n<meta property=\"article:modified_time\" content=\"2022-03-23T13:16:42+00:00\" \/>\n<meta property=\"og:image\" content=\"https:\/\/made4you.lu\/wp-content\/uploads\/2022\/03\/GI18500_2022.jpg\" \/>\n\t<meta property=\"og:image:width\" content=\"714\" \/>\n\t<meta property=\"og:image:height\" content=\"1070\" \/>\n\t<meta property=\"og:image:type\" content=\"image\/jpeg\" \/>\n<meta name=\"twitter:card\" content=\"summary_large_image\" \/>\n<script type=\"application\/ld+json\" class=\"yoast-schema-graph\">{\"@context\":\"https:\/\/schema.org\",\"@graph\":[{\"@type\":\"WebPage\",\"@id\":\"https:\/\/made4you.lu\/fr\/produit\/gildan-gi18500-sweat-shirt-capuche-heavy-blend\/\",\"url\":\"https:\/\/made4you.lu\/fr\/produit\/gildan-gi18500-sweat-shirt-capuche-heavy-blend\/\",\"name\":\"Gildan GI18500 - Sweat-shirt Capuche Heavy Blend\u2122 - Made4you Publicit\u00e9\",\"isPartOf\":{\"@id\":\"https:\/\/made4you.lu\/#website\"},\"datePublished\":\"2022-03-01T16:47:23+00:00\",\"dateModified\":\"2022-03-23T13:16:42+00:00\",\"breadcrumb\":{\"@id\":\"https:\/\/made4you.lu\/fr\/produit\/gildan-gi18500-sweat-shirt-capuche-heavy-blend\/#breadcrumb\"},\"inLanguage\":\"fr-FR\",\"potentialAction\":[{\"@type\":\"ReadAction\",\"target\":[\"https:\/\/made4you.lu\/fr\/produit\/gildan-gi18500-sweat-shirt-capuche-heavy-blend\/\"]}]},{\"@type\":\"BreadcrumbList\",\"@id\":\"https:\/\/made4you.lu\/fr\/produit\/gildan-gi18500-sweat-shirt-capuche-heavy-blend\/#breadcrumb\",\"itemListElement\":[{\"@type\":\"ListItem\",\"position\":1,\"name\":\"Startseite\",\"item\":\"https:\/\/made4you.lu\/fr\/\"},{\"@type\":\"ListItem\",\"position\":2,\"name\":\"Unsere Preise\",\"item\":\"https:\/\/made4you.lu\/shop\/\"},{\"@type\":\"ListItem\",\"position\":3,\"name\":\"Gildan GI18500 &#8211; Sweat-shirt Capuche Heavy Blend\u2122\"}]},{\"@type\":\"WebSite\",\"@id\":\"https:\/\/made4you.lu\/#website\",\"url\":\"https:\/\/made4you.lu\/\",\"name\":\"Made4you Publicit\u00e9\",\"description\":\"\u00e0 Wasserbillig (LU) &amp; Konz (DE). Votre partenaire en mati\u00e8re de publicit\u00e9, d&#039;impression, de graphisme, d&#039;impression textile, de broderie, de cadeaux publicitaires, de webdesign, de fournitures pour les associations et bien plus encore.\",\"potentialAction\":[{\"@type\":\"SearchAction\",\"target\":{\"@type\":\"EntryPoint\",\"urlTemplate\":\"https:\/\/made4you.lu\/?s={search_term_string}\"},\"query-input\":\"required name=search_term_string\"}],\"inLanguage\":\"fr-FR\"}]}<\/script>\n<!-- \/ Yoast SEO plugin. -->","yoast_head_json":{"title":"Gildan GI18500 - Sweat-shirt Capuche Heavy Blend\u2122 - Made4you Publicit\u00e9","robots":{"index":"index","follow":"follow","max-snippet":"max-snippet:-1","max-image-preview":"max-image-preview:large","max-video-preview":"max-video-preview:-1"},"canonical":"https:\/\/made4you.lu\/fr\/produit\/gildan-gi18500-sweat-shirt-capuche-heavy-blend\/","og_locale":"fr_FR","og_type":"article","og_title":"Gildan GI18500 - Sweat-shirt Capuche Heavy Blend\u2122 - Made4you Publicit\u00e9","og_description":"Fil Air Jet - surface douce et anti-boulochage.  M\u00e9lange coton\/polyester: confort et r\u00e9sistance.  \u00c9tiquette d\u00e9tachable, facile \u00e0 r\u00e9-\u00e9tiqueter.  Ce produit peut \u00eatre affin\u00e9:   Transfert Flex  S\u00e9rigraphie  Broderie  *Le prix du produit varie en fonction du tirage.","og_url":"https:\/\/made4you.lu\/fr\/produit\/gildan-gi18500-sweat-shirt-capuche-heavy-blend\/","og_site_name":"Made4you Publicit\u00e9","article_modified_time":"2022-03-23T13:16:42+00:00","og_image":[{"width":714,"height":1070,"url":"https:\/\/made4you.lu\/wp-content\/uploads\/2022\/03\/GI18500_2022.jpg","type":"image\/jpeg"}],"twitter_card":"summary_large_image","schema":{"@context":"https:\/\/schema.org","@graph":[{"@type":"WebPage","@id":"https:\/\/made4you.lu\/fr\/produit\/gildan-gi18500-sweat-shirt-capuche-heavy-blend\/","url":"https:\/\/made4you.lu\/fr\/produit\/gildan-gi18500-sweat-shirt-capuche-heavy-blend\/","name":"Gildan GI18500 - Sweat-shirt Capuche Heavy Blend\u2122 - Made4you Publicit\u00e9","isPartOf":{"@id":"https:\/\/made4you.lu\/#website"},"datePublished":"2022-03-01T16:47:23+00:00","dateModified":"2022-03-23T13:16:42+00:00","breadcrumb":{"@id":"https:\/\/made4you.lu\/fr\/produit\/gildan-gi18500-sweat-shirt-capuche-heavy-blend\/#breadcrumb"},"inLanguage":"fr-FR","potentialAction":[{"@type":"ReadAction","target":["https:\/\/made4you.lu\/fr\/produit\/gildan-gi18500-sweat-shirt-capuche-heavy-blend\/"]}]},{"@type":"BreadcrumbList","@id":"https:\/\/made4you.lu\/fr\/produit\/gildan-gi18500-sweat-shirt-capuche-heavy-blend\/#breadcrumb","itemListElement":[{"@type":"ListItem","position":1,"name":"Startseite","item":"https:\/\/made4you.lu\/fr\/"},{"@type":"ListItem","position":2,"name":"Unsere Preise","item":"https:\/\/made4you.lu\/shop\/"},{"@type":"ListItem","position":3,"name":"Gildan GI18500 &#8211; Sweat-shirt Capuche Heavy Blend\u2122"}]},{"@type":"WebSite","@id":"https:\/\/made4you.lu\/#website","url":"https:\/\/made4you.lu\/","name":"Made4you Publicit\u00e9","description":"\u00e0 Wasserbillig (LU) &amp; Konz (DE). Votre partenaire en mati\u00e8re de publicit\u00e9, d&#039;impression, de graphisme, d&#039;impression textile, de broderie, de cadeaux publicitaires, de webdesign, de fournitures pour les associations et bien plus encore.","potentialAction":[{"@type":"SearchAction","target":{"@type":"EntryPoint","urlTemplate":"https:\/\/made4you.lu\/?s={search_term_string}"},"query-input":"required name=search_term_string"}],"inLanguage":"fr-FR"}]}},"_links":{"self":[{"href":"https:\/\/made4you.lu\/fr\/wp-json\/wp\/v2\/product\/9829","targetHints":{"allow":["GET"]}}],"collection":[{"href":"https:\/\/made4you.lu\/fr\/wp-json\/wp\/v2\/product"}],"about":[{"href":"https:\/\/made4you.lu\/fr\/wp-json\/wp\/v2\/types\/product"}],"version-history":[{"count":1,"href":"https:\/\/made4you.lu\/fr\/wp-json\/wp\/v2\/product\/9829\/revisions"}],"predecessor-version":[{"id":10559,"href":"https:\/\/made4you.lu\/fr\/wp-json\/wp\/v2\/product\/9829\/revisions\/10559"}],"wp:featuredmedia":[{"embeddable":true,"href":"https:\/\/made4you.lu\/fr\/wp-json\/wp\/v2\/media\/9619"}],"wp:attachment":[{"href":"https:\/\/made4you.lu\/fr\/wp-json\/wp\/v2\/media?parent=9829"}],"wp:term":[{"taxonomy":"product_cat","embeddable":true,"href":"https:\/\/made4you.lu\/fr\/wp-json\/wp\/v2\/product_cat?post=9829"},{"taxonomy":"product_tag","embeddable":true,"href":"https:\/\/made4you.lu\/fr\/wp-json\/wp\/v2\/product_tag?post=9829"}],"curies":[{"name":"wp","href":"https:\/\/api.w.org\/{rel}","templated":true}]}}