{"id":9588,"date":"2022-03-01T14:41:01","date_gmt":"2022-03-01T14:41:01","guid":{"rendered":"https:\/\/made4you.lu\/produkt\/bc-cgwui24-id-203-hooded-sweatshirt\/"},"modified":"2022-03-01T15:28:56","modified_gmt":"2022-03-01T15:28:56","slug":"bc-cgwui24-id-203-sweatshirt-capuche","status":"publish","type":"product","link":"https:\/\/made4you.lu\/fr\/produit\/bc-cgwui24-id-203-sweatshirt-capuche\/","title":{"rendered":"B&#038;C CGWUI24 &#8211; ID.203 Sweatshirt capuche"},"content":{"rendered":"<p><a href=\"https:\/\/made4you.lu\/wp-content\/uploads\/2022\/02\/OEKOTEX_B_C.jpg\" data-rel=\"penci-gallery-image-content\" ><img decoding=\"async\" class=\"alignnone size-full wp-image-8948\" src=\"https:\/\/made4you.lu\/wp-content\/uploads\/2022\/02\/OEKOTEX_B_C.jpg\" alt=\"oekotex\" width=\"77\" height=\"40\" \/><\/a><\/p>\n<div>50% coton \/ 50% polyester. Molleton gratt\u00e9. Bord inf\u00e9rieur et poignets en c\u00f4te \u00e9lasthanne 1&#215;1. Double surpiq\u00fbres \u00e0 cheval au niveau des emmanchures. Poche kangourou. Capuche \u00e0 deux pans avec cordon ton sur ton en forme de tube. Manches mont\u00e9es. Coutures lat\u00e9rales. Mod\u00e8le unisexe. Syst\u00e8me \u00ab B&amp;C No Label \u00bb : sans \u00e9tiquette de marque pour un rebranding parfait. Certifi\u00e9 STANDARD 100 by OEKO-TEX\u00aeN\u00b0 1501003X, Centexbel.<\/div>\n","protected":false},"excerpt":{"rendered":"<div class=\"product-sales-pitch-wrapper\">\n<ul class=\"product-sales-pitch\">\n<li>Excellente tenue dans le temps.<\/li>\n<li>Doux et confortable \u00e0 porter.<\/li>\n<\/ul>\n<\/div>\n<div><strong>Ce produit peut \u00eatre affin\u00e9:<\/strong><\/div>\n<ul>\n<li>Transfert Flex<\/li>\n<li>S\u00e9rigraphie<\/li>\n<li>Broderie<\/li>\n<\/ul>\n<p>*Le prix du produit varie en fonction du tirage.<\/p>\n","protected":false},"featured_media":9524,"template":"","meta":[],"product_cat":[547,551,257],"product_tag":[],"class_list":["post-9588","product","type-product","status-publish","has-post-thumbnail","hentry","product_cat-hommes","product_cat-sweats-et-sweats-a-capuche-herren","product_cat-textiles","pa_geschlecht-herren-fr","pa_textilien-farben-anthracite-fr","pa_textilien-farben-heather-grey-fr","pa_textilien-farben-pumpkin-orange-fr","pa_textilien-farben-white-fr","pa_textilien-farben-black-fr","pa_textilien-farben-bottle-green-fr","pa_textilien-farben-brown-fr","pa_textilien-farben-burgundy-fr","pa_textilien-farben-gold-fr","pa_textilien-farben-navy-fr","pa_textilien-farben-red-fr","pa_textilien-farben-royal-blue-fr","pa_textilien-grammatur-270-g-m-fr","pa_textilien-groesse-xs-fr","pa_textilien-groesse-s-fr","pa_textilien-groesse-m-fr","pa_textilien-groesse-l-fr","pa_textilien-groesse-xl-fr","pa_textilien-groesse-xxl-fr","pa_textilien-groesse-3xl-fr","pa_textilien-groesse-4xl-fr","rtwpvg-product"],"yoast_head":"<!-- This site is optimized with the Yoast SEO plugin v20.13 - https:\/\/yoast.com\/wordpress\/plugins\/seo\/ -->\n<title>B&amp;C CGWUI24 - ID.203 Sweatshirt capuche - Made4you Publicit\u00e9<\/title>\n<meta name=\"robots\" content=\"index, follow, max-snippet:-1, max-image-preview:large, max-video-preview:-1\" \/>\n<link rel=\"canonical\" href=\"https:\/\/made4you.lu\/fr\/produit\/bc-cgwui24-id-203-sweatshirt-capuche\/\" \/>\n<meta property=\"og:locale\" content=\"fr_FR\" \/>\n<meta property=\"og:type\" content=\"article\" \/>\n<meta property=\"og:title\" content=\"B&amp;C CGWUI24 - ID.203 Sweatshirt capuche - Made4you Publicit\u00e9\" \/>\n<meta property=\"og:description\" content=\"Excellente tenue dans le temps.  Doux et confortable \u00e0 porter.   Ce produit peut \u00eatre affin\u00e9:   Transfert Flex  S\u00e9rigraphie  Broderie  *Le prix du produit varie en fonction du tirage.\" \/>\n<meta property=\"og:url\" content=\"https:\/\/made4you.lu\/fr\/produit\/bc-cgwui24-id-203-sweatshirt-capuche\/\" \/>\n<meta property=\"og:site_name\" content=\"Made4you Publicit\u00e9\" \/>\n<meta property=\"article:modified_time\" content=\"2022-03-01T15:28:56+00:00\" \/>\n<meta property=\"og:image\" content=\"https:\/\/made4you.lu\/wp-content\/uploads\/2022\/03\/CGWUI24_2018.jpg\" \/>\n\t<meta property=\"og:image:width\" content=\"714\" \/>\n\t<meta property=\"og:image:height\" content=\"1070\" \/>\n\t<meta property=\"og:image:type\" content=\"image\/jpeg\" \/>\n<meta name=\"twitter:card\" content=\"summary_large_image\" \/>\n<script type=\"application\/ld+json\" class=\"yoast-schema-graph\">{\"@context\":\"https:\/\/schema.org\",\"@graph\":[{\"@type\":\"WebPage\",\"@id\":\"https:\/\/made4you.lu\/fr\/produit\/bc-cgwui24-id-203-sweatshirt-capuche\/\",\"url\":\"https:\/\/made4you.lu\/fr\/produit\/bc-cgwui24-id-203-sweatshirt-capuche\/\",\"name\":\"B&C CGWUI24 - ID.203 Sweatshirt capuche - Made4you Publicit\u00e9\",\"isPartOf\":{\"@id\":\"https:\/\/made4you.lu\/#website\"},\"datePublished\":\"2022-03-01T14:41:01+00:00\",\"dateModified\":\"2022-03-01T15:28:56+00:00\",\"breadcrumb\":{\"@id\":\"https:\/\/made4you.lu\/fr\/produit\/bc-cgwui24-id-203-sweatshirt-capuche\/#breadcrumb\"},\"inLanguage\":\"fr-FR\",\"potentialAction\":[{\"@type\":\"ReadAction\",\"target\":[\"https:\/\/made4you.lu\/fr\/produit\/bc-cgwui24-id-203-sweatshirt-capuche\/\"]}]},{\"@type\":\"BreadcrumbList\",\"@id\":\"https:\/\/made4you.lu\/fr\/produit\/bc-cgwui24-id-203-sweatshirt-capuche\/#breadcrumb\",\"itemListElement\":[{\"@type\":\"ListItem\",\"position\":1,\"name\":\"Startseite\",\"item\":\"https:\/\/made4you.lu\/fr\/\"},{\"@type\":\"ListItem\",\"position\":2,\"name\":\"Unsere Preise\",\"item\":\"https:\/\/made4you.lu\/shop\/\"},{\"@type\":\"ListItem\",\"position\":3,\"name\":\"B&#038;C CGWUI24 &#8211; ID.203 Sweatshirt capuche\"}]},{\"@type\":\"WebSite\",\"@id\":\"https:\/\/made4you.lu\/#website\",\"url\":\"https:\/\/made4you.lu\/\",\"name\":\"Made4you Publicit\u00e9\",\"description\":\"\u00e0 Wasserbillig (LU) &amp; Konz (DE). Votre partenaire en mati\u00e8re de publicit\u00e9, d&#039;impression, de graphisme, d&#039;impression textile, de broderie, de cadeaux publicitaires, de webdesign, de fournitures pour les associations et bien plus encore.\",\"potentialAction\":[{\"@type\":\"SearchAction\",\"target\":{\"@type\":\"EntryPoint\",\"urlTemplate\":\"https:\/\/made4you.lu\/?s={search_term_string}\"},\"query-input\":\"required name=search_term_string\"}],\"inLanguage\":\"fr-FR\"}]}<\/script>\n<!-- \/ Yoast SEO plugin. -->","yoast_head_json":{"title":"B&C CGWUI24 - ID.203 Sweatshirt capuche - Made4you Publicit\u00e9","robots":{"index":"index","follow":"follow","max-snippet":"max-snippet:-1","max-image-preview":"max-image-preview:large","max-video-preview":"max-video-preview:-1"},"canonical":"https:\/\/made4you.lu\/fr\/produit\/bc-cgwui24-id-203-sweatshirt-capuche\/","og_locale":"fr_FR","og_type":"article","og_title":"B&C CGWUI24 - ID.203 Sweatshirt capuche - Made4you Publicit\u00e9","og_description":"Excellente tenue dans le temps.  Doux et confortable \u00e0 porter.   Ce produit peut \u00eatre affin\u00e9:   Transfert Flex  S\u00e9rigraphie  Broderie  *Le prix du produit varie en fonction du tirage.","og_url":"https:\/\/made4you.lu\/fr\/produit\/bc-cgwui24-id-203-sweatshirt-capuche\/","og_site_name":"Made4you Publicit\u00e9","article_modified_time":"2022-03-01T15:28:56+00:00","og_image":[{"width":714,"height":1070,"url":"https:\/\/made4you.lu\/wp-content\/uploads\/2022\/03\/CGWUI24_2018.jpg","type":"image\/jpeg"}],"twitter_card":"summary_large_image","schema":{"@context":"https:\/\/schema.org","@graph":[{"@type":"WebPage","@id":"https:\/\/made4you.lu\/fr\/produit\/bc-cgwui24-id-203-sweatshirt-capuche\/","url":"https:\/\/made4you.lu\/fr\/produit\/bc-cgwui24-id-203-sweatshirt-capuche\/","name":"B&C CGWUI24 - ID.203 Sweatshirt capuche - Made4you Publicit\u00e9","isPartOf":{"@id":"https:\/\/made4you.lu\/#website"},"datePublished":"2022-03-01T14:41:01+00:00","dateModified":"2022-03-01T15:28:56+00:00","breadcrumb":{"@id":"https:\/\/made4you.lu\/fr\/produit\/bc-cgwui24-id-203-sweatshirt-capuche\/#breadcrumb"},"inLanguage":"fr-FR","potentialAction":[{"@type":"ReadAction","target":["https:\/\/made4you.lu\/fr\/produit\/bc-cgwui24-id-203-sweatshirt-capuche\/"]}]},{"@type":"BreadcrumbList","@id":"https:\/\/made4you.lu\/fr\/produit\/bc-cgwui24-id-203-sweatshirt-capuche\/#breadcrumb","itemListElement":[{"@type":"ListItem","position":1,"name":"Startseite","item":"https:\/\/made4you.lu\/fr\/"},{"@type":"ListItem","position":2,"name":"Unsere Preise","item":"https:\/\/made4you.lu\/shop\/"},{"@type":"ListItem","position":3,"name":"B&#038;C CGWUI24 &#8211; ID.203 Sweatshirt capuche"}]},{"@type":"WebSite","@id":"https:\/\/made4you.lu\/#website","url":"https:\/\/made4you.lu\/","name":"Made4you Publicit\u00e9","description":"\u00e0 Wasserbillig (LU) &amp; Konz (DE). Votre partenaire en mati\u00e8re de publicit\u00e9, d&#039;impression, de graphisme, d&#039;impression textile, de broderie, de cadeaux publicitaires, de webdesign, de fournitures pour les associations et bien plus encore.","potentialAction":[{"@type":"SearchAction","target":{"@type":"EntryPoint","urlTemplate":"https:\/\/made4you.lu\/?s={search_term_string}"},"query-input":"required name=search_term_string"}],"inLanguage":"fr-FR"}]}},"_links":{"self":[{"href":"https:\/\/made4you.lu\/fr\/wp-json\/wp\/v2\/product\/9588","targetHints":{"allow":["GET"]}}],"collection":[{"href":"https:\/\/made4you.lu\/fr\/wp-json\/wp\/v2\/product"}],"about":[{"href":"https:\/\/made4you.lu\/fr\/wp-json\/wp\/v2\/types\/product"}],"version-history":[{"count":1,"href":"https:\/\/made4you.lu\/fr\/wp-json\/wp\/v2\/product\/9588\/revisions"}],"predecessor-version":[{"id":9602,"href":"https:\/\/made4you.lu\/fr\/wp-json\/wp\/v2\/product\/9588\/revisions\/9602"}],"wp:featuredmedia":[{"embeddable":true,"href":"https:\/\/made4you.lu\/fr\/wp-json\/wp\/v2\/media\/9524"}],"wp:attachment":[{"href":"https:\/\/made4you.lu\/fr\/wp-json\/wp\/v2\/media?parent=9588"}],"wp:term":[{"taxonomy":"product_cat","embeddable":true,"href":"https:\/\/made4you.lu\/fr\/wp-json\/wp\/v2\/product_cat?post=9588"},{"taxonomy":"product_tag","embeddable":true,"href":"https:\/\/made4you.lu\/fr\/wp-json\/wp\/v2\/product_tag?post=9588"}],"curies":[{"name":"wp","href":"https:\/\/api.w.org\/{rel}","templated":true}]}}