{"id":8996,"date":"2022-03-01T08:02:18","date_gmt":"2022-03-01T08:02:22","guid":{"rendered":"https:\/\/made4you.lu\/?post_type=product&#038;p=8996"},"modified":"2022-03-01T08:14:11","modified_gmt":"2022-03-01T08:14:11","slug":"bc-e190-t-shirt-femme","status":"publish","type":"product","link":"https:\/\/made4you.lu\/fr\/produit\/bc-e190-t-shirt-femme\/","title":{"rendered":"B&amp;C &#8211; #E190 T-shirt femme"},"content":{"rendered":"<p><a href=\"https:\/\/made4you.lu\/wp-content\/uploads\/2022\/02\/OEKOTEX_B_C.jpg\" data-rel=\"penci-gallery-image-content\" ><img decoding=\"async\" class=\"alignnone size-full wp-image-8948\" src=\"https:\/\/made4you.lu\/wp-content\/uploads\/2022\/02\/OEKOTEX_B_C.jpg\" alt=\"oekotex\" width=\"77\" height=\"40\" \/><\/a><\/p>\n<div>\n<div>100% coton pr\u00e9-r\u00e9tr\u00e9ci \u00e0 fil de cha\u00eene continu ring-spun ( sauf coloris Ash\u00a0: 99% coton pr\u00e9-r\u00e9tr\u00e9ci \u00e0 fil de cha\u00eene continu \/ 1% viscose et Sport Grey\u00a0: 85% coton pr\u00e9-r\u00e9tr\u00e9ci \u00e0 fil de cha\u00eene continu \/ 15% viscose). Fines finitions en bord-c\u00f4te pour un look moderne. Coutures lat\u00e9rales. Longueur de corps confortable. Coupe classique contemporaine. \u00c9tiquette satin\u00e9e. Certifi\u00e9 Oeko-Tex 100. #tshirtbasique #tendance #ringspun Certifi\u00e9 STANDARD 100 by OEKO-TEX\u00aeN\u00b0 1501003X, Centexbel.<\/div>\n<\/div>\n","protected":false},"excerpt":{"rendered":"<div class=\"product-sales-pitch-wrapper\">\n<div class=\"product-sales-pitch-wrapper\">\n<ul class=\"product-sales-pitch\">\n<li>Surface lisse id\u00e9ale pour l&rsquo;impression.<\/li>\n<li>Toucher doux et agr\u00e9able \u00e0 porter.<\/li>\n<\/ul>\n<\/div>\n<\/div>\n<div><\/div>\n<div><strong>Ce produit peut \u00eatre affin\u00e9 :<\/strong><\/div>\n<ul>\n<li>Transfert Flex<\/li>\n<li>S\u00e9rigraphie<\/li>\n<li>Broderie<\/li>\n<\/ul>\n<p><em>*Le prix du produit varie en fonction du tirage.<\/em><\/p>\n","protected":false},"featured_media":9040,"template":"","meta":[],"product_cat":[541,546,257],"product_tag":[],"class_list":["post-8996","product","type-product","status-publish","has-post-thumbnail","hentry","product_cat-femmes","product_cat-t-shirts-fr-3-damen","product_cat-textiles","pa_geschlecht-damen-fr","pa_textilien-farben-white-fr","pa_textilien-farben-black-fr","pa_textilien-farben-apricot-fr","pa_textilien-farben-ash-fr","pa_textilien-farben-atoll-fr","pa_textilien-farben-bottle-green-fr","pa_textilien-farben-brown-fr","pa_textilien-farben-burgundy-fr","pa_textilien-farben-chocolate-fr","pa_textilien-farben-cobalt-blue-fr","pa_textilien-farben-dark-grey-fr","pa_textilien-farben-diva-blue-fr","pa_textilien-farben-fire-red-fr","pa_textilien-farben-gold-fr","pa_textilien-farben-kelly-green-fr","pa_textilien-farben-millennial-lilac-fr","pa_textilien-farben-millennial-mint-fr","pa_textilien-farben-natural-fr","pa_textilien-farben-navy-fr","pa_textilien-farben-navy-blue-fr","pa_textilien-farben-orange-fr","pa_textilien-farben-orchid-green-fr","pa_textilien-farben-orchid-pink-fr","pa_textilien-farben-pacific-grey-fr","pa_textilien-farben-pixel-lime-fr","pa_textilien-farben-radiant-purple-fr","pa_textilien-farben-red-fr","pa_textilien-farben-royal-blue-fr","pa_textilien-farben-sand-fr","pa_textilien-farben-sky-blue-fr","pa_textilien-farben-solar-yellow-fr","pa_textilien-farben-sorbet-fr","pa_textilien-farben-sport-grey-fr","pa_textilien-farben-stone-blue-fr","pa_textilien-farben-sunset-orange-fr","pa_textilien-farben-swimming-pool-fr","pa_textilien-farben-urban-khaki-fr","pa_textilien-farben-urban-orange-fr","pa_textilien-farben-urban-purple-fr","pa_textilien-farben-used-black-fr","pa_textilien-grammatur-190g-fr","pa_textilien-groesse-xs-fr","pa_textilien-groesse-s-fr","pa_textilien-groesse-m-fr","pa_textilien-groesse-l-fr","pa_textilien-groesse-xl-fr","pa_textilien-groesse-xxl-fr","pa_textilien-groesse-3xl-fr","rtwpvg-product"],"yoast_head":"<!-- This site is optimized with the Yoast SEO plugin v20.13 - https:\/\/yoast.com\/wordpress\/plugins\/seo\/ -->\n<title>B&amp;C - #E190 T-shirt femme - Made4you Publicit\u00e9<\/title>\n<meta name=\"robots\" content=\"index, follow, max-snippet:-1, max-image-preview:large, max-video-preview:-1\" \/>\n<link rel=\"canonical\" href=\"https:\/\/made4you.lu\/fr\/produit\/bc-e190-t-shirt-femme\/\" \/>\n<meta property=\"og:locale\" content=\"fr_FR\" \/>\n<meta property=\"og:type\" content=\"article\" \/>\n<meta property=\"og:title\" content=\"B&amp;C - #E190 T-shirt femme - Made4you Publicit\u00e9\" \/>\n<meta property=\"og:description\" content=\"Surface lisse id\u00e9ale pour l&#039;impression.  Toucher doux et agr\u00e9able \u00e0 porter.     Ce produit peut \u00eatre affin\u00e9 :   Transfert Flex  S\u00e9rigraphie  Broderie  *Le prix du produit varie en fonction du tirage.\" \/>\n<meta property=\"og:url\" content=\"https:\/\/made4you.lu\/fr\/produit\/bc-e190-t-shirt-femme\/\" \/>\n<meta property=\"og:site_name\" content=\"Made4you Publicit\u00e9\" \/>\n<meta property=\"article:modified_time\" content=\"2022-03-01T08:14:11+00:00\" \/>\n<meta property=\"og:image\" content=\"https:\/\/made4you.lu\/wp-content\/uploads\/2022\/03\/CGTW04T-2_2020.jpg\" \/>\n\t<meta property=\"og:image:width\" content=\"714\" \/>\n\t<meta property=\"og:image:height\" content=\"1070\" \/>\n\t<meta property=\"og:image:type\" content=\"image\/jpeg\" \/>\n<meta name=\"twitter:card\" content=\"summary_large_image\" \/>\n<meta name=\"twitter:label1\" content=\"Dur\u00e9e de lecture estim\u00e9e\" \/>\n\t<meta name=\"twitter:data1\" content=\"1 minute\" \/>\n<script type=\"application\/ld+json\" class=\"yoast-schema-graph\">{\"@context\":\"https:\/\/schema.org\",\"@graph\":[{\"@type\":\"WebPage\",\"@id\":\"https:\/\/made4you.lu\/fr\/produit\/bc-e190-t-shirt-femme\/\",\"url\":\"https:\/\/made4you.lu\/fr\/produit\/bc-e190-t-shirt-femme\/\",\"name\":\"B&amp;C - #E190 T-shirt femme - Made4you Publicit\u00e9\",\"isPartOf\":{\"@id\":\"https:\/\/made4you.lu\/#website\"},\"datePublished\":\"2022-03-01T08:02:22+00:00\",\"dateModified\":\"2022-03-01T08:14:11+00:00\",\"breadcrumb\":{\"@id\":\"https:\/\/made4you.lu\/fr\/produit\/bc-e190-t-shirt-femme\/#breadcrumb\"},\"inLanguage\":\"fr-FR\",\"potentialAction\":[{\"@type\":\"ReadAction\",\"target\":[\"https:\/\/made4you.lu\/fr\/produit\/bc-e190-t-shirt-femme\/\"]}]},{\"@type\":\"BreadcrumbList\",\"@id\":\"https:\/\/made4you.lu\/fr\/produit\/bc-e190-t-shirt-femme\/#breadcrumb\",\"itemListElement\":[{\"@type\":\"ListItem\",\"position\":1,\"name\":\"Startseite\",\"item\":\"https:\/\/made4you.lu\/fr\/\"},{\"@type\":\"ListItem\",\"position\":2,\"name\":\"Unsere Preise\",\"item\":\"https:\/\/made4you.lu\/shop\/\"},{\"@type\":\"ListItem\",\"position\":3,\"name\":\"B&amp;C &#8211; #E190 T-shirt femme\"}]},{\"@type\":\"WebSite\",\"@id\":\"https:\/\/made4you.lu\/#website\",\"url\":\"https:\/\/made4you.lu\/\",\"name\":\"Made4you Publicit\u00e9\",\"description\":\"\u00e0 Wasserbillig (LU) &amp; Konz (DE). Votre partenaire en mati\u00e8re de publicit\u00e9, d&#039;impression, de graphisme, d&#039;impression textile, de broderie, de cadeaux publicitaires, de webdesign, de fournitures pour les associations et bien plus encore.\",\"potentialAction\":[{\"@type\":\"SearchAction\",\"target\":{\"@type\":\"EntryPoint\",\"urlTemplate\":\"https:\/\/made4you.lu\/?s={search_term_string}\"},\"query-input\":\"required name=search_term_string\"}],\"inLanguage\":\"fr-FR\"}]}<\/script>\n<!-- \/ Yoast SEO plugin. -->","yoast_head_json":{"title":"B&amp;C - #E190 T-shirt femme - Made4you Publicit\u00e9","robots":{"index":"index","follow":"follow","max-snippet":"max-snippet:-1","max-image-preview":"max-image-preview:large","max-video-preview":"max-video-preview:-1"},"canonical":"https:\/\/made4you.lu\/fr\/produit\/bc-e190-t-shirt-femme\/","og_locale":"fr_FR","og_type":"article","og_title":"B&amp;C - #E190 T-shirt femme - Made4you Publicit\u00e9","og_description":"Surface lisse id\u00e9ale pour l'impression.  Toucher doux et agr\u00e9able \u00e0 porter.     Ce produit peut \u00eatre affin\u00e9 :   Transfert Flex  S\u00e9rigraphie  Broderie  *Le prix du produit varie en fonction du tirage.","og_url":"https:\/\/made4you.lu\/fr\/produit\/bc-e190-t-shirt-femme\/","og_site_name":"Made4you Publicit\u00e9","article_modified_time":"2022-03-01T08:14:11+00:00","og_image":[{"width":714,"height":1070,"url":"https:\/\/made4you.lu\/wp-content\/uploads\/2022\/03\/CGTW04T-2_2020.jpg","type":"image\/jpeg"}],"twitter_card":"summary_large_image","twitter_misc":{"Dur\u00e9e de lecture estim\u00e9e":"1 minute"},"schema":{"@context":"https:\/\/schema.org","@graph":[{"@type":"WebPage","@id":"https:\/\/made4you.lu\/fr\/produit\/bc-e190-t-shirt-femme\/","url":"https:\/\/made4you.lu\/fr\/produit\/bc-e190-t-shirt-femme\/","name":"B&amp;C - #E190 T-shirt femme - Made4you Publicit\u00e9","isPartOf":{"@id":"https:\/\/made4you.lu\/#website"},"datePublished":"2022-03-01T08:02:22+00:00","dateModified":"2022-03-01T08:14:11+00:00","breadcrumb":{"@id":"https:\/\/made4you.lu\/fr\/produit\/bc-e190-t-shirt-femme\/#breadcrumb"},"inLanguage":"fr-FR","potentialAction":[{"@type":"ReadAction","target":["https:\/\/made4you.lu\/fr\/produit\/bc-e190-t-shirt-femme\/"]}]},{"@type":"BreadcrumbList","@id":"https:\/\/made4you.lu\/fr\/produit\/bc-e190-t-shirt-femme\/#breadcrumb","itemListElement":[{"@type":"ListItem","position":1,"name":"Startseite","item":"https:\/\/made4you.lu\/fr\/"},{"@type":"ListItem","position":2,"name":"Unsere Preise","item":"https:\/\/made4you.lu\/shop\/"},{"@type":"ListItem","position":3,"name":"B&amp;C &#8211; #E190 T-shirt femme"}]},{"@type":"WebSite","@id":"https:\/\/made4you.lu\/#website","url":"https:\/\/made4you.lu\/","name":"Made4you Publicit\u00e9","description":"\u00e0 Wasserbillig (LU) &amp; Konz (DE). Votre partenaire en mati\u00e8re de publicit\u00e9, d&#039;impression, de graphisme, d&#039;impression textile, de broderie, de cadeaux publicitaires, de webdesign, de fournitures pour les associations et bien plus encore.","potentialAction":[{"@type":"SearchAction","target":{"@type":"EntryPoint","urlTemplate":"https:\/\/made4you.lu\/?s={search_term_string}"},"query-input":"required name=search_term_string"}],"inLanguage":"fr-FR"}]}},"_links":{"self":[{"href":"https:\/\/made4you.lu\/fr\/wp-json\/wp\/v2\/product\/8996","targetHints":{"allow":["GET"]}}],"collection":[{"href":"https:\/\/made4you.lu\/fr\/wp-json\/wp\/v2\/product"}],"about":[{"href":"https:\/\/made4you.lu\/fr\/wp-json\/wp\/v2\/types\/product"}],"version-history":[{"count":1,"href":"https:\/\/made4you.lu\/fr\/wp-json\/wp\/v2\/product\/8996\/revisions"}],"predecessor-version":[{"id":9082,"href":"https:\/\/made4you.lu\/fr\/wp-json\/wp\/v2\/product\/8996\/revisions\/9082"}],"wp:featuredmedia":[{"embeddable":true,"href":"https:\/\/made4you.lu\/fr\/wp-json\/wp\/v2\/media\/9040"}],"wp:attachment":[{"href":"https:\/\/made4you.lu\/fr\/wp-json\/wp\/v2\/media?parent=8996"}],"wp:term":[{"taxonomy":"product_cat","embeddable":true,"href":"https:\/\/made4you.lu\/fr\/wp-json\/wp\/v2\/product_cat?post=8996"},{"taxonomy":"product_tag","embeddable":true,"href":"https:\/\/made4you.lu\/fr\/wp-json\/wp\/v2\/product_tag?post=8996"}],"curies":[{"name":"wp","href":"https:\/\/api.w.org\/{rel}","templated":true}]}}