{"id":10747,"date":"2022-03-31T14:33:35","date_gmt":"2022-03-31T14:33:40","guid":{"rendered":"https:\/\/made4you.lu\/?post_type=product&#038;p=10747"},"modified":"2022-08-02T15:30:50","modified_gmt":"2022-08-02T15:30:50","slug":"bc-cgwui25-sweatshirt-capuche-zippe","status":"publish","type":"product","link":"https:\/\/made4you.lu\/fr\/produit\/bc-cgwui25-sweatshirt-capuche-zippe\/","title":{"rendered":"B&#038;C CGWUI25 &#8211; Sweatshirt capuche zipp\u00e9"},"content":{"rendered":"<div><a href=\"https:\/\/made4you.lu\/wp-content\/uploads\/2022\/03\/NO_LABEL.jpg\" data-rel=\"penci-gallery-image-content\" ><img decoding=\"async\" class=\"alignnone size-full wp-image-11236\" src=\"https:\/\/made4you.lu\/wp-content\/uploads\/2022\/03\/NO_LABEL.jpg\" alt=\"\" width=\"60\" height=\"60\" \/><\/a>50% coton \/ 50% polyester. Molleton interieur gratt\u00e9 pr\u00e9-r\u00e9treci. Fil \u00ab\u00a0Air-Jet\u00a0\u00bb pour une surface plus douce et anti-boulochage. Manches droites. Capuche doubl\u00e9e et cordons assortis. Coupe classique. Certifi\u00e9 STANDARD 100 by OEKO-TEX\u00aeN\u00b0 68255, OeTI.<\/div>\n","protected":false},"excerpt":{"rendered":"<ul class=\"product-sales-pitch\">\n<li>Excellente tenue dans le temps.<\/li>\n<li>Doux et confortable \u00e0 porter.<\/li>\n<\/ul>\n","protected":false},"featured_media":11241,"template":"","meta":[],"product_cat":[547,815],"product_tag":[],"class_list":["post-10747","product","type-product","status-publish","has-post-thumbnail","hentry","product_cat-hommes","product_cat-zip-hoodies","pa_geschlecht-herren-fr","pa_textilien-farben-anthracite-fr","pa_textilien-farben-heather-grey","pa_textilien-farben-black-fr","pa_textilien-farben-navy-fr","pa_textilien-farben-red-fr","pa_textilien-grammatur-270-g-m","pa_textilien-groesse-xs","pa_textilien-groesse-s-fr","pa_textilien-groesse-m-fr","pa_textilien-groesse-l-fr","pa_textilien-groesse-xl-fr","pa_textilien-groesse-xxl-fr","rtwpvg-product"],"yoast_head":"<!-- This site is optimized with the Yoast SEO plugin v20.13 - https:\/\/yoast.com\/wordpress\/plugins\/seo\/ -->\n<title>B&amp;C CGWUI25 - Sweatshirt capuche zipp\u00e9 - Made4you Publicit\u00e9<\/title>\n<meta name=\"robots\" content=\"index, follow, max-snippet:-1, max-image-preview:large, max-video-preview:-1\" \/>\n<link rel=\"canonical\" href=\"https:\/\/made4you.lu\/fr\/produit\/bc-cgwui25-sweatshirt-capuche-zippe\/\" \/>\n<meta property=\"og:locale\" content=\"fr_FR\" \/>\n<meta property=\"og:type\" content=\"article\" \/>\n<meta property=\"og:title\" content=\"B&amp;C CGWUI25 - Sweatshirt capuche zipp\u00e9 - Made4you Publicit\u00e9\" \/>\n<meta property=\"og:description\" content=\"Excellente tenue dans le temps.  Doux et confortable \u00e0 porter.\" \/>\n<meta property=\"og:url\" content=\"https:\/\/made4you.lu\/fr\/produit\/bc-cgwui25-sweatshirt-capuche-zippe\/\" \/>\n<meta property=\"og:site_name\" content=\"Made4you Publicit\u00e9\" \/>\n<meta property=\"article:modified_time\" content=\"2022-08-02T15:30:50+00:00\" \/>\n<meta property=\"og:image\" content=\"https:\/\/made4you.lu\/wp-content\/uploads\/2022\/03\/CGWUI25_2021.jpg\" \/>\n\t<meta property=\"og:image:width\" content=\"714\" \/>\n\t<meta property=\"og:image:height\" content=\"1070\" \/>\n\t<meta property=\"og:image:type\" content=\"image\/jpeg\" \/>\n<meta name=\"twitter:card\" content=\"summary_large_image\" \/>\n<meta name=\"twitter:label1\" content=\"Dur\u00e9e de lecture estim\u00e9e\" \/>\n\t<meta name=\"twitter:data1\" content=\"1 minute\" \/>\n<script type=\"application\/ld+json\" class=\"yoast-schema-graph\">{\"@context\":\"https:\/\/schema.org\",\"@graph\":[{\"@type\":\"WebPage\",\"@id\":\"https:\/\/made4you.lu\/fr\/produit\/bc-cgwui25-sweatshirt-capuche-zippe\/\",\"url\":\"https:\/\/made4you.lu\/fr\/produit\/bc-cgwui25-sweatshirt-capuche-zippe\/\",\"name\":\"B&C CGWUI25 - Sweatshirt capuche zipp\u00e9 - Made4you Publicit\u00e9\",\"isPartOf\":{\"@id\":\"https:\/\/made4you.lu\/#website\"},\"datePublished\":\"2022-03-31T14:33:40+00:00\",\"dateModified\":\"2022-08-02T15:30:50+00:00\",\"breadcrumb\":{\"@id\":\"https:\/\/made4you.lu\/fr\/produit\/bc-cgwui25-sweatshirt-capuche-zippe\/#breadcrumb\"},\"inLanguage\":\"fr-FR\",\"potentialAction\":[{\"@type\":\"ReadAction\",\"target\":[\"https:\/\/made4you.lu\/fr\/produit\/bc-cgwui25-sweatshirt-capuche-zippe\/\"]}]},{\"@type\":\"BreadcrumbList\",\"@id\":\"https:\/\/made4you.lu\/fr\/produit\/bc-cgwui25-sweatshirt-capuche-zippe\/#breadcrumb\",\"itemListElement\":[{\"@type\":\"ListItem\",\"position\":1,\"name\":\"Startseite\",\"item\":\"https:\/\/made4you.lu\/fr\/\"},{\"@type\":\"ListItem\",\"position\":2,\"name\":\"Unsere Preise\",\"item\":\"https:\/\/made4you.lu\/shop\/\"},{\"@type\":\"ListItem\",\"position\":3,\"name\":\"B&#038;C CGWUI25 &#8211; Sweatshirt capuche zipp\u00e9\"}]},{\"@type\":\"WebSite\",\"@id\":\"https:\/\/made4you.lu\/#website\",\"url\":\"https:\/\/made4you.lu\/\",\"name\":\"Made4you Publicit\u00e9\",\"description\":\"\u00e0 Wasserbillig (LU) &amp; Konz (DE). Votre partenaire en mati\u00e8re de publicit\u00e9, d&#039;impression, de graphisme, d&#039;impression textile, de broderie, de cadeaux publicitaires, de webdesign, de fournitures pour les associations et bien plus encore.\",\"potentialAction\":[{\"@type\":\"SearchAction\",\"target\":{\"@type\":\"EntryPoint\",\"urlTemplate\":\"https:\/\/made4you.lu\/?s={search_term_string}\"},\"query-input\":\"required name=search_term_string\"}],\"inLanguage\":\"fr-FR\"}]}<\/script>\n<!-- \/ Yoast SEO plugin. -->","yoast_head_json":{"title":"B&C CGWUI25 - Sweatshirt capuche zipp\u00e9 - Made4you Publicit\u00e9","robots":{"index":"index","follow":"follow","max-snippet":"max-snippet:-1","max-image-preview":"max-image-preview:large","max-video-preview":"max-video-preview:-1"},"canonical":"https:\/\/made4you.lu\/fr\/produit\/bc-cgwui25-sweatshirt-capuche-zippe\/","og_locale":"fr_FR","og_type":"article","og_title":"B&C CGWUI25 - Sweatshirt capuche zipp\u00e9 - Made4you Publicit\u00e9","og_description":"Excellente tenue dans le temps.  Doux et confortable \u00e0 porter.","og_url":"https:\/\/made4you.lu\/fr\/produit\/bc-cgwui25-sweatshirt-capuche-zippe\/","og_site_name":"Made4you Publicit\u00e9","article_modified_time":"2022-08-02T15:30:50+00:00","og_image":[{"width":714,"height":1070,"url":"https:\/\/made4you.lu\/wp-content\/uploads\/2022\/03\/CGWUI25_2021.jpg","type":"image\/jpeg"}],"twitter_card":"summary_large_image","twitter_misc":{"Dur\u00e9e de lecture estim\u00e9e":"1 minute"},"schema":{"@context":"https:\/\/schema.org","@graph":[{"@type":"WebPage","@id":"https:\/\/made4you.lu\/fr\/produit\/bc-cgwui25-sweatshirt-capuche-zippe\/","url":"https:\/\/made4you.lu\/fr\/produit\/bc-cgwui25-sweatshirt-capuche-zippe\/","name":"B&C CGWUI25 - Sweatshirt capuche zipp\u00e9 - Made4you Publicit\u00e9","isPartOf":{"@id":"https:\/\/made4you.lu\/#website"},"datePublished":"2022-03-31T14:33:40+00:00","dateModified":"2022-08-02T15:30:50+00:00","breadcrumb":{"@id":"https:\/\/made4you.lu\/fr\/produit\/bc-cgwui25-sweatshirt-capuche-zippe\/#breadcrumb"},"inLanguage":"fr-FR","potentialAction":[{"@type":"ReadAction","target":["https:\/\/made4you.lu\/fr\/produit\/bc-cgwui25-sweatshirt-capuche-zippe\/"]}]},{"@type":"BreadcrumbList","@id":"https:\/\/made4you.lu\/fr\/produit\/bc-cgwui25-sweatshirt-capuche-zippe\/#breadcrumb","itemListElement":[{"@type":"ListItem","position":1,"name":"Startseite","item":"https:\/\/made4you.lu\/fr\/"},{"@type":"ListItem","position":2,"name":"Unsere Preise","item":"https:\/\/made4you.lu\/shop\/"},{"@type":"ListItem","position":3,"name":"B&#038;C CGWUI25 &#8211; Sweatshirt capuche zipp\u00e9"}]},{"@type":"WebSite","@id":"https:\/\/made4you.lu\/#website","url":"https:\/\/made4you.lu\/","name":"Made4you Publicit\u00e9","description":"\u00e0 Wasserbillig (LU) &amp; Konz (DE). Votre partenaire en mati\u00e8re de publicit\u00e9, d&#039;impression, de graphisme, d&#039;impression textile, de broderie, de cadeaux publicitaires, de webdesign, de fournitures pour les associations et bien plus encore.","potentialAction":[{"@type":"SearchAction","target":{"@type":"EntryPoint","urlTemplate":"https:\/\/made4you.lu\/?s={search_term_string}"},"query-input":"required name=search_term_string"}],"inLanguage":"fr-FR"}]}},"_links":{"self":[{"href":"https:\/\/made4you.lu\/fr\/wp-json\/wp\/v2\/product\/10747","targetHints":{"allow":["GET"]}}],"collection":[{"href":"https:\/\/made4you.lu\/fr\/wp-json\/wp\/v2\/product"}],"about":[{"href":"https:\/\/made4you.lu\/fr\/wp-json\/wp\/v2\/types\/product"}],"version-history":[{"count":1,"href":"https:\/\/made4you.lu\/fr\/wp-json\/wp\/v2\/product\/10747\/revisions"}],"predecessor-version":[{"id":11304,"href":"https:\/\/made4you.lu\/fr\/wp-json\/wp\/v2\/product\/10747\/revisions\/11304"}],"wp:featuredmedia":[{"embeddable":true,"href":"https:\/\/made4you.lu\/fr\/wp-json\/wp\/v2\/media\/11241"}],"wp:attachment":[{"href":"https:\/\/made4you.lu\/fr\/wp-json\/wp\/v2\/media?parent=10747"}],"wp:term":[{"taxonomy":"product_cat","embeddable":true,"href":"https:\/\/made4you.lu\/fr\/wp-json\/wp\/v2\/product_cat?post=10747"},{"taxonomy":"product_tag","embeddable":true,"href":"https:\/\/made4you.lu\/fr\/wp-json\/wp\/v2\/product_tag?post=10747"}],"curies":[{"name":"wp","href":"https:\/\/api.w.org\/{rel}","templated":true}]}}