{"id":10682,"date":"2021-10-21T10:04:11","date_gmt":"2021-10-21T10:04:11","guid":{"rendered":"https:\/\/made4you.lu\/produkt\/faire-concevoir-une-carte-de-visite\/"},"modified":"2021-10-21T10:04:11","modified_gmt":"2021-10-21T10:04:11","slug":"faire-concevoir-une-carte-de-visite","status":"publish","type":"product","link":"https:\/\/made4you.lu\/fr\/produit\/faire-concevoir-une-carte-de-visite\/","title":{"rendered":"Faire concevoir une carte de visite"},"content":{"rendered":"","protected":false},"excerpt":{"rendered":"<p>Nous cr\u00e9ons votre carte de visite \u00e0 un prix fixe.<br \/>\nEnvoyez-nous vos id\u00e9es et vos souhaits. Nous prenons contact avec vous et discutons de tout le reste avec vous.<br \/>\nNous r\u00e9alisons ensuite le premier projet.<\/p>\n","protected":false},"featured_media":8721,"template":"","meta":[],"product_cat":[262],"product_tag":[],"class_list":["post-10682","product","type-product","status-publish","has-post-thumbnail","hentry","product_cat-studio-graphique","pa_groesse-85-x-55-mm-fr","pa_groesse-90-x-50-mm-fr","pa_seiten-1-seitig-fr","pa_seiten-2-seitig-fr","pa_seiten-4-seitig-klappvisitenkarte-fr","rtwpvg-product"],"yoast_head":"<!-- This site is optimized with the Yoast SEO plugin v20.13 - https:\/\/yoast.com\/wordpress\/plugins\/seo\/ -->\n<title>Faire concevoir une carte de visite - Made4you Publicit\u00e9<\/title>\n<meta name=\"robots\" content=\"index, follow, max-snippet:-1, max-image-preview:large, max-video-preview:-1\" \/>\n<link rel=\"canonical\" href=\"https:\/\/made4you.lu\/fr\/produit\/faire-concevoir-une-carte-de-visite\/\" \/>\n<meta property=\"og:locale\" content=\"fr_FR\" \/>\n<meta property=\"og:type\" content=\"article\" \/>\n<meta property=\"og:title\" content=\"Faire concevoir une carte de visite - Made4you Publicit\u00e9\" \/>\n<meta property=\"og:description\" content=\"Nous cr\u00e9ons votre carte de visite \u00e0 un prix fixe. Envoyez-nous vos id\u00e9es et vos souhaits. Nous prenons contact avec vous et discutons de tout le reste avec vous. Nous r\u00e9alisons ensuite le premier projet.\" \/>\n<meta property=\"og:url\" content=\"https:\/\/made4you.lu\/fr\/produit\/faire-concevoir-une-carte-de-visite\/\" \/>\n<meta property=\"og:site_name\" content=\"Made4you Publicit\u00e9\" \/>\n<meta property=\"og:image\" content=\"https:\/\/made4you.lu\/wp-content\/uploads\/2021\/10\/Visitenkarten-Gestaltung.png\" \/>\n\t<meta property=\"og:image:width\" content=\"500\" \/>\n\t<meta property=\"og:image:height\" content=\"360\" \/>\n\t<meta property=\"og:image:type\" content=\"image\/png\" \/>\n<meta name=\"twitter:card\" content=\"summary_large_image\" \/>\n<script type=\"application\/ld+json\" class=\"yoast-schema-graph\">{\"@context\":\"https:\/\/schema.org\",\"@graph\":[{\"@type\":\"WebPage\",\"@id\":\"https:\/\/made4you.lu\/fr\/produit\/faire-concevoir-une-carte-de-visite\/\",\"url\":\"https:\/\/made4you.lu\/fr\/produit\/faire-concevoir-une-carte-de-visite\/\",\"name\":\"Faire concevoir une carte de visite - Made4you Publicit\u00e9\",\"isPartOf\":{\"@id\":\"https:\/\/made4you.lu\/#website\"},\"datePublished\":\"2021-10-21T10:04:11+00:00\",\"dateModified\":\"2021-10-21T10:04:11+00:00\",\"breadcrumb\":{\"@id\":\"https:\/\/made4you.lu\/fr\/produit\/faire-concevoir-une-carte-de-visite\/#breadcrumb\"},\"inLanguage\":\"fr-FR\",\"potentialAction\":[{\"@type\":\"ReadAction\",\"target\":[\"https:\/\/made4you.lu\/fr\/produit\/faire-concevoir-une-carte-de-visite\/\"]}]},{\"@type\":\"BreadcrumbList\",\"@id\":\"https:\/\/made4you.lu\/fr\/produit\/faire-concevoir-une-carte-de-visite\/#breadcrumb\",\"itemListElement\":[{\"@type\":\"ListItem\",\"position\":1,\"name\":\"Startseite\",\"item\":\"https:\/\/made4you.lu\/fr\/\"},{\"@type\":\"ListItem\",\"position\":2,\"name\":\"Unsere Preise\",\"item\":\"https:\/\/made4you.lu\/shop\/\"},{\"@type\":\"ListItem\",\"position\":3,\"name\":\"Faire concevoir une carte de visite\"}]},{\"@type\":\"WebSite\",\"@id\":\"https:\/\/made4you.lu\/#website\",\"url\":\"https:\/\/made4you.lu\/\",\"name\":\"Made4you Publicit\u00e9\",\"description\":\"\u00e0 Wasserbillig (LU) &amp; Konz (DE). Votre partenaire en mati\u00e8re de publicit\u00e9, d&#039;impression, de graphisme, d&#039;impression textile, de broderie, de cadeaux publicitaires, de webdesign, de fournitures pour les associations et bien plus encore.\",\"potentialAction\":[{\"@type\":\"SearchAction\",\"target\":{\"@type\":\"EntryPoint\",\"urlTemplate\":\"https:\/\/made4you.lu\/?s={search_term_string}\"},\"query-input\":\"required name=search_term_string\"}],\"inLanguage\":\"fr-FR\"}]}<\/script>\n<!-- \/ Yoast SEO plugin. -->","yoast_head_json":{"title":"Faire concevoir une carte de visite - Made4you Publicit\u00e9","robots":{"index":"index","follow":"follow","max-snippet":"max-snippet:-1","max-image-preview":"max-image-preview:large","max-video-preview":"max-video-preview:-1"},"canonical":"https:\/\/made4you.lu\/fr\/produit\/faire-concevoir-une-carte-de-visite\/","og_locale":"fr_FR","og_type":"article","og_title":"Faire concevoir une carte de visite - Made4you Publicit\u00e9","og_description":"Nous cr\u00e9ons votre carte de visite \u00e0 un prix fixe. Envoyez-nous vos id\u00e9es et vos souhaits. Nous prenons contact avec vous et discutons de tout le reste avec vous. Nous r\u00e9alisons ensuite le premier projet.","og_url":"https:\/\/made4you.lu\/fr\/produit\/faire-concevoir-une-carte-de-visite\/","og_site_name":"Made4you Publicit\u00e9","og_image":[{"width":500,"height":360,"url":"https:\/\/made4you.lu\/wp-content\/uploads\/2021\/10\/Visitenkarten-Gestaltung.png","type":"image\/png"}],"twitter_card":"summary_large_image","schema":{"@context":"https:\/\/schema.org","@graph":[{"@type":"WebPage","@id":"https:\/\/made4you.lu\/fr\/produit\/faire-concevoir-une-carte-de-visite\/","url":"https:\/\/made4you.lu\/fr\/produit\/faire-concevoir-une-carte-de-visite\/","name":"Faire concevoir une carte de visite - Made4you Publicit\u00e9","isPartOf":{"@id":"https:\/\/made4you.lu\/#website"},"datePublished":"2021-10-21T10:04:11+00:00","dateModified":"2021-10-21T10:04:11+00:00","breadcrumb":{"@id":"https:\/\/made4you.lu\/fr\/produit\/faire-concevoir-une-carte-de-visite\/#breadcrumb"},"inLanguage":"fr-FR","potentialAction":[{"@type":"ReadAction","target":["https:\/\/made4you.lu\/fr\/produit\/faire-concevoir-une-carte-de-visite\/"]}]},{"@type":"BreadcrumbList","@id":"https:\/\/made4you.lu\/fr\/produit\/faire-concevoir-une-carte-de-visite\/#breadcrumb","itemListElement":[{"@type":"ListItem","position":1,"name":"Startseite","item":"https:\/\/made4you.lu\/fr\/"},{"@type":"ListItem","position":2,"name":"Unsere Preise","item":"https:\/\/made4you.lu\/shop\/"},{"@type":"ListItem","position":3,"name":"Faire concevoir une carte de visite"}]},{"@type":"WebSite","@id":"https:\/\/made4you.lu\/#website","url":"https:\/\/made4you.lu\/","name":"Made4you Publicit\u00e9","description":"\u00e0 Wasserbillig (LU) &amp; Konz (DE). Votre partenaire en mati\u00e8re de publicit\u00e9, d&#039;impression, de graphisme, d&#039;impression textile, de broderie, de cadeaux publicitaires, de webdesign, de fournitures pour les associations et bien plus encore.","potentialAction":[{"@type":"SearchAction","target":{"@type":"EntryPoint","urlTemplate":"https:\/\/made4you.lu\/?s={search_term_string}"},"query-input":"required name=search_term_string"}],"inLanguage":"fr-FR"}]}},"_links":{"self":[{"href":"https:\/\/made4you.lu\/fr\/wp-json\/wp\/v2\/product\/10682","targetHints":{"allow":["GET"]}}],"collection":[{"href":"https:\/\/made4you.lu\/fr\/wp-json\/wp\/v2\/product"}],"about":[{"href":"https:\/\/made4you.lu\/fr\/wp-json\/wp\/v2\/types\/product"}],"version-history":[{"count":0,"href":"https:\/\/made4you.lu\/fr\/wp-json\/wp\/v2\/product\/10682\/revisions"}],"wp:featuredmedia":[{"embeddable":true,"href":"https:\/\/made4you.lu\/fr\/wp-json\/wp\/v2\/media\/8721"}],"wp:attachment":[{"href":"https:\/\/made4you.lu\/fr\/wp-json\/wp\/v2\/media?parent=10682"}],"wp:term":[{"taxonomy":"product_cat","embeddable":true,"href":"https:\/\/made4you.lu\/fr\/wp-json\/wp\/v2\/product_cat?post=10682"},{"taxonomy":"product_tag","embeddable":true,"href":"https:\/\/made4you.lu\/fr\/wp-json\/wp\/v2\/product_tag?post=10682"}],"curies":[{"name":"wp","href":"https:\/\/api.w.org\/{rel}","templated":true}]}}