{"id":10625,"date":"2021-10-22T09:19:33","date_gmt":"2021-10-22T09:19:33","guid":{"rendered":"https:\/\/made4you.lu\/produkt\/faire-concevoir-une-brochure\/"},"modified":"2021-10-22T09:19:33","modified_gmt":"2021-10-22T09:19:33","slug":"faire-concevoir-une-brochure","status":"publish","type":"product","link":"https:\/\/made4you.lu\/fr\/produit\/faire-concevoir-une-brochure\/","title":{"rendered":"Faire concevoir une brochure"},"content":{"rendered":"","protected":false},"excerpt":{"rendered":"<p>Veuillez indiquer TOUTES vos coordonn\u00e9es lors de votre prise de contact.<\/p>\n<p>Nous concevons votre brochure \u00e0 un prix fixe.<\/p>\n<p>Nous prenons contact avec vous et discutons de tout le reste avec vous.<br \/>\nEnsuite, nous r\u00e9alisons le premier projet.<\/p>\n","protected":false},"featured_media":8725,"template":"","meta":[],"product_cat":[262],"product_tag":[],"class_list":["post-10625","product","type-product","status-publish","has-post-thumbnail","hentry","product_cat-studio-graphique","pa_seiten-100-seitig-fr","pa_seiten-104-seitig-fr","pa_seiten-108-seitig-fr","pa_seiten-112-seitig-fr","pa_seiten-116-seitig-fr","pa_seiten-12-seitig-fr","pa_seiten-120-seitig-fr","pa_seiten-124-seitig-fr","pa_seiten-128-seitig-fr","pa_seiten-132-seitig-fr","pa_seiten-136-seitig-fr","pa_seiten-140-seitig-fr","pa_seiten-144-seitig-fr","pa_seiten-148-seitig-fr","pa_seiten-152-seitig-fr","pa_seiten-16-seitig-fr","pa_seiten-20-seitig-fr","pa_seiten-24-seitig-fr","pa_seiten-28-seitig-fr","pa_seiten-32-seitig-fr","pa_seiten-36-seitig-fr","pa_seiten-40-seitig-fr","pa_seiten-44-seitig-fr","pa_seiten-48-seitig-fr","pa_seiten-52-seitig-fr","pa_seiten-56-seitig-fr","pa_seiten-60-seitig-fr","pa_seiten-64-seitig-fr","pa_seiten-68-seitig-fr","pa_seiten-72-seitig-fr","pa_seiten-76-seitig-fr","pa_seiten-8-seitig-fr","pa_seiten-80-seitig-fr","pa_seiten-84-seitig-fr","pa_seiten-88-seitig-fr","pa_seiten-92-seitig-fr","pa_seiten-96-seitig-fr","rtwpvg-product"],"yoast_head":"<!-- This site is optimized with the Yoast SEO plugin v20.13 - https:\/\/yoast.com\/wordpress\/plugins\/seo\/ -->\n<title>Faire concevoir une brochure - Made4you Publicit\u00e9<\/title>\n<meta name=\"robots\" content=\"index, follow, max-snippet:-1, max-image-preview:large, max-video-preview:-1\" \/>\n<link rel=\"canonical\" href=\"https:\/\/made4you.lu\/fr\/produit\/faire-concevoir-une-brochure\/\" \/>\n<meta property=\"og:locale\" content=\"fr_FR\" \/>\n<meta property=\"og:type\" content=\"article\" \/>\n<meta property=\"og:title\" content=\"Faire concevoir une brochure - Made4you Publicit\u00e9\" \/>\n<meta property=\"og:description\" content=\"Veuillez indiquer TOUTES vos coordonn\u00e9es lors de votre prise de contact.  Nous concevons votre brochure \u00e0 un prix fixe.  Nous prenons contact avec vous et discutons de tout le reste avec vous. Ensuite, nous r\u00e9alisons le premier projet.\" \/>\n<meta property=\"og:url\" content=\"https:\/\/made4you.lu\/fr\/produit\/faire-concevoir-une-brochure\/\" \/>\n<meta property=\"og:site_name\" content=\"Made4you Publicit\u00e9\" \/>\n<meta property=\"og:image\" content=\"https:\/\/made4you.lu\/wp-content\/uploads\/2021\/10\/Broschu\u0308ren-Gestaltung.png\" \/>\n\t<meta property=\"og:image:width\" content=\"500\" \/>\n\t<meta property=\"og:image:height\" content=\"360\" \/>\n\t<meta property=\"og:image:type\" content=\"image\/png\" \/>\n<meta name=\"twitter:card\" content=\"summary_large_image\" \/>\n<script type=\"application\/ld+json\" class=\"yoast-schema-graph\">{\"@context\":\"https:\/\/schema.org\",\"@graph\":[{\"@type\":\"WebPage\",\"@id\":\"https:\/\/made4you.lu\/fr\/produit\/faire-concevoir-une-brochure\/\",\"url\":\"https:\/\/made4you.lu\/fr\/produit\/faire-concevoir-une-brochure\/\",\"name\":\"Faire concevoir une brochure - Made4you Publicit\u00e9\",\"isPartOf\":{\"@id\":\"https:\/\/made4you.lu\/#website\"},\"datePublished\":\"2021-10-22T09:19:33+00:00\",\"dateModified\":\"2021-10-22T09:19:33+00:00\",\"breadcrumb\":{\"@id\":\"https:\/\/made4you.lu\/fr\/produit\/faire-concevoir-une-brochure\/#breadcrumb\"},\"inLanguage\":\"fr-FR\",\"potentialAction\":[{\"@type\":\"ReadAction\",\"target\":[\"https:\/\/made4you.lu\/fr\/produit\/faire-concevoir-une-brochure\/\"]}]},{\"@type\":\"BreadcrumbList\",\"@id\":\"https:\/\/made4you.lu\/fr\/produit\/faire-concevoir-une-brochure\/#breadcrumb\",\"itemListElement\":[{\"@type\":\"ListItem\",\"position\":1,\"name\":\"Startseite\",\"item\":\"https:\/\/made4you.lu\/fr\/\"},{\"@type\":\"ListItem\",\"position\":2,\"name\":\"Unsere Preise\",\"item\":\"https:\/\/made4you.lu\/shop\/\"},{\"@type\":\"ListItem\",\"position\":3,\"name\":\"Faire concevoir une brochure\"}]},{\"@type\":\"WebSite\",\"@id\":\"https:\/\/made4you.lu\/#website\",\"url\":\"https:\/\/made4you.lu\/\",\"name\":\"Made4you Publicit\u00e9\",\"description\":\"\u00e0 Wasserbillig (LU) &amp; Konz (DE). Votre partenaire en mati\u00e8re de publicit\u00e9, d&#039;impression, de graphisme, d&#039;impression textile, de broderie, de cadeaux publicitaires, de webdesign, de fournitures pour les associations et bien plus encore.\",\"potentialAction\":[{\"@type\":\"SearchAction\",\"target\":{\"@type\":\"EntryPoint\",\"urlTemplate\":\"https:\/\/made4you.lu\/?s={search_term_string}\"},\"query-input\":\"required name=search_term_string\"}],\"inLanguage\":\"fr-FR\"}]}<\/script>\n<!-- \/ Yoast SEO plugin. -->","yoast_head_json":{"title":"Faire concevoir une brochure - Made4you Publicit\u00e9","robots":{"index":"index","follow":"follow","max-snippet":"max-snippet:-1","max-image-preview":"max-image-preview:large","max-video-preview":"max-video-preview:-1"},"canonical":"https:\/\/made4you.lu\/fr\/produit\/faire-concevoir-une-brochure\/","og_locale":"fr_FR","og_type":"article","og_title":"Faire concevoir une brochure - Made4you Publicit\u00e9","og_description":"Veuillez indiquer TOUTES vos coordonn\u00e9es lors de votre prise de contact.  Nous concevons votre brochure \u00e0 un prix fixe.  Nous prenons contact avec vous et discutons de tout le reste avec vous. Ensuite, nous r\u00e9alisons le premier projet.","og_url":"https:\/\/made4you.lu\/fr\/produit\/faire-concevoir-une-brochure\/","og_site_name":"Made4you Publicit\u00e9","og_image":[{"width":500,"height":360,"url":"https:\/\/made4you.lu\/wp-content\/uploads\/2021\/10\/Broschu\u0308ren-Gestaltung.png","type":"image\/png"}],"twitter_card":"summary_large_image","schema":{"@context":"https:\/\/schema.org","@graph":[{"@type":"WebPage","@id":"https:\/\/made4you.lu\/fr\/produit\/faire-concevoir-une-brochure\/","url":"https:\/\/made4you.lu\/fr\/produit\/faire-concevoir-une-brochure\/","name":"Faire concevoir une brochure - Made4you Publicit\u00e9","isPartOf":{"@id":"https:\/\/made4you.lu\/#website"},"datePublished":"2021-10-22T09:19:33+00:00","dateModified":"2021-10-22T09:19:33+00:00","breadcrumb":{"@id":"https:\/\/made4you.lu\/fr\/produit\/faire-concevoir-une-brochure\/#breadcrumb"},"inLanguage":"fr-FR","potentialAction":[{"@type":"ReadAction","target":["https:\/\/made4you.lu\/fr\/produit\/faire-concevoir-une-brochure\/"]}]},{"@type":"BreadcrumbList","@id":"https:\/\/made4you.lu\/fr\/produit\/faire-concevoir-une-brochure\/#breadcrumb","itemListElement":[{"@type":"ListItem","position":1,"name":"Startseite","item":"https:\/\/made4you.lu\/fr\/"},{"@type":"ListItem","position":2,"name":"Unsere Preise","item":"https:\/\/made4you.lu\/shop\/"},{"@type":"ListItem","position":3,"name":"Faire concevoir une brochure"}]},{"@type":"WebSite","@id":"https:\/\/made4you.lu\/#website","url":"https:\/\/made4you.lu\/","name":"Made4you Publicit\u00e9","description":"\u00e0 Wasserbillig (LU) &amp; Konz (DE). Votre partenaire en mati\u00e8re de publicit\u00e9, d&#039;impression, de graphisme, d&#039;impression textile, de broderie, de cadeaux publicitaires, de webdesign, de fournitures pour les associations et bien plus encore.","potentialAction":[{"@type":"SearchAction","target":{"@type":"EntryPoint","urlTemplate":"https:\/\/made4you.lu\/?s={search_term_string}"},"query-input":"required name=search_term_string"}],"inLanguage":"fr-FR"}]}},"_links":{"self":[{"href":"https:\/\/made4you.lu\/fr\/wp-json\/wp\/v2\/product\/10625","targetHints":{"allow":["GET"]}}],"collection":[{"href":"https:\/\/made4you.lu\/fr\/wp-json\/wp\/v2\/product"}],"about":[{"href":"https:\/\/made4you.lu\/fr\/wp-json\/wp\/v2\/types\/product"}],"version-history":[{"count":0,"href":"https:\/\/made4you.lu\/fr\/wp-json\/wp\/v2\/product\/10625\/revisions"}],"wp:featuredmedia":[{"embeddable":true,"href":"https:\/\/made4you.lu\/fr\/wp-json\/wp\/v2\/media\/8725"}],"wp:attachment":[{"href":"https:\/\/made4you.lu\/fr\/wp-json\/wp\/v2\/media?parent=10625"}],"wp:term":[{"taxonomy":"product_cat","embeddable":true,"href":"https:\/\/made4you.lu\/fr\/wp-json\/wp\/v2\/product_cat?post=10625"},{"taxonomy":"product_tag","embeddable":true,"href":"https:\/\/made4you.lu\/fr\/wp-json\/wp\/v2\/product_tag?post=10625"}],"curies":[{"name":"wp","href":"https:\/\/api.w.org\/{rel}","templated":true}]}}