{"id":10608,"date":"2022-03-17T10:51:11","date_gmt":"2022-03-17T10:51:11","guid":{"rendered":"https:\/\/made4you.lu\/produkt\/depliant-plie-au-format-din-a7-6-pages\/"},"modified":"2022-03-17T10:51:11","modified_gmt":"2022-03-17T10:51:11","slug":"depliant-plie-au-format-din-a7-6-pages","status":"publish","type":"product","link":"https:\/\/made4you.lu\/fr\/produit\/depliant-plie-au-format-din-a7-6-pages\/","title":{"rendered":"D\u00e9pliant, pli\u00e9 au format DIN A7 &#8211; 6 pages"},"content":{"rendered":"<h4>Un flyer rapide et bon march\u00e9 ?<\/h4>\n<p>Pas de probl\u00e8me !\u00a0Made4you-Publicit\u00e9 de Luxembourg (Wasserbillig) &amp; d&rsquo;Allemagne (Konz) vous propose des flyers, d\u00e9pliants, d\u00e9pliants de haute qualit\u00e9, et ce \u00e0 des prix tr\u00e8s bas.<br \/>\nLe bon flyer pour chaque occasion, dans de nombreuses tailles diff\u00e9rentes.<\/p>\n<p>Avec peu d&rsquo;efforts, un flyer &#8211; le support publicitaire parfait &#8211; vous permet d&rsquo;atteindre de tr\u00e8s grands groupes de personnes, que vous choisissez en fonction de vos besoins. Les flyers offrent donc une grande port\u00e9e pour pr\u00e9senter parfaitement votre entreprise et vos produits. Pour obtenir encore plus d&rsquo;\u00e9cho, vous pouvez int\u00e9grer dans votre flyer des actions de r\u00e9duction et des bons de r\u00e9duction.<\/p>\n<div id=\"attachment_10465\" style=\"width: 510px\" class=\"wp-caption alignnone\"><a href=\"https:\/\/made4you.lu\/wp-content\/uploads\/2022\/03\/500_F_30506890_RxZ0a1emL0AQ0oiEDl7kA4RdIN8LOpBg.jpg\" data-rel=\"penci-gallery-image-content\" ><img decoding=\"async\" aria-describedby=\"caption-attachment-10465\" class=\"wp-image-10466 size-full\" src=\"https:\/\/made4you.lu\/wp-content\/uploads\/2022\/03\/500_F_30506890_RxZ0a1emL0AQ0oiEDl7kA4RdIN8LOpBg.jpg\" alt=\"Flyer drucken lassen\" width=\"500\" height=\"333\" srcset=\"https:\/\/made4you.lu\/wp-content\/uploads\/2022\/03\/500_F_30506890_RxZ0a1emL0AQ0oiEDl7kA4RdIN8LOpBg.jpg 500w, https:\/\/made4you.lu\/wp-content\/uploads\/2022\/03\/500_F_30506890_RxZ0a1emL0AQ0oiEDl7kA4RdIN8LOpBg-300x200.jpg 300w, https:\/\/made4you.lu\/wp-content\/uploads\/2022\/03\/500_F_30506890_RxZ0a1emL0AQ0oiEDl7kA4RdIN8LOpBg-263x175.jpg 263w\" sizes=\"(max-width: 500px) 100vw, 500px\" \/><\/a><p id=\"caption-attachment-10465\" class=\"wp-caption-text\">Flyer drucken lassen<\/p><\/div>\n<h4>Vous n&rsquo;avez pas encore de PDF pr\u00eat \u00e0 imprimer ?<\/h4>\n<p>Alors visitez notre \u00ab\u00a0Service de mise en page\u00a0\u00bb. Ici, nous vous cr\u00e9ons un PDF pr\u00eat \u00e0 l&rsquo;impression \u00e0 des prix imbattables. T\u00e9l\u00e9chargez-nous vos photos et \u00e9crivez-nous vos souhaits et vos id\u00e9es pr\u00e9cises et nous pourrons commencer \u00e0 travailler sur votre design ? Nous nous adaptons volontiers \u00e0 votre corporate design.<\/p>\n<p>Vous n&rsquo;avez pas encore d&rsquo;id\u00e9e pour la mise en page de votre flyer ? Ce n&rsquo;est pas un probl\u00e8me. Nos collaborateurs qualifi\u00e9s trouvent toujours une solution adapt\u00e9e. Indiquez-nous quelques informations sur votre entreprise et ce que vous souhaitez voir figurer sur votre flyer ? Pr\u00e9sentez votre entreprise, vos produits, vos services, etc. et nous trouverons avec vous le moyen de cr\u00e9er la mise en page parfaite pour vous.<\/p>\n<h4>Possibilit\u00e9s d&rsquo;impression de votre flyer ?<\/h4>\n<p>Nous imprimons en offset de haute qualit\u00e9 ou en num\u00e9rique avec les techniques les plus modernes, sur de nombreux types et \u00e9paisseurs de papier. Qu&rsquo;il s&rsquo;agisse d&rsquo;un papier couch\u00e9 mat\/brillant, d&rsquo;un papier offset ou d&rsquo;un papier recycl\u00e9, nous avons toujours le papier ad\u00e9quat pour l&rsquo;impression de vos flyers.<\/p>\n<p>Nous vous proposons \u00e9galement d&rsquo;autres finitions telles que le vernis UV brillant ou le pelliculage.<\/p>\n<p>Vous avez le choix entre de nombreux formats de flyers, tels que DIN A3, DIN A4, DIN A5, DIN A6, DIN A7 et DIN Lang.<br \/>\nPour nos flyers pli\u00e9s, nous disposons \u00e9galement de nombreux types de pliages diff\u00e9rents, jusqu&rsquo;\u00e0 16 pages maximum. Pliages possibles pour vos d\u00e9pliants : pli roul\u00e9, pli accord\u00e9on, double pli parall\u00e8le, pli crois\u00e9 \u00e0 deux plis, pli fen\u00eatre \u00e0 trois plis et pli roul\u00e9 sp\u00e9cial.<\/p>\n","protected":false},"excerpt":{"rendered":"<p>Faites imprimer vos flyers \u00e0 un prix avantageux, dans diff\u00e9rents types de papier, de formats et de finitions.<\/p>\n<p>Si vous souhaitez un autre papier ou une finition sp\u00e9ciale qui n&rsquo;est pas mentionn\u00e9e ici, veuillez nous \u00e9crire via notre formulaire de contact.<\/p>\n","protected":false},"featured_media":10472,"template":"","meta":[],"product_cat":[260,688,259],"product_tag":[],"class_list":["post-10608","product","type-product","status-publish","has-post-thumbnail","hentry","product_cat-depliant","product_cat-depliant-din-a7","product_cat-produits-dimpression","pa_auflage-12-500-pieces","pa_auflage-15-000-pieces","pa_auflage-17-500-pieces","pa_auflage-20-000-pieces","pa_auflage-autres","pa_auflage-1-piece","pa_auflage-2-pieces","pa_auflage-5-pieces","pa_auflage-25-pieces","pa_auflage-50-pieces","pa_auflage-100-stueck-fr","pa_auflage-200-stueck-fr","pa_auflage-250-stueck-fr","pa_auflage-300-stueck-fr","pa_auflage-400-stueck-fr","pa_auflage-500-stueck-fr","pa_auflage-750-stueck-fr","pa_auflage-1000-pieces","pa_auflage-1-250-pieces","pa_auflage-1-500-pieces","pa_auflage-2-000-pieces","pa_auflage-2-500-pieces","pa_auflage-3-000-pieces","pa_auflage-3-500-pieces","pa_auflage-4-000-pieces","pa_auflage-5-000-pieces","pa_auflage-6-000-pieces","pa_auflage-7-000-pieces","pa_auflage-7-500-pieces","pa_auflage-8-000-pieces","pa_auflage-9-000","pa_auflage-10-000-pieces","rtwpvg-product"],"yoast_head":"<!-- This site is optimized with the Yoast SEO plugin v20.13 - https:\/\/yoast.com\/wordpress\/plugins\/seo\/ -->\n<title>D\u00e9pliant, pli\u00e9 au format DIN A7 - 6 pages - Made4you Publicit\u00e9<\/title>\n<meta name=\"robots\" content=\"index, follow, max-snippet:-1, max-image-preview:large, max-video-preview:-1\" \/>\n<link rel=\"canonical\" href=\"https:\/\/made4you.lu\/fr\/produit\/depliant-plie-au-format-din-a7-6-pages\/\" \/>\n<meta property=\"og:locale\" content=\"fr_FR\" \/>\n<meta property=\"og:type\" content=\"article\" \/>\n<meta property=\"og:title\" content=\"D\u00e9pliant, pli\u00e9 au format DIN A7 - 6 pages - Made4you Publicit\u00e9\" \/>\n<meta property=\"og:description\" content=\"Faites imprimer vos flyers \u00e0 un prix avantageux, dans diff\u00e9rents types de papier, de formats et de finitions.  Si vous souhaitez un autre papier ou une finition sp\u00e9ciale qui n&#039;est pas mentionn\u00e9e ici, veuillez nous \u00e9crire via notre formulaire de contact.\" \/>\n<meta property=\"og:url\" content=\"https:\/\/made4you.lu\/fr\/produit\/depliant-plie-au-format-din-a7-6-pages\/\" \/>\n<meta property=\"og:site_name\" content=\"Made4you Publicit\u00e9\" \/>\n<meta property=\"og:image\" content=\"https:\/\/made4you.lu\/wp-content\/uploads\/2022\/03\/Flyer-Gestaltung.png\" \/>\n\t<meta property=\"og:image:width\" content=\"500\" \/>\n\t<meta property=\"og:image:height\" content=\"360\" \/>\n\t<meta property=\"og:image:type\" content=\"image\/png\" \/>\n<meta name=\"twitter:card\" content=\"summary_large_image\" \/>\n<meta name=\"twitter:label1\" content=\"Dur\u00e9e de lecture estim\u00e9e\" \/>\n\t<meta name=\"twitter:data1\" content=\"2 minutes\" \/>\n<script type=\"application\/ld+json\" class=\"yoast-schema-graph\">{\"@context\":\"https:\/\/schema.org\",\"@graph\":[{\"@type\":\"WebPage\",\"@id\":\"https:\/\/made4you.lu\/fr\/produit\/depliant-plie-au-format-din-a7-6-pages\/\",\"url\":\"https:\/\/made4you.lu\/fr\/produit\/depliant-plie-au-format-din-a7-6-pages\/\",\"name\":\"D\u00e9pliant, pli\u00e9 au format DIN A7 - 6 pages - Made4you Publicit\u00e9\",\"isPartOf\":{\"@id\":\"https:\/\/made4you.lu\/#website\"},\"datePublished\":\"2022-03-17T10:51:11+00:00\",\"dateModified\":\"2022-03-17T10:51:11+00:00\",\"breadcrumb\":{\"@id\":\"https:\/\/made4you.lu\/fr\/produit\/depliant-plie-au-format-din-a7-6-pages\/#breadcrumb\"},\"inLanguage\":\"fr-FR\",\"potentialAction\":[{\"@type\":\"ReadAction\",\"target\":[\"https:\/\/made4you.lu\/fr\/produit\/depliant-plie-au-format-din-a7-6-pages\/\"]}]},{\"@type\":\"BreadcrumbList\",\"@id\":\"https:\/\/made4you.lu\/fr\/produit\/depliant-plie-au-format-din-a7-6-pages\/#breadcrumb\",\"itemListElement\":[{\"@type\":\"ListItem\",\"position\":1,\"name\":\"Startseite\",\"item\":\"https:\/\/made4you.lu\/fr\/\"},{\"@type\":\"ListItem\",\"position\":2,\"name\":\"Unsere Preise\",\"item\":\"https:\/\/made4you.lu\/shop\/\"},{\"@type\":\"ListItem\",\"position\":3,\"name\":\"D\u00e9pliant, pli\u00e9 au format DIN A7 &#8211; 6 pages\"}]},{\"@type\":\"WebSite\",\"@id\":\"https:\/\/made4you.lu\/#website\",\"url\":\"https:\/\/made4you.lu\/\",\"name\":\"Made4you Publicit\u00e9\",\"description\":\"\u00e0 Wasserbillig (LU) &amp; Konz (DE). Votre partenaire en mati\u00e8re de publicit\u00e9, d&#039;impression, de graphisme, d&#039;impression textile, de broderie, de cadeaux publicitaires, de webdesign, de fournitures pour les associations et bien plus encore.\",\"potentialAction\":[{\"@type\":\"SearchAction\",\"target\":{\"@type\":\"EntryPoint\",\"urlTemplate\":\"https:\/\/made4you.lu\/?s={search_term_string}\"},\"query-input\":\"required name=search_term_string\"}],\"inLanguage\":\"fr-FR\"}]}<\/script>\n<!-- \/ Yoast SEO plugin. -->","yoast_head_json":{"title":"D\u00e9pliant, pli\u00e9 au format DIN A7 - 6 pages - Made4you Publicit\u00e9","robots":{"index":"index","follow":"follow","max-snippet":"max-snippet:-1","max-image-preview":"max-image-preview:large","max-video-preview":"max-video-preview:-1"},"canonical":"https:\/\/made4you.lu\/fr\/produit\/depliant-plie-au-format-din-a7-6-pages\/","og_locale":"fr_FR","og_type":"article","og_title":"D\u00e9pliant, pli\u00e9 au format DIN A7 - 6 pages - Made4you Publicit\u00e9","og_description":"Faites imprimer vos flyers \u00e0 un prix avantageux, dans diff\u00e9rents types de papier, de formats et de finitions.  Si vous souhaitez un autre papier ou une finition sp\u00e9ciale qui n'est pas mentionn\u00e9e ici, veuillez nous \u00e9crire via notre formulaire de contact.","og_url":"https:\/\/made4you.lu\/fr\/produit\/depliant-plie-au-format-din-a7-6-pages\/","og_site_name":"Made4you Publicit\u00e9","og_image":[{"width":500,"height":360,"url":"https:\/\/made4you.lu\/wp-content\/uploads\/2022\/03\/Flyer-Gestaltung.png","type":"image\/png"}],"twitter_card":"summary_large_image","twitter_misc":{"Dur\u00e9e de lecture estim\u00e9e":"2 minutes"},"schema":{"@context":"https:\/\/schema.org","@graph":[{"@type":"WebPage","@id":"https:\/\/made4you.lu\/fr\/produit\/depliant-plie-au-format-din-a7-6-pages\/","url":"https:\/\/made4you.lu\/fr\/produit\/depliant-plie-au-format-din-a7-6-pages\/","name":"D\u00e9pliant, pli\u00e9 au format DIN A7 - 6 pages - Made4you Publicit\u00e9","isPartOf":{"@id":"https:\/\/made4you.lu\/#website"},"datePublished":"2022-03-17T10:51:11+00:00","dateModified":"2022-03-17T10:51:11+00:00","breadcrumb":{"@id":"https:\/\/made4you.lu\/fr\/produit\/depliant-plie-au-format-din-a7-6-pages\/#breadcrumb"},"inLanguage":"fr-FR","potentialAction":[{"@type":"ReadAction","target":["https:\/\/made4you.lu\/fr\/produit\/depliant-plie-au-format-din-a7-6-pages\/"]}]},{"@type":"BreadcrumbList","@id":"https:\/\/made4you.lu\/fr\/produit\/depliant-plie-au-format-din-a7-6-pages\/#breadcrumb","itemListElement":[{"@type":"ListItem","position":1,"name":"Startseite","item":"https:\/\/made4you.lu\/fr\/"},{"@type":"ListItem","position":2,"name":"Unsere Preise","item":"https:\/\/made4you.lu\/shop\/"},{"@type":"ListItem","position":3,"name":"D\u00e9pliant, pli\u00e9 au format DIN A7 &#8211; 6 pages"}]},{"@type":"WebSite","@id":"https:\/\/made4you.lu\/#website","url":"https:\/\/made4you.lu\/","name":"Made4you Publicit\u00e9","description":"\u00e0 Wasserbillig (LU) &amp; Konz (DE). Votre partenaire en mati\u00e8re de publicit\u00e9, d&#039;impression, de graphisme, d&#039;impression textile, de broderie, de cadeaux publicitaires, de webdesign, de fournitures pour les associations et bien plus encore.","potentialAction":[{"@type":"SearchAction","target":{"@type":"EntryPoint","urlTemplate":"https:\/\/made4you.lu\/?s={search_term_string}"},"query-input":"required name=search_term_string"}],"inLanguage":"fr-FR"}]}},"_links":{"self":[{"href":"https:\/\/made4you.lu\/fr\/wp-json\/wp\/v2\/product\/10608","targetHints":{"allow":["GET"]}}],"collection":[{"href":"https:\/\/made4you.lu\/fr\/wp-json\/wp\/v2\/product"}],"about":[{"href":"https:\/\/made4you.lu\/fr\/wp-json\/wp\/v2\/types\/product"}],"version-history":[{"count":0,"href":"https:\/\/made4you.lu\/fr\/wp-json\/wp\/v2\/product\/10608\/revisions"}],"wp:featuredmedia":[{"embeddable":true,"href":"https:\/\/made4you.lu\/fr\/wp-json\/wp\/v2\/media\/10472"}],"wp:attachment":[{"href":"https:\/\/made4you.lu\/fr\/wp-json\/wp\/v2\/media?parent=10608"}],"wp:term":[{"taxonomy":"product_cat","embeddable":true,"href":"https:\/\/made4you.lu\/fr\/wp-json\/wp\/v2\/product_cat?post=10608"},{"taxonomy":"product_tag","embeddable":true,"href":"https:\/\/made4you.lu\/fr\/wp-json\/wp\/v2\/product_tag?post=10608"}],"curies":[{"name":"wp","href":"https:\/\/api.w.org\/{rel}","templated":true}]}}