{"id":10564,"date":"2022-03-16T14:48:24","date_gmt":"2022-03-16T14:48:24","guid":{"rendered":"https:\/\/made4you.lu\/produkt\/panneau-pliable-700l-x-500h\/"},"modified":"2022-03-23T13:28:33","modified_gmt":"2022-03-23T13:28:33","slug":"panneau-pliable-700l-x-500h","status":"publish","type":"product","link":"https:\/\/made4you.lu\/fr\/produit\/panneau-pliable-700l-x-500h\/","title":{"rendered":"Panneau pliable 700(l) x 500(h)"},"content":{"rendered":"<section class=\"wpb-content-wrapper\"><p>[vc_section][vc_row][vc_column][vc_column_text]\n<table id=\"tablepress-6\" class=\"tablepress tablepress-id-6\">\n<tbody>\n<tr class=\"row-1 odd\">\n\t<td class=\"column-1\">1 St\u00fcck<\/td><td class=\"column-2\">26,05 \u20ac netto (Einzelpreis)<\/td>\n<\/tr>\n<tr class=\"row-2 even\">\n\t<td class=\"column-1\">2 St\u00fcck<\/td><td class=\"column-2\">16,73 \u20ac netto (Einzelpreis)<\/td>\n<\/tr>\n<tr class=\"row-3 odd\">\n\t<td class=\"column-1\">3 St\u00fcck<\/td><td class=\"column-2\">13,60 \u20ac netto (Einzelpreis)<\/td>\n<\/tr>\n<tr class=\"row-4 even\">\n\t<td class=\"column-1\">4 St\u00fcck<\/td><td class=\"column-2\">12,02 \u20ac netto (Einzelpreis)<\/td>\n<\/tr>\n<tr class=\"row-5 odd\">\n\t<td class=\"column-1\">5 - 9 St\u00fcck<\/td><td class=\"column-2\">11,11 \u20ac netto (Einzelpreis)<\/td>\n<\/tr>\n<tr class=\"row-6 even\">\n\t<td class=\"column-1\">10 - 14 St\u00fcck<\/td><td class=\"column-2\">8,39 \u20ac netto (Einzelpreis)<\/td>\n<\/tr>\n<tr class=\"row-7 odd\">\n\t<td class=\"column-1\">15 - 19 St\u00fcck<\/td><td class=\"column-2\">6,22 \u20ac netto (Einzelpreis)<\/td>\n<\/tr>\n<tr class=\"row-8 even\">\n\t<td class=\"column-1\">20 - 24 St\u00fcck<\/td><td class=\"column-2\">5,98 \u20ac netto (Einzelpreis)<\/td>\n<\/tr>\n<tr class=\"row-9 odd\">\n\t<td class=\"column-1\">25 - 49 St\u00fcck<\/td><td class=\"column-2\">5,82 \u20ac netto (Einzelpreis)<\/td>\n<\/tr>\n<tr class=\"row-10 even\">\n\t<td class=\"column-1\">50 - 74 St\u00fcck<\/td><td class=\"column-2\">5,41 \u20ac netto (Einzelpreis)<\/td>\n<\/tr>\n<tr class=\"row-11 odd\">\n\t<td class=\"column-1\">75 - 99 St\u00fcck<\/td><td class=\"column-2\">5,14 \u20ac netto (Einzelpreis)<\/td>\n<\/tr>\n<tr class=\"row-12 even\">\n\t<td class=\"column-1\">100 - 149 St\u00fcck<\/td><td class=\"column-2\">5,06 \u20ac netto (Einzelpreis)<\/td>\n<\/tr>\n<tr class=\"row-13 odd\">\n\t<td class=\"column-1\">150 - 199 St\u00fcck<\/td><td class=\"column-2\">4,90 \u20ac netto (Einzelpreis)<\/td>\n<\/tr>\n<tr class=\"row-14 even\">\n\t<td class=\"column-1\">200 - 249 St\u00fcck<\/td><td class=\"column-2\">4,70 \u20ac netto (Einzelpreis)<\/td>\n<\/tr>\n<tr class=\"row-15 odd\">\n\t<td class=\"column-1\">250 - 499 St\u00fcck<\/td><td class=\"column-2\">4,55 \u20ac netto (Einzelpreis)<\/td>\n<\/tr>\n<tr class=\"row-16 even\">\n\t<td class=\"column-1\">500 - 1000 St\u00fcck<\/td><td class=\"column-2\">4,14 \u20ac netto (Einzelpreis)<\/td>\n<\/tr>\n<\/tbody>\n<\/table>\n<!-- #tablepress-6 from cache -->[\/vc_column_text][vc_separator color=\u00a0\u00bbcustom\u00a0\u00bb border_width=\u00a0\u00bb5&Prime; accent_color=\u00a0\u00bb#76b729&Prime;][\/vc_column][\/vc_row][\/vc_section][vc_row][vc_column][vc_column_text]<\/p>\n<h2>Druckdaten Vorlage?<\/h2>\n<p>Wir bieten Ihnen eine Vorlage, auf welcher Sie Ihre Druckdaten aufbauen k\u00f6nnen. Bei Fragen, stehen wir Ihnen au\u00dferdem jederzeit zur Verf\u00fcgung. Gerne erstellen wir aber auch das Design f\u00fcr Sie, ganz nach Ihren W\u00fcnschen.<\/p>\n<p><strong>Druckdaten Vorlagen:<\/strong><br \/>\n<img decoding=\"async\" src=\"https:\/\/maklerschilder.com\/test%2Ftest\/test\/wp-content\/uploads\/2021\/07\/illustrator_icon.png\" alt=\"Illustrator Icon Maklerschilder.com\" \/> <a href=\"http:\/\/maklerschilder.com\/test%2Ftest\/test\/vorlagen\/FALTSCHILD1000x700.ai\">Faltschild 140 x 50 cm Druckvorlage im .AI Format (Adobe Illustrator)<\/a><br \/>\n<img decoding=\"async\" src=\"https:\/\/maklerschilder.com\/test%2Ftest\/test\/wp-content\/uploads\/2021\/07\/indesign-icon.png\" alt=\"Indesign Icon Maklerschilder.com\" \/> <a href=\"http:\/\/maklerschilder.com\/test%2Ftest\/test\/vorlagen\/FALTSCHILD1000x700.ai\">Faltschild 140 x 50 cm Druckvorlage im .IDML Format (Adobe Indesign)<\/a><br \/>\n<img decoding=\"async\" src=\"https:\/\/maklerschilder.com\/test%2Ftest\/test\/wp-content\/uploads\/2021\/07\/pdf-icon.png\" alt=\"PDF Icon Maklerschilder.com\" \/> <a href=\"http:\/\/maklerschilder.com\/test%2Ftest\/test\/vorlagen\/FALTSCHILD1000x700.ai\">Faltschild 140 x 50 cm Druckvorlage im .PDF Format<\/a><\/p>\n<p>[\/vc_column_text][\/vc_column][\/vc_row][vc_section][vc_row][vc_column][vc_single_image image=\u00a0\u00bb4219&Prime; img_size=\u00a0\u00bbfull\u00a0\u00bb][\/vc_column][\/vc_row][vc_row][vc_column width=\u00a0\u00bb1\/2&Prime;][vc_column_text]<\/p>\n<h2>Quel mat\u00e9riau ?<\/h2>\n<p>Nos enseignes pliantes sont fabriqu\u00e9es \u00e0 partir de plaques alv\u00e9olaires en polypropyl\u00e8ne de 3,5 mm et sont tr\u00e8s r\u00e9sistantes au vent et aux intemp\u00e9ries.[\/vc_column_text][\/vc_column][vc_column width=\u00a0\u00bb1\/2&Prime;][vc_column_text]<\/p>\n<h2>Recyclable?<\/h2>\n<p>Nos plaques alv\u00e9olaires de 3,5 mm sont fabriqu\u00e9es \u00e0 partir de polypropyl\u00e8ne recyclable.[\/vc_column_text][\/vc_column][\/vc_row][vc_row][vc_column width=\u00a0\u00bb1\/2&Prime;][vc_column_text]<\/p>\n<h2>Production propre<\/h2>\n<p>Nos plaques de courtage sont produites dans nos locaux. Nous imprimons sur des plaques alv\u00e9olaires de marque, en impression directe UV. Les plaques pliantes sont livr\u00e9es pr\u00e9-taill\u00e9es et pr\u00e9-coll\u00e9es.[\/vc_column_text][\/vc_column][vc_column width=\u00a0\u00bb1\/2&Prime;][vc_column_text]<\/p>\n<h2>Livraison gratuite<\/h2>\n<p>Tous nos produits sont envoy\u00e9s gratuitement en Allemagne &amp; au Luxembourg par GLS ou HERMES. Selon le tirage et l&#8217;emplacement, nous livrons nous-m\u00eames.<br \/>\nDe plus, nous livrons en France, Belgique, Pays-Bas &amp; Autriche, moyennant un suppl\u00e9ment.[\/vc_column_text][\/vc_column][\/vc_row][vc_row][vc_column][vc_column_text]<\/p>\n<h2>Fixation des plaques de courtage ?<\/h2>\n<p>Nos panneaux sont toujours munis d&rsquo;un ruban adh\u00e9sif double face qui offre une bonne adh\u00e9rence par tous les temps.<\/p>\n<p>Nous pouvons \u00e9galement munir vos panneaux de ventouses, moyennant un suppl\u00e9ment de prix. Pour ce faire, veuillez d&rsquo;abord prendre contact avec nous.[\/vc_column_text][\/vc_column][\/vc_row][\/vc_section]<\/p>\n<\/section>","protected":false},"excerpt":{"rendered":"<p>Nos panneaux pliables, \u00e9galement appel\u00e9s panneaux \u00e0 nez, sont tr\u00e8s visibles et efficaces sur le plan publicitaire gr\u00e2ce \u00e0 leur forme 3D.<\/p>\n<p>Les panneaux sont fabriqu\u00e9s \u00e0 partir de plaques alv\u00e9olaires en polypropyl\u00e8ne de 3,5 mm d&rsquo;\u00e9paisseur.<\/p>\n<p>Il s&rsquo;agit d&rsquo;un mat\u00e9riau tr\u00e8s l\u00e9ger, stable et r\u00e9sistant aux intemp\u00e9ries. Pour la fixation, les panneaux pliables sont munis d&rsquo;un ruban adh\u00e9sif double face.<\/p>\n<p>Vous trouverez ci-dessous nos tarifs.<\/p>\n","protected":false},"featured_media":10423,"template":"","meta":[],"product_cat":[690],"product_tag":[],"class_list":["post-10564","product","type-product","status-publish","has-post-thumbnail","hentry","product_cat-panneaux-pliants"],"yoast_head":"<!-- This site is optimized with the Yoast SEO plugin v20.13 - https:\/\/yoast.com\/wordpress\/plugins\/seo\/ -->\n<title>Panneau pliable 700(l) x 500(h) - Made4you Publicit\u00e9<\/title>\n<meta name=\"robots\" content=\"index, follow, max-snippet:-1, max-image-preview:large, max-video-preview:-1\" \/>\n<link rel=\"canonical\" href=\"https:\/\/made4you.lu\/produit\/faltschild-700b-x-500h-mm\/\" \/>\n<meta property=\"og:locale\" content=\"fr_FR\" \/>\n<meta property=\"og:type\" content=\"article\" \/>\n<meta property=\"og:title\" content=\"Panneau pliable 700(l) x 500(h) - Made4you Publicit\u00e9\" \/>\n<meta property=\"og:description\" content=\"Nos panneaux pliables, \u00e9galement appel\u00e9s panneaux \u00e0 nez, sont tr\u00e8s visibles et efficaces sur le plan publicitaire gr\u00e2ce \u00e0 leur forme 3D.  Les panneaux sont fabriqu\u00e9s \u00e0 partir de plaques alv\u00e9olaires en polypropyl\u00e8ne de 3,5 mm d&#039;\u00e9paisseur.  Il s&#039;agit d&#039;un mat\u00e9riau tr\u00e8s l\u00e9ger, stable et r\u00e9sistant aux intemp\u00e9ries. Pour la fixation, les panneaux pliables sont munis d&#039;un ruban adh\u00e9sif double face.  Vous trouverez ci-dessous nos tarifs.\" \/>\n<meta property=\"og:url\" content=\"https:\/\/made4you.lu\/produit\/faltschild-700b-x-500h-mm\/\" \/>\n<meta property=\"og:site_name\" content=\"Made4you Publicit\u00e9\" \/>\n<meta property=\"article:modified_time\" content=\"2022-03-23T13:28:33+00:00\" \/>\n<meta property=\"og:image\" content=\"https:\/\/made4you.lu\/wp-content\/uploads\/2022\/03\/700x500.jpg\" \/>\n\t<meta property=\"og:image:width\" content=\"800\" \/>\n\t<meta property=\"og:image:height\" content=\"600\" \/>\n\t<meta property=\"og:image:type\" content=\"image\/jpeg\" \/>\n<meta name=\"twitter:card\" content=\"summary_large_image\" \/>\n<meta name=\"twitter:label1\" content=\"Dur\u00e9e de lecture estim\u00e9e\" \/>\n\t<meta name=\"twitter:data1\" content=\"2 minutes\" \/>\n<script type=\"application\/ld+json\" class=\"yoast-schema-graph\">{\"@context\":\"https:\/\/schema.org\",\"@graph\":[{\"@type\":\"WebPage\",\"@id\":\"https:\/\/made4you.lu\/produit\/faltschild-700b-x-500h-mm\/\",\"url\":\"https:\/\/made4you.lu\/produit\/faltschild-700b-x-500h-mm\/\",\"name\":\"Panneau pliable 700(l) x 500(h) - Made4you Publicit\u00e9\",\"isPartOf\":{\"@id\":\"https:\/\/made4you.lu\/#website\"},\"datePublished\":\"2022-03-16T14:48:24+00:00\",\"dateModified\":\"2022-03-23T13:28:33+00:00\",\"breadcrumb\":{\"@id\":\"https:\/\/made4you.lu\/produit\/faltschild-700b-x-500h-mm\/#breadcrumb\"},\"inLanguage\":\"fr-FR\",\"potentialAction\":[{\"@type\":\"ReadAction\",\"target\":[\"https:\/\/made4you.lu\/produit\/faltschild-700b-x-500h-mm\/\"]}]},{\"@type\":\"BreadcrumbList\",\"@id\":\"https:\/\/made4you.lu\/produit\/faltschild-700b-x-500h-mm\/#breadcrumb\",\"itemListElement\":[{\"@type\":\"ListItem\",\"position\":1,\"name\":\"Startseite\",\"item\":\"https:\/\/made4you.lu\/fr\/\"},{\"@type\":\"ListItem\",\"position\":2,\"name\":\"Unsere Preise\",\"item\":\"https:\/\/made4you.lu\/shop\/\"},{\"@type\":\"ListItem\",\"position\":3,\"name\":\"Panneau pliable 700(l) x 500(h)\"}]},{\"@type\":\"WebSite\",\"@id\":\"https:\/\/made4you.lu\/#website\",\"url\":\"https:\/\/made4you.lu\/\",\"name\":\"Made4you Publicit\u00e9\",\"description\":\"\u00e0 Wasserbillig (LU) &amp; Konz (DE). Votre partenaire en mati\u00e8re de publicit\u00e9, d&#039;impression, de graphisme, d&#039;impression textile, de broderie, de cadeaux publicitaires, de webdesign, de fournitures pour les associations et bien plus encore.\",\"potentialAction\":[{\"@type\":\"SearchAction\",\"target\":{\"@type\":\"EntryPoint\",\"urlTemplate\":\"https:\/\/made4you.lu\/?s={search_term_string}\"},\"query-input\":\"required name=search_term_string\"}],\"inLanguage\":\"fr-FR\"}]}<\/script>\n<!-- \/ Yoast SEO plugin. -->","yoast_head_json":{"title":"Panneau pliable 700(l) x 500(h) - Made4you Publicit\u00e9","robots":{"index":"index","follow":"follow","max-snippet":"max-snippet:-1","max-image-preview":"max-image-preview:large","max-video-preview":"max-video-preview:-1"},"canonical":"https:\/\/made4you.lu\/produit\/faltschild-700b-x-500h-mm\/","og_locale":"fr_FR","og_type":"article","og_title":"Panneau pliable 700(l) x 500(h) - Made4you Publicit\u00e9","og_description":"Nos panneaux pliables, \u00e9galement appel\u00e9s panneaux \u00e0 nez, sont tr\u00e8s visibles et efficaces sur le plan publicitaire gr\u00e2ce \u00e0 leur forme 3D.  Les panneaux sont fabriqu\u00e9s \u00e0 partir de plaques alv\u00e9olaires en polypropyl\u00e8ne de 3,5 mm d'\u00e9paisseur.  Il s'agit d'un mat\u00e9riau tr\u00e8s l\u00e9ger, stable et r\u00e9sistant aux intemp\u00e9ries. Pour la fixation, les panneaux pliables sont munis d'un ruban adh\u00e9sif double face.  Vous trouverez ci-dessous nos tarifs.","og_url":"https:\/\/made4you.lu\/produit\/faltschild-700b-x-500h-mm\/","og_site_name":"Made4you Publicit\u00e9","article_modified_time":"2022-03-23T13:28:33+00:00","og_image":[{"width":800,"height":600,"url":"https:\/\/made4you.lu\/wp-content\/uploads\/2022\/03\/700x500.jpg","type":"image\/jpeg"}],"twitter_card":"summary_large_image","twitter_misc":{"Dur\u00e9e de lecture estim\u00e9e":"2 minutes"},"schema":{"@context":"https:\/\/schema.org","@graph":[{"@type":"WebPage","@id":"https:\/\/made4you.lu\/produit\/faltschild-700b-x-500h-mm\/","url":"https:\/\/made4you.lu\/produit\/faltschild-700b-x-500h-mm\/","name":"Panneau pliable 700(l) x 500(h) - Made4you Publicit\u00e9","isPartOf":{"@id":"https:\/\/made4you.lu\/#website"},"datePublished":"2022-03-16T14:48:24+00:00","dateModified":"2022-03-23T13:28:33+00:00","breadcrumb":{"@id":"https:\/\/made4you.lu\/produit\/faltschild-700b-x-500h-mm\/#breadcrumb"},"inLanguage":"fr-FR","potentialAction":[{"@type":"ReadAction","target":["https:\/\/made4you.lu\/produit\/faltschild-700b-x-500h-mm\/"]}]},{"@type":"BreadcrumbList","@id":"https:\/\/made4you.lu\/produit\/faltschild-700b-x-500h-mm\/#breadcrumb","itemListElement":[{"@type":"ListItem","position":1,"name":"Startseite","item":"https:\/\/made4you.lu\/fr\/"},{"@type":"ListItem","position":2,"name":"Unsere Preise","item":"https:\/\/made4you.lu\/shop\/"},{"@type":"ListItem","position":3,"name":"Panneau pliable 700(l) x 500(h)"}]},{"@type":"WebSite","@id":"https:\/\/made4you.lu\/#website","url":"https:\/\/made4you.lu\/","name":"Made4you Publicit\u00e9","description":"\u00e0 Wasserbillig (LU) &amp; Konz (DE). Votre partenaire en mati\u00e8re de publicit\u00e9, d&#039;impression, de graphisme, d&#039;impression textile, de broderie, de cadeaux publicitaires, de webdesign, de fournitures pour les associations et bien plus encore.","potentialAction":[{"@type":"SearchAction","target":{"@type":"EntryPoint","urlTemplate":"https:\/\/made4you.lu\/?s={search_term_string}"},"query-input":"required name=search_term_string"}],"inLanguage":"fr-FR"}]}},"_links":{"self":[{"href":"https:\/\/made4you.lu\/fr\/wp-json\/wp\/v2\/product\/10564","targetHints":{"allow":["GET"]}}],"collection":[{"href":"https:\/\/made4you.lu\/fr\/wp-json\/wp\/v2\/product"}],"about":[{"href":"https:\/\/made4you.lu\/fr\/wp-json\/wp\/v2\/types\/product"}],"version-history":[{"count":2,"href":"https:\/\/made4you.lu\/fr\/wp-json\/wp\/v2\/product\/10564\/revisions"}],"predecessor-version":[{"id":10566,"href":"https:\/\/made4you.lu\/fr\/wp-json\/wp\/v2\/product\/10564\/revisions\/10566"}],"wp:featuredmedia":[{"embeddable":true,"href":"https:\/\/made4you.lu\/fr\/wp-json\/wp\/v2\/media\/10423"}],"wp:attachment":[{"href":"https:\/\/made4you.lu\/fr\/wp-json\/wp\/v2\/media?parent=10564"}],"wp:term":[{"taxonomy":"product_cat","embeddable":true,"href":"https:\/\/made4you.lu\/fr\/wp-json\/wp\/v2\/product_cat?post=10564"},{"taxonomy":"product_tag","embeddable":true,"href":"https:\/\/made4you.lu\/fr\/wp-json\/wp\/v2\/product_tag?post=10564"}],"curies":[{"name":"wp","href":"https:\/\/api.w.org\/{rel}","templated":true}]}}