{"id":6742,"date":"2021-10-27T13:44:05","date_gmt":"2021-10-27T13:44:05","guid":{"rendered":"https:\/\/made4you.lu\/personalisierte-geschenke\/"},"modified":"2022-04-01T12:09:07","modified_gmt":"2022-04-01T12:09:07","slug":"cadeaux-personnalises","status":"publish","type":"page","link":"https:\/\/made4you.lu\/fr\/cadeaux-personnalises\/","title":{"rendered":"Cadeaux personnalis\u00e9s"},"content":{"rendered":"<section class=\"wpb-content-wrapper\"><p>[vc_row full_width=\u00a0\u00bbstretch_row\u00a0\u00bb css=\u00a0\u00bb.vc_custom_1642000572439{background-color: #fff1db !important;}\u00a0\u00bb][vc_column offset=\u00a0\u00bbvc_hidden-sm vc_hidden-xs\u00a0\u00bb]                <div id=\"pencilatest_posts_94987\" class=\"penci-latest-posts-sc penci-latest-posts-list penci-el-mixed-s1 penci-std-continue-left\">\r\n\t\t\t\t\t                    <div class=\"penci-wrapper-posts-ajax\">\r\n\r\n                        <div class=\"penci-wrapper-posts-content pwid-default\">\r\n\r\n\t\t\t\t\t\t\t\t\t\t\t\t\t\t\t                                <ul class=\"penci-wrapper-data penci-grid penci-shortcode-render\">\t\t\t\t\t\t\t\t\t\t\t\t\t\t\t\t\t\t\t\t    <li class=\"list-post penci-item-listp\">\r\n        <article id=\"post-7757\" class=\"item hentry\">\r\n\t\t\t                <div class=\"thumbnail\">\r\n\t\t\t\t\t\r\n\t\t\t\t\t                        <a class=\"penci-image-holder\"\r\n                           style=\"background-image: url('https:\/\/made4you.lu\/wp-content\/uploads\/2021\/10\/IMG_5215-2-585x390.jpg');\"\r\n                           href=\"https:\/\/made4you.lu\/fr\/2021\/10\/21\/informations-sur-les-cadeaux-personnalisables\/\"\r\n                           title=\"Informations sur les cadeaux personnalisables\">\r\n                        <\/a>\r\n\t\t\t\t\t\r\n\t\t\t\t\t\t\t\t\t\t\t\t\t\t\t\t\t\t\t\t\t\t\t\t\t\t\t\t\t\t\t\t\t\t\t\t\t\t\t\t                <\/div>\r\n\t\t\t\r\n            <div class=\"content-list-right content-list-center\">\r\n                <div class=\"header-list-style\">\r\n\t\t\t\t\t\r\n                    <h2 class=\"penci-entry-title entry-title grid-title\"><a\r\n                                href=\"https:\/\/made4you.lu\/fr\/2021\/10\/21\/informations-sur-les-cadeaux-personnalisables\/\">Informations sur les cadeaux personnalisables<\/a>\r\n                    <\/h2>\r\n\t\t\t\t\t\t\t<div class=\"penci-hide-tagupdated\">\n\t\t\t<span class=\"author-italic author vcard\">by                                         <a class=\"author-url url fn n\"\n                                           href=\"https:\/\/made4you.lu\/fr\/author\/gtabk\/\">Billy Klein<\/a>\n\t\t\t\t\t\t\t\t\t<\/span>\n\t\t\t<time class=\"entry-date published\" datetime=\"2021-10-21T13:19:31+00:00\">21 octobre 2021<\/time>\t\t<\/div>\n\t\t\t\t\t\t\t                <\/div>\r\n\r\n\t\t\t\t\r\n\t\t\t\t\r\n\t\t\t\t                    <div class=\"penci-post-box-meta penci-post-box-grid penci-post-box-listpost\">\r\n                        <div class=\"penci-post-share-box\">\r\n\t\t\t\t\t\t\t<a href=\"#\" class=\"penci-post-like\" aria-label=\"Like this post\" data-post_id=\"7757\" title=\"Like\" data-like=\"Like\" data-unlike=\"Unlike\"><i class=\"penci-faicon fa fa-heart-o\" ><\/i><span class=\"dt-share\">0<\/span><\/a>\t\t\t\t\t\t\t<a class=\"new-ver-share post-share-item post-share-facebook\" aria-label=\"Share on Facebook\" target=\"_blank\"  rel=\"noreferrer\" href=\"https:\/\/www.facebook.com\/sharer\/sharer.php?u=https:\/\/made4you.lu\/fr\/2021\/10\/21\/informations-sur-les-cadeaux-personnalisables\/\"><i class=\"penci-faicon fa fa-facebook\" ><\/i><span class=\"dt-share\">Facebook<\/span><\/a><a class=\"new-ver-share post-share-item post-share-whatsapp\" aria-label=\"Share on Whatsapp\" target=\"_blank\"  rel=\"noreferrer\" href=\"https:\/\/api.whatsapp.com\/send?text=Informations%20sur%20les%20cadeaux%20personnalisables %0A%0A https%3A%2F%2Fmade4you.lu%2Ffr%2F2021%2F10%2F21%2Finformations-sur-les-cadeaux-personnalisables%2F\"><i class=\"penci-faicon fa fa-whatsapp\" ><\/i><span class=\"dt-share\">Whatsapp<\/span><\/a><a class=\"new-ver-share post-share-item post-share-email\" target=\"_blank\" aria-label=\"Share via Email\"  rel=\"noreferrer\" href=\"mailto:?subject=Informations%20sur%20les%20cadeaux%20personnalisables&#038;BODY=https:\/\/made4you.lu\/fr\/2021\/10\/21\/informations-sur-les-cadeaux-personnalisables\/\"><i class=\"penci-faicon fa fa-envelope\" ><\/i><span class=\"dt-share\">Email<\/span><\/a>                        <\/div>\r\n                    <\/div>\r\n\t\t\t\t            <\/div>\r\n\r\n        <\/article>\r\n    <\/li>\r\n\r\n\t\t\t\t\t\t\t\t\t\t\t\t\t\t\t\t\t\t\t\t\t\t\t\t\t\t\t\t<\/ul>\r\n\t\t\t\t\t\t\t\t\t\t\t\t\t\t\t\t\t\t\t\t\t                        <\/div>\r\n\r\n\t\t\t\t\t\t                    <\/div>\r\n                <\/div>\r\n\t\t\t            <style>\r\n                                                                                                                                                                            <\/style>\r\n\t\t\t[\/vc_column][\/vc_row][vc_row full_width=\u00a0\u00bbstretch_row\u00a0\u00bb css=\u00a0\u00bb.vc_custom_1642000572439{background-color: #fff1db !important;}\u00a0\u00bb][vc_column offset=\u00a0\u00bbvc_hidden-lg vc_hidden-md\u00a0\u00bb][vc_custom_heading text=\u00a0\u00bbInformations sur les cadeaux personnalisables\u00a0\u00bb font_container=\u00a0\u00bbtag:h3|text_align:left|color:%23ffffff\u00a0\u00bb use_theme_fonts=\u00a0\u00bbyes\u00a0\u00bb link=\u00a0\u00bburl:%2Ffr%2F2021%2F10%2F21%2Finformations-sur-les-cadeaux-personnalisables%2F\u00a0\u00bb][vc_column_text]Le petit cadeau personnel pour vos proches chez Made4you, nous avons ce qu&rsquo;il faut pour chaque client, qu&rsquo;il s&rsquo;agisse d&rsquo;un client professionnel ou d&rsquo;un particulier. Dans notre magasin \u00e0 Wasserbillig, nous proposons donc une grande <a href=\"\/fr\/2021\/10\/21\/informations-sur-les-cadeaux-personnalisables\/\">(continuer&#8230;)<\/a>[\/vc_column_text][\/vc_column][\/vc_row][vc_row full_width=\u00a0\u00bbstretch_row\u00a0\u00bb css=\u00a0\u00bb.vc_custom_1631525211176{background-color: #ff8300 !important;}\u00a0\u00bb][vc_column][vc_custom_heading text=\u00a0\u00bbAcc\u00e9dez \u00e0 notre blog\u00a0\u00bb font_container=\u00a0\u00bbtag:h4|font_size:22px|text_align:center|color:%23ffffff\u00a0\u00bb use_theme_fonts=\u00a0\u00bbyes\u00a0\u00bb link=\u00a0\u00bburl:%2Ffr%2Fmade4you-blog-impression%2F\u00a0\u00bb css=\u00a0\u00bb.vc_custom_1648814940091{padding-bottom: 25px !important;}\u00a0\u00bb][\/vc_column][\/vc_row][vc_row][vc_column][vc_row_inner][vc_column_inner width=\u00a0\u00bb1\/2&Prime;][vc_column_text]<span style=\"font-size: large;\"><b>V\u00caTEMENTS<br \/>\n<\/b><\/span>[\/vc_column_text][vc_single_image image=\u00a0\u00bb4891&Prime; img_size=\u00a0\u00bb350x250px\u00a0\u00bb][vc_column_text]<\/p>\n<div class=\"wpb_text_column wpb_content_element \">\n<div class=\"wpb_wrapper\">\n<p>Le motif ou l&rsquo;\u00e9criture de votre choix sur un t-shirt, un polo, un sweat \u00e0 capuche ou tout autre textile.<\/p>\n<p>Impression textile et broderie possibles!<\/p>\n<p><b>\u00e0 partir de 16 Euros <\/b><em>TTC<\/em><\/p>\n<\/div>\n<\/div>\n<p>[\/vc_column_text][\/vc_column_inner][vc_column_inner width=\u00a0\u00bb1\/2&Prime;][vc_column_text]<span style=\"font-size: large;\"><b>TASSES<br \/>\n<\/b><\/span>[\/vc_column_text][vc_single_image image=\u00a0\u00bb5022&Prime; img_size=\u00a0\u00bb350x250px\u00a0\u00bb][vc_column_text]<\/p>\n<div class=\"wpb_text_column wpb_content_element \">\n<div class=\"wpb_wrapper\">\n<p>Nous imprimons le motif de votre choix sur une tasse! Vous avez le choix entre diff\u00e9rents mod\u00e8les de tasses.<\/p>\n<p><b>\u00e0 partir de 12,00 Euro <\/b> <em>TTC<\/em><\/p>\n<\/div>\n<\/div>\n<p>[\/vc_column_text][\/vc_column_inner][\/vc_row_inner][vc_row_inner][vc_column_inner width=\u00a0\u00bb1\/2&Prime;][vc_column_text]<span style=\"font-size: large;\"><b>OREILLER<br \/>\n<\/b><\/span>[\/vc_column_text][vc_single_image image=\u00a0\u00bb4893&Prime; img_size=\u00a0\u00bb350x250px\u00a0\u00bb style=\u00a0\u00bbvc_box_shadow\u00a0\u00bb][vc_column_text]<\/p>\n<div class=\"wpb_text_column wpb_content_element \">\n<div class=\"wpb_wrapper\">\n<p>Un coussin avec le motif de votre choix!<\/p>\n<p><b>\u00e0 partir de 21 Euros\u00a0<\/b> <em>TTC<br \/>\n<\/em><\/p>\n<\/div>\n<\/div>\n<p>[\/vc_column_text][\/vc_column_inner][vc_column_inner width=\u00a0\u00bb1\/2&Prime;][vc_column_text]<span style=\"font-size: large;\"><b>PR\u00c9SENTOIR EN VERRE<br \/>\n<\/b><\/span>[\/vc_column_text][vc_single_image image=\u00a0\u00bb4894&Prime; img_size=\u00a0\u00bb350x250px\u00a0\u00bb style=\u00a0\u00bbvc_box_shadow\u00a0\u00bb][vc_column_text]<\/p>\n<div class=\"wpb_text_column wpb_content_element \">\n<div class=\"wpb_wrapper\">\n<p>Nous proposons des pr\u00e9sentoirs en verre, imprim\u00e9s avec le motif de votre choix, en format portrait ou paysage et en diff\u00e9rentes tailles.<\/p>\n<p><b>\u00e0 partir de 24 Euros\u00a0<\/b> <em>TTC<br \/>\n<\/em><\/p>\n<\/div>\n<\/div>\n<p>[\/vc_column_text][\/vc_column_inner][\/vc_row_inner][vc_row_inner][vc_column_inner width=\u00a0\u00bb1\/2&Prime;][vc_column_text]<span style=\"font-size: large;\"><b>TOILES PHOTO<br \/>\n<\/b><\/span>[\/vc_column_text][vc_single_image image=\u00a0\u00bb4895&Prime; img_size=\u00a0\u00bb350x250px\u00a0\u00bb style=\u00a0\u00bbvc_box_shadow\u00a0\u00bb][vc_column_text]<\/p>\n<div class=\"wpb_text_column wpb_content_element \">\n<div class=\"wpb_wrapper\">\n<p>Vous voulez votre photo pr\u00e9f\u00e9r\u00e9e sur une grande toile?<\/p>\n<p>Nous avons des toiles dans de nombreux formats diff\u00e9rents.<\/p>\n<p>\u00c9paisseurs de ch\u00e2ssis en bois : 2cm et 4cm (Gallery)<\/p>\n<p><b>\u00e0 partir de 5,99 Euros\u00a0<\/b> <em>TTC<\/em><\/p>\n<\/div>\n<\/div>\n<p>[\/vc_column_text][\/vc_column_inner][vc_column_inner width=\u00a0\u00bb1\/2&Prime;][vc_column_text]<span style=\"font-size: large;\"><b>ARDOISES<br \/>\n<\/b><\/span>[\/vc_column_text][vc_single_image image=\u00a0\u00bb4896&Prime; img_size=\u00a0\u00bb350x250px\u00a0\u00bb style=\u00a0\u00bbvc_box_shadow\u00a0\u00bb][vc_column_text]<\/p>\n<div class=\"wpb_text_column wpb_content_element \">\n<div class=\"wpb_wrapper\">\n<p>Nous imprimons le motif de votre choix sur une ardoise ou une horloge en ardoise.<\/p>\n<p><b>\u00e0 partir de 24,50 Euros\u00a0<\/b> <em>TTC<\/em><\/p>\n<\/div>\n<\/div>\n<p>[\/vc_column_text][\/vc_column_inner][\/vc_row_inner][vc_row_inner][vc_column_inner width=\u00a0\u00bb1\/2&Prime;][vc_column_text]<span style=\"font-size: large;\"><b>GOBELET THERMIQUE<br \/>\n<\/b><\/span>[\/vc_column_text][vc_single_image image=\u00a0\u00bb4897&Prime; img_size=\u00a0\u00bb350x250px\u00a0\u00bb style=\u00a0\u00bbvc_box_shadow\u00a0\u00bb][vc_column_text]<\/p>\n<div class=\"wpb_text_column wpb_content_element \">\n<div class=\"wpb_wrapper\">\n<p>Le motif de votre choix sur un gobelet isotherme!<\/p>\n<p><b>\u00e0 partir de 25 Euros\u00a0<\/b> <em>TTC<br \/>\n<\/em><\/p>\n<\/div>\n<\/div>\n<p>[\/vc_column_text][\/vc_column_inner][vc_column_inner width=\u00a0\u00bb1\/2&Prime;][vc_column_text]<span style=\"font-size: large;\"><b>TAPIS DE SOURIS<br \/>\n<\/b><\/span>[\/vc_column_text][vc_single_image image=\u00a0\u00bb4898&Prime; img_size=\u00a0\u00bb350x250px\u00a0\u00bb style=\u00a0\u00bbvc_box_shadow\u00a0\u00bb][vc_column_text]<\/p>\n<div class=\"wpb_text_column wpb_content_element \">\n<div class=\"wpb_wrapper\">\n<p>Le motif de votre choix sur un tapis de souris!<\/p>\n<p><b>10,80 Euros\u00a0<\/b> <em>TTC<\/em><\/p>\n<\/div>\n<\/div>\n<p>[\/vc_column_text][\/vc_column_inner][\/vc_row_inner][vc_row_inner][vc_column_inner width=\u00a0\u00bb1\/2&Prime;][vc_column_text]<span style=\"font-size: large;\"><b>PORTE-CL\u00c9S<br \/>\n<\/b><\/span>[\/vc_column_text][vc_single_image image=\u00a0\u00bb4899&Prime; img_size=\u00a0\u00bb350x250px\u00a0\u00bb style=\u00a0\u00bbvc_box_shadow\u00a0\u00bb][vc_column_text]<\/p>\n<div class=\"wpb_text_column wpb_content_element \">\n<div class=\"wpb_wrapper\">\n<div class=\"wpb_text_column wpb_content_element \">\n<div class=\"wpb_wrapper\">\n<p>Le motif de votre choix sur un porte-cl\u00e9s!<\/p>\n<p>Un plus grand choix en magasin.<\/p>\n<p><b>\u00e0 partir de 14 Euros\u00a0<\/b> <em>TTC<\/em><\/p>\n<\/div>\n<\/div>\n<\/div>\n<\/div>\n<p>[\/vc_column_text][\/vc_column_inner][vc_column_inner width=\u00a0\u00bb1\/2&Prime;][vc_column_text]<span style=\"font-size: large;\"><b>ANIMAUX EN PELUCHE<br \/>\n<\/b><\/span>[\/vc_column_text][vc_single_image image=\u00a0\u00bb4900&Prime; img_size=\u00a0\u00bb350x250px\u00a0\u00bb style=\u00a0\u00bbvc_box_shadow\u00a0\u00bb][vc_column_text]<\/p>\n<div class=\"wpb_text_column wpb_content_element \">\n<div class=\"wpb_wrapper\">\n<div class=\"wpb_text_column wpb_content_element \">\n<div class=\"wpb_wrapper\">\n<p>Le motif de votre choix sur le t-shirt de l&rsquo;animal en peluche!<\/p>\n<p><b>17,50 Euros\u00a0<\/b><em> TTC<\/em><\/p>\n<\/div>\n<\/div>\n<\/div>\n<\/div>\n<p>[\/vc_column_text][\/vc_column_inner][\/vc_row_inner][vc_row_inner][vc_column_inner width=\u00a0\u00bb1\/2&Prime;][vc_column_text]<span style=\"font-size: large;\"><b>BOULES DE NO\u00cbL<br \/>\n<\/b><\/span>[\/vc_column_text][vc_single_image image=\u00a0\u00bb4901&Prime; img_size=\u00a0\u00bb350x250px\u00a0\u00bb style=\u00a0\u00bbvc_box_shadow\u00a0\u00bb][vc_column_text]<\/p>\n<div class=\"wpb_text_column wpb_content_element \">\n<div class=\"wpb_wrapper\">\n<div class=\"wpb_text_column wpb_content_element \">\n<div class=\"wpb_wrapper\">\n<div class=\"wpb_text_column wpb_content_element \">\n<div class=\"wpb_wrapper\">\n<p>Le motif de votre choix sur une boule de No\u00ebl!<\/p>\n<p><b>\u00e0 partir de 10 Euros\u00a0<\/b><em> TTC<\/em><\/p>\n<\/div>\n<\/div>\n<\/div>\n<\/div>\n<\/div>\n<\/div>\n<p>[\/vc_column_text][\/vc_column_inner][vc_column_inner width=\u00a0\u00bb1\/2&Prime;][\/vc_column_inner][\/vc_row_inner][\/vc_column][\/vc_row]<\/p>\n<\/section>","protected":false},"excerpt":{"rendered":"[vc_row][vc_column][vc_column_text] Le petit cadeau personnel pour vos proches Chez Made4you, nous avons ce qu'il faut pour chaque client, qu'il s'agisse d'un professionnel ou d'un particulier. Dans notre magasin de Wasserbillig,&hellip;","protected":false},"author":1,"featured_media":0,"parent":0,"menu_order":0,"comment_status":"closed","ping_status":"closed","template":"page-sidebar.php","meta":{"footnotes":""},"class_list":["post-6742","page","type-page","status-publish","hentry"],"yoast_head":"<!-- This site is optimized with the Yoast SEO plugin v20.13 - https:\/\/yoast.com\/wordpress\/plugins\/seo\/ -->\n<title>Cadeaux personnalis\u00e9s - Made4you Publicit\u00e9<\/title>\n<meta name=\"description\" content=\"Cadeaux personnalis\u00e9s, tels que tasses, coussins, pr\u00e9sentoirs en verre, photos sur toile, ardoises, mugs isothermes, boules de No\u00ebl,...\" \/>\n<meta name=\"robots\" content=\"index, follow, max-snippet:-1, max-image-preview:large, max-video-preview:-1\" \/>\n<link rel=\"canonical\" href=\"https:\/\/made4you.lu\/fr\/cadeaux-personnalises\/\" \/>\n<meta property=\"og:locale\" content=\"fr_FR\" \/>\n<meta property=\"og:type\" content=\"article\" \/>\n<meta property=\"og:title\" content=\"Cadeaux personnalis\u00e9s - Made4you Publicit\u00e9\" \/>\n<meta property=\"og:description\" content=\"Cadeaux personnalis\u00e9s, tels que tasses, coussins, pr\u00e9sentoirs en verre, photos sur toile, ardoises, mugs isothermes, boules de No\u00ebl,...\" \/>\n<meta property=\"og:url\" content=\"https:\/\/made4you.lu\/fr\/cadeaux-personnalises\/\" \/>\n<meta property=\"og:site_name\" content=\"Made4you Publicit\u00e9\" \/>\n<meta property=\"article:modified_time\" content=\"2022-04-01T12:09:07+00:00\" \/>\n<meta name=\"twitter:card\" content=\"summary_large_image\" \/>\n<meta name=\"twitter:label1\" content=\"Dur\u00e9e de lecture estim\u00e9e\" \/>\n\t<meta name=\"twitter:data1\" content=\"3 minutes\" \/>\n<script type=\"application\/ld+json\" class=\"yoast-schema-graph\">{\"@context\":\"https:\/\/schema.org\",\"@graph\":[{\"@type\":\"WebPage\",\"@id\":\"https:\/\/made4you.lu\/fr\/cadeaux-personnalises\/\",\"url\":\"https:\/\/made4you.lu\/fr\/cadeaux-personnalises\/\",\"name\":\"Cadeaux personnalis\u00e9s - Made4you Publicit\u00e9\",\"isPartOf\":{\"@id\":\"https:\/\/made4you.lu\/#website\"},\"datePublished\":\"2021-10-27T13:44:05+00:00\",\"dateModified\":\"2022-04-01T12:09:07+00:00\",\"description\":\"Cadeaux personnalis\u00e9s, tels que tasses, coussins, pr\u00e9sentoirs en verre, photos sur toile, ardoises, mugs isothermes, boules de No\u00ebl,...\",\"breadcrumb\":{\"@id\":\"https:\/\/made4you.lu\/fr\/cadeaux-personnalises\/#breadcrumb\"},\"inLanguage\":\"fr-FR\",\"potentialAction\":[{\"@type\":\"ReadAction\",\"target\":[\"https:\/\/made4you.lu\/fr\/cadeaux-personnalises\/\"]}]},{\"@type\":\"BreadcrumbList\",\"@id\":\"https:\/\/made4you.lu\/fr\/cadeaux-personnalises\/#breadcrumb\",\"itemListElement\":[{\"@type\":\"ListItem\",\"position\":1,\"name\":\"Startseite\",\"item\":\"https:\/\/made4you.lu\/fr\/\"},{\"@type\":\"ListItem\",\"position\":2,\"name\":\"Cadeaux personnalis\u00e9s\"}]},{\"@type\":\"WebSite\",\"@id\":\"https:\/\/made4you.lu\/#website\",\"url\":\"https:\/\/made4you.lu\/\",\"name\":\"Made4you Publicit\u00e9\",\"description\":\"\u00e0 Wasserbillig (LU) &amp; Konz (DE). Votre partenaire en mati\u00e8re de publicit\u00e9, d&#039;impression, de graphisme, d&#039;impression textile, de broderie, de cadeaux publicitaires, de webdesign, de fournitures pour les associations et bien plus encore.\",\"potentialAction\":[{\"@type\":\"SearchAction\",\"target\":{\"@type\":\"EntryPoint\",\"urlTemplate\":\"https:\/\/made4you.lu\/?s={search_term_string}\"},\"query-input\":\"required name=search_term_string\"}],\"inLanguage\":\"fr-FR\"}]}<\/script>\n<!-- \/ Yoast SEO plugin. -->","yoast_head_json":{"title":"Cadeaux personnalis\u00e9s - Made4you Publicit\u00e9","description":"Cadeaux personnalis\u00e9s, tels que tasses, coussins, pr\u00e9sentoirs en verre, photos sur toile, ardoises, mugs isothermes, boules de No\u00ebl,...","robots":{"index":"index","follow":"follow","max-snippet":"max-snippet:-1","max-image-preview":"max-image-preview:large","max-video-preview":"max-video-preview:-1"},"canonical":"https:\/\/made4you.lu\/fr\/cadeaux-personnalises\/","og_locale":"fr_FR","og_type":"article","og_title":"Cadeaux personnalis\u00e9s - Made4you Publicit\u00e9","og_description":"Cadeaux personnalis\u00e9s, tels que tasses, coussins, pr\u00e9sentoirs en verre, photos sur toile, ardoises, mugs isothermes, boules de No\u00ebl,...","og_url":"https:\/\/made4you.lu\/fr\/cadeaux-personnalises\/","og_site_name":"Made4you Publicit\u00e9","article_modified_time":"2022-04-01T12:09:07+00:00","twitter_card":"summary_large_image","twitter_misc":{"Dur\u00e9e de lecture estim\u00e9e":"3 minutes"},"schema":{"@context":"https:\/\/schema.org","@graph":[{"@type":"WebPage","@id":"https:\/\/made4you.lu\/fr\/cadeaux-personnalises\/","url":"https:\/\/made4you.lu\/fr\/cadeaux-personnalises\/","name":"Cadeaux personnalis\u00e9s - Made4you Publicit\u00e9","isPartOf":{"@id":"https:\/\/made4you.lu\/#website"},"datePublished":"2021-10-27T13:44:05+00:00","dateModified":"2022-04-01T12:09:07+00:00","description":"Cadeaux personnalis\u00e9s, tels que tasses, coussins, pr\u00e9sentoirs en verre, photos sur toile, ardoises, mugs isothermes, boules de No\u00ebl,...","breadcrumb":{"@id":"https:\/\/made4you.lu\/fr\/cadeaux-personnalises\/#breadcrumb"},"inLanguage":"fr-FR","potentialAction":[{"@type":"ReadAction","target":["https:\/\/made4you.lu\/fr\/cadeaux-personnalises\/"]}]},{"@type":"BreadcrumbList","@id":"https:\/\/made4you.lu\/fr\/cadeaux-personnalises\/#breadcrumb","itemListElement":[{"@type":"ListItem","position":1,"name":"Startseite","item":"https:\/\/made4you.lu\/fr\/"},{"@type":"ListItem","position":2,"name":"Cadeaux personnalis\u00e9s"}]},{"@type":"WebSite","@id":"https:\/\/made4you.lu\/#website","url":"https:\/\/made4you.lu\/","name":"Made4you Publicit\u00e9","description":"\u00e0 Wasserbillig (LU) &amp; Konz (DE). Votre partenaire en mati\u00e8re de publicit\u00e9, d&#039;impression, de graphisme, d&#039;impression textile, de broderie, de cadeaux publicitaires, de webdesign, de fournitures pour les associations et bien plus encore.","potentialAction":[{"@type":"SearchAction","target":{"@type":"EntryPoint","urlTemplate":"https:\/\/made4you.lu\/?s={search_term_string}"},"query-input":"required name=search_term_string"}],"inLanguage":"fr-FR"}]}},"_links":{"self":[{"href":"https:\/\/made4you.lu\/fr\/wp-json\/wp\/v2\/pages\/6742","targetHints":{"allow":["GET"]}}],"collection":[{"href":"https:\/\/made4you.lu\/fr\/wp-json\/wp\/v2\/pages"}],"about":[{"href":"https:\/\/made4you.lu\/fr\/wp-json\/wp\/v2\/types\/page"}],"author":[{"embeddable":true,"href":"https:\/\/made4you.lu\/fr\/wp-json\/wp\/v2\/users\/1"}],"replies":[{"embeddable":true,"href":"https:\/\/made4you.lu\/fr\/wp-json\/wp\/v2\/comments?post=6742"}],"version-history":[{"count":6,"href":"https:\/\/made4you.lu\/fr\/wp-json\/wp\/v2\/pages\/6742\/revisions"}],"predecessor-version":[{"id":10864,"href":"https:\/\/made4you.lu\/fr\/wp-json\/wp\/v2\/pages\/6742\/revisions\/10864"}],"wp:attachment":[{"href":"https:\/\/made4you.lu\/fr\/wp-json\/wp\/v2\/media?parent=6742"}],"curies":[{"name":"wp","href":"https:\/\/api.w.org\/{rel}","templated":true}]}}