{"id":6732,"date":"2021-09-27T08:32:15","date_gmt":"2021-09-27T08:32:15","guid":{"rendered":"https:\/\/made4you.lu\/webdesign-hosting\/"},"modified":"2022-04-01T12:05:13","modified_gmt":"2022-04-01T12:05:13","slug":"sites-web-hebergement","status":"publish","type":"page","link":"https:\/\/made4you.lu\/fr\/sites-web-hebergement\/","title":{"rendered":"Sites web &#038; h\u00e9bergement"},"content":{"rendered":"<section class=\"wpb-content-wrapper\"><p>[vc_row][vc_column][vc_row_inner][vc_column_inner width=\u00a0\u00bb1\/2&Prime;][vc_column_text]<span style=\"font-size: large;\"><b>CONCEPTION DE SITES WEB<br \/>\n<\/b><\/span>[\/vc_column_text][vc_single_image image=\u00a0\u00bb8338&Prime; img_size=\u00a0\u00bb350x250px\u00a0\u00bb style=\u00a0\u00bbvc_box_shadow\u00a0\u00bb][vc_single_image image=\u00a0\u00bb4855&Prime; img_size=\u00a0\u00bbfull\u00a0\u00bb alignment=\u00a0\u00bbcenter\u00a0\u00bb onclick=\u00a0\u00bbcustom_link\u00a0\u00bb img_link_target=\u00a0\u00bb_blank\u00a0\u00bb link=\u00a0\u00bbhttps:\/\/website24.lu\u00a0\u00bb][vc_column_text]Nous planifions, conceptualisons, concevons et programmons pour nos clients un site web d&rsquo;entreprise professionnel.<\/p>\n<p>Pour que le site web reste \u00e9conomique, nous utilisons des th\u00e8mes premium qui sont enti\u00e8rement adapt\u00e9s \u00e0 vos souhaits. Nous vous proposons diff\u00e9rents forfaits. Mais vous pouvez aussi louer le site web !<\/p>\n<p><span style=\"font-size: large;\"><b>\u00e0 partir de 30 Euros\u00a0<\/b><\/span><em>hors TVA (Prix de location)<br \/>\n<span style=\"font-size: large;\"><b>\u00e0 partir de 650 Euros <\/b><\/span>hors TVA<em> (Prix d&rsquo;achat)<br \/>\n<em>\u00a9 Website24.lu<\/em><\/em><\/em>[\/vc_column_text][\/vc_column_inner][vc_column_inner width=\u00a0\u00bb1\/2&Prime;][vc_column_text]<span style=\"font-size: large;\"><b>MAINTENANCE DU SITE WEB<br \/>\n<\/b><\/span>[\/vc_column_text][vc_single_image image=\u00a0\u00bb8337&Prime; img_size=\u00a0\u00bb350x250px\u00a0\u00bb style=\u00a0\u00bbvc_box_shadow\u00a0\u00bb][vc_single_image image=\u00a0\u00bb4855&Prime; img_size=\u00a0\u00bbfull\u00a0\u00bb alignment=\u00a0\u00bbcenter\u00a0\u00bb onclick=\u00a0\u00bbcustom_link\u00a0\u00bb img_link_target=\u00a0\u00bb_blank\u00a0\u00bb link=\u00a0\u00bbhttps:\/\/website24.lu\u00a0\u00bb][vc_column_text]Il est parfois n\u00e9cessaire d&rsquo;apporter des modifications \u00e0 un site web, par exemple :<\/p>\n<ul>\n<li>des erreurs qui apparaissent<\/li>\n<li>adaptations du design<\/li>\n<li>ajouter\/modifier des pages<\/li>\n<li>modifier les couleurs\/images<\/li>\n<\/ul>\n<p><span style=\"font-size: large;\"><b>60 Euros \/ h <\/b><\/span><em>hors TVA<\/em><br \/>\n<span style=\"font-size: large;\"><b>39 Euros \/ par mois <\/b><\/span><em>hors TVA<\/em><br \/>\n<em>\u00a9 Website24.lu<\/em>[\/vc_column_text][\/vc_column_inner][\/vc_row_inner][vc_row_inner][vc_column_inner width=\u00a0\u00bb1\/2&Prime;][vc_separator color=\u00a0\u00bbcustom\u00a0\u00bb accent_color=\u00a0\u00bb#ff8300&Prime;][vc_column_text]<span style=\"font-size: large;\"><b>H\u00c9BERGEMENT WEB<br \/>\n<\/b><\/span>[\/vc_column_text][vc_single_image image=\u00a0\u00bb8336&Prime; img_size=\u00a0\u00bb350x250px\u00a0\u00bb style=\u00a0\u00bbvc_box_shadow\u00a0\u00bb][vc_single_image image=\u00a0\u00bb6722&Prime; img_size=\u00a0\u00bb250px\u00a0\u00bb alignment=\u00a0\u00bbcenter\u00a0\u00bb onclick=\u00a0\u00bbcustom_link\u00a0\u00bb img_link_target=\u00a0\u00bb_blank\u00a0\u00bb link=\u00a0\u00bbhttps:\/\/froghost.lu\u00a0\u00bb][vc_column_text]H\u00e9bergez votre site web sur nos serveurs, situ\u00e9s au Luxembourg.<\/p>\n<ul>\n<li>Entretien et maintenance des serveurs<\/li>\n<li>99% d&rsquo;up-time<\/li>\n<li>Sauvegardes incluses<\/li>\n<\/ul>\n<p><span style=\"font-size: large;\"><b>\u00e0 partire de 7 Euros \/ par mois<\/b><\/span> <em>hors TVA<\/em><br \/>\n<em>\u00a9 froghost.lu<\/em>[\/vc_column_text][\/vc_column_inner][vc_column_inner width=\u00a0\u00bb1\/2&Prime;][vc_separator color=\u00a0\u00bbcustom\u00a0\u00bb accent_color=\u00a0\u00bb#ff8300&Prime;][vc_column_text]<span style=\"font-size: large;\"><b>D\u00c9VELOPPEMENT WORDPRESS<br \/>\n<\/b><\/span>[\/vc_column_text][vc_single_image image=\u00a0\u00bb8335&Prime; img_size=\u00a0\u00bb350x250px\u00a0\u00bb style=\u00a0\u00bbvc_box_shadow\u00a0\u00bb][vc_single_image image=\u00a0\u00bb4855&Prime; img_size=\u00a0\u00bbfull\u00a0\u00bb alignment=\u00a0\u00bbcenter\u00a0\u00bb onclick=\u00a0\u00bbcustom_link\u00a0\u00bb img_link_target=\u00a0\u00bb_blank\u00a0\u00bb link=\u00a0\u00bbhttps:\/\/website24.lu\u00a0\u00bb][vc_column_text]Vous souhaitez apporter des modifications \u00e0 votre Wordpress existant, nous nous tenons \u00e0 votre disposition.<\/p>\n<p>Nous proposons les services suivants :<\/p>\n<ul>\n<li>Personnalisation du th\u00e8me<\/li>\n<li>D\u00e9veloppement de th\u00e8mes<\/li>\n<li>D\u00e9veloppement de plugins<\/li>\n<\/ul>\n<p><span style=\"font-size: large;\"><b>60 Euros \/ h<\/b><\/span> <em>hors TVA<\/em><\/p>\n<p>Mais nous pouvons aussi convenir d&rsquo;un prix fixe.[\/vc_column_text][\/vc_column_inner][\/vc_row_inner][vc_row_inner][vc_column_inner width=\u00a0\u00bb1\/2&Prime;][vc_separator color=\u00a0\u00bbcustom\u00a0\u00bb accent_color=\u00a0\u00bb#ff8300&Prime;][vc_column_text]<span style=\"font-size: large;\"><b>PROGRAMMATION<br \/>\n<\/b><\/span>[\/vc_column_text][vc_single_image image=\u00a0\u00bb8334&Prime; img_size=\u00a0\u00bb350x250px\u00a0\u00bb style=\u00a0\u00bbvc_box_shadow\u00a0\u00bb][vc_column_text]Vous souhaitez un site web enti\u00e8rement programm\u00e9 ? Alors prenez contact avec nous. Nos comp\u00e9tences en mati\u00e8re de programmation portent sur :<\/p>\n<ul>\n<li>PHP (Codeigniter)<\/li>\n<li>Laravel<\/li>\n<li>Javascript<\/li>\n<li>MySQL<\/li>\n<\/ul>\n<p>N&rsquo;h\u00e9sitez pas \u00e0 nous \u00e9crire vos souhaits. Nous prendrons contact avec vous dans les plus brefs d\u00e9lais.<\/p>\n<p><span style=\"font-size: large;\"><b>60 Euros \/ <em>h <\/em><\/b><\/span><em>hors TVA<br \/>\n<\/em><\/p>\n<p>Mais nous pouvons aussi convenir d&rsquo;un prix fixe.[\/vc_column_text][vc_separator color=\u00a0\u00bbcustom\u00a0\u00bb accent_color=\u00a0\u00bb#ff8300&Prime;][\/vc_column_inner][vc_column_inner width=\u00a0\u00bb1\/2&Prime;][\/vc_column_inner][\/vc_row_inner][\/vc_column][\/vc_row][vc_row][vc_column][vc_column_text]<\/p>\n<h4><strong>R\u00e9f\u00e9rences<br \/>\n<\/strong><\/h4>\n<p>[\/vc_column_text][vc_row_inner][vc_column_inner width=\u00a0\u00bb1\/3&Prime;][vc_video link=\u00a0\u00bbhttps:\/\/youtu.be\/P7L464XkGYg\u00a0\u00bb][\/vc_column_inner][vc_column_inner width=\u00a0\u00bb1\/3&Prime;][vc_video link=\u00a0\u00bbhttps:\/\/www.youtube.com\/watch?v=HlVZskKe_9s\u00a0\u00bb][\/vc_column_inner][vc_column_inner width=\u00a0\u00bb1\/3&Prime;][vc_video link=\u00a0\u00bbhttps:\/\/youtu.be\/_2RgX2pT7J8&Prime;][\/vc_column_inner][\/vc_row_inner][vc_row_inner][vc_column_inner width=\u00a0\u00bb1\/3&Prime;][vc_video link=\u00a0\u00bbhttps:\/\/youtu.be\/OmZ6ZNHH4sE\u00a0\u00bb][\/vc_column_inner][vc_column_inner width=\u00a0\u00bb1\/3&Prime;][vc_video link=\u00a0\u00bbhttps:\/\/youtu.be\/VXZVpCE-fvQ\u00a0\u00bb][\/vc_column_inner][vc_column_inner width=\u00a0\u00bb1\/3&Prime;][vc_video link=\u00a0\u00bbhttps:\/\/youtu.be\/5FgNN8IBv90&Prime;][\/vc_column_inner][\/vc_row_inner][vc_row_inner][vc_column_inner width=\u00a0\u00bb1\/3&Prime;][vc_video link=\u00a0\u00bbhttps:\/\/youtu.be\/ZMCfn0FLjlg\u00a0\u00bb][\/vc_column_inner][vc_column_inner width=\u00a0\u00bb1\/3&Prime;][vc_video link=\u00a0\u00bbhttps:\/\/youtu.be\/3r35M0_DL3g\u00a0\u00bb][\/vc_column_inner][vc_column_inner width=\u00a0\u00bb1\/3&Prime;][\/vc_column_inner][\/vc_row_inner][\/vc_column][\/vc_row][vc_column][\/vc_column]<\/p>\n<\/section>","protected":false},"excerpt":{"rendered":"[vc_row][vc_column][vc_row_inner][vc_column_inner width=\"1\/2\"][vc_column_text]CONCEPTION DE SITES WEB [\/vc_column_text][vc_single_image image=\"8338\" img_size=\"350x250px\" style=\"vc_box_shadow\"][vc_single_image image=\"4855\" img_size=\"full\" alignment=\"center\" onclick=\"custom_link\" img_link_target=\"_blank\" link=\"https:\/\/website24.lu\"][vc_column_text]Nous planifions, conceptualisons, concevons et programmons pour nos clients un site web d'entreprise professionnel. Pour que&hellip;","protected":false},"author":1,"featured_media":0,"parent":0,"menu_order":0,"comment_status":"closed","ping_status":"closed","template":"page-sidebar.php","meta":{"footnotes":""},"class_list":["post-6732","page","type-page","status-publish","hentry"],"yoast_head":"<!-- This site is optimized with the Yoast SEO plugin v20.13 - https:\/\/yoast.com\/wordpress\/plugins\/seo\/ -->\n<title>Sites web &amp; h\u00e9bergement - Made4you Publicit\u00e9<\/title>\n<meta name=\"description\" content=\"conception de sites web, maintenance de sites web, h\u00e9bergement de sites web, d\u00e9veloppement de Wordpress, programmation de sites web, prix avantageux.\" \/>\n<meta name=\"robots\" content=\"index, follow, max-snippet:-1, max-image-preview:large, max-video-preview:-1\" \/>\n<link rel=\"canonical\" href=\"https:\/\/made4you.lu\/fr\/sites-web-hebergement\/\" \/>\n<meta property=\"og:locale\" content=\"fr_FR\" \/>\n<meta property=\"og:type\" content=\"article\" \/>\n<meta property=\"og:title\" content=\"Sites web &amp; h\u00e9bergement - Made4you Publicit\u00e9\" \/>\n<meta property=\"og:description\" content=\"conception de sites web, maintenance de sites web, h\u00e9bergement de sites web, d\u00e9veloppement de Wordpress, programmation de sites web, prix avantageux.\" \/>\n<meta property=\"og:url\" content=\"https:\/\/made4you.lu\/fr\/sites-web-hebergement\/\" \/>\n<meta property=\"og:site_name\" content=\"Made4you Publicit\u00e9\" \/>\n<meta property=\"article:modified_time\" content=\"2022-04-01T12:05:13+00:00\" \/>\n<meta name=\"twitter:card\" content=\"summary_large_image\" \/>\n<meta name=\"twitter:label1\" content=\"Dur\u00e9e de lecture estim\u00e9e\" \/>\n\t<meta name=\"twitter:data1\" content=\"2 minutes\" \/>\n<script type=\"application\/ld+json\" class=\"yoast-schema-graph\">{\"@context\":\"https:\/\/schema.org\",\"@graph\":[{\"@type\":\"WebPage\",\"@id\":\"https:\/\/made4you.lu\/fr\/sites-web-hebergement\/\",\"url\":\"https:\/\/made4you.lu\/fr\/sites-web-hebergement\/\",\"name\":\"Sites web & h\u00e9bergement - Made4you Publicit\u00e9\",\"isPartOf\":{\"@id\":\"https:\/\/made4you.lu\/#website\"},\"datePublished\":\"2021-09-27T08:32:15+00:00\",\"dateModified\":\"2022-04-01T12:05:13+00:00\",\"description\":\"conception de sites web, maintenance de sites web, h\u00e9bergement de sites web, d\u00e9veloppement de Wordpress, programmation de sites web, prix avantageux.\",\"breadcrumb\":{\"@id\":\"https:\/\/made4you.lu\/fr\/sites-web-hebergement\/#breadcrumb\"},\"inLanguage\":\"fr-FR\",\"potentialAction\":[{\"@type\":\"ReadAction\",\"target\":[\"https:\/\/made4you.lu\/fr\/sites-web-hebergement\/\"]}]},{\"@type\":\"BreadcrumbList\",\"@id\":\"https:\/\/made4you.lu\/fr\/sites-web-hebergement\/#breadcrumb\",\"itemListElement\":[{\"@type\":\"ListItem\",\"position\":1,\"name\":\"Startseite\",\"item\":\"https:\/\/made4you.lu\/fr\/\"},{\"@type\":\"ListItem\",\"position\":2,\"name\":\"Sites web &#038; h\u00e9bergement\"}]},{\"@type\":\"WebSite\",\"@id\":\"https:\/\/made4you.lu\/#website\",\"url\":\"https:\/\/made4you.lu\/\",\"name\":\"Made4you Publicit\u00e9\",\"description\":\"\u00e0 Wasserbillig (LU) &amp; Konz (DE). Votre partenaire en mati\u00e8re de publicit\u00e9, d&#039;impression, de graphisme, d&#039;impression textile, de broderie, de cadeaux publicitaires, de webdesign, de fournitures pour les associations et bien plus encore.\",\"potentialAction\":[{\"@type\":\"SearchAction\",\"target\":{\"@type\":\"EntryPoint\",\"urlTemplate\":\"https:\/\/made4you.lu\/?s={search_term_string}\"},\"query-input\":\"required name=search_term_string\"}],\"inLanguage\":\"fr-FR\"}]}<\/script>\n<!-- \/ Yoast SEO plugin. -->","yoast_head_json":{"title":"Sites web & h\u00e9bergement - Made4you Publicit\u00e9","description":"conception de sites web, maintenance de sites web, h\u00e9bergement de sites web, d\u00e9veloppement de Wordpress, programmation de sites web, prix avantageux.","robots":{"index":"index","follow":"follow","max-snippet":"max-snippet:-1","max-image-preview":"max-image-preview:large","max-video-preview":"max-video-preview:-1"},"canonical":"https:\/\/made4you.lu\/fr\/sites-web-hebergement\/","og_locale":"fr_FR","og_type":"article","og_title":"Sites web & h\u00e9bergement - Made4you Publicit\u00e9","og_description":"conception de sites web, maintenance de sites web, h\u00e9bergement de sites web, d\u00e9veloppement de Wordpress, programmation de sites web, prix avantageux.","og_url":"https:\/\/made4you.lu\/fr\/sites-web-hebergement\/","og_site_name":"Made4you Publicit\u00e9","article_modified_time":"2022-04-01T12:05:13+00:00","twitter_card":"summary_large_image","twitter_misc":{"Dur\u00e9e de lecture estim\u00e9e":"2 minutes"},"schema":{"@context":"https:\/\/schema.org","@graph":[{"@type":"WebPage","@id":"https:\/\/made4you.lu\/fr\/sites-web-hebergement\/","url":"https:\/\/made4you.lu\/fr\/sites-web-hebergement\/","name":"Sites web & h\u00e9bergement - Made4you Publicit\u00e9","isPartOf":{"@id":"https:\/\/made4you.lu\/#website"},"datePublished":"2021-09-27T08:32:15+00:00","dateModified":"2022-04-01T12:05:13+00:00","description":"conception de sites web, maintenance de sites web, h\u00e9bergement de sites web, d\u00e9veloppement de Wordpress, programmation de sites web, prix avantageux.","breadcrumb":{"@id":"https:\/\/made4you.lu\/fr\/sites-web-hebergement\/#breadcrumb"},"inLanguage":"fr-FR","potentialAction":[{"@type":"ReadAction","target":["https:\/\/made4you.lu\/fr\/sites-web-hebergement\/"]}]},{"@type":"BreadcrumbList","@id":"https:\/\/made4you.lu\/fr\/sites-web-hebergement\/#breadcrumb","itemListElement":[{"@type":"ListItem","position":1,"name":"Startseite","item":"https:\/\/made4you.lu\/fr\/"},{"@type":"ListItem","position":2,"name":"Sites web &#038; h\u00e9bergement"}]},{"@type":"WebSite","@id":"https:\/\/made4you.lu\/#website","url":"https:\/\/made4you.lu\/","name":"Made4you Publicit\u00e9","description":"\u00e0 Wasserbillig (LU) &amp; Konz (DE). Votre partenaire en mati\u00e8re de publicit\u00e9, d&#039;impression, de graphisme, d&#039;impression textile, de broderie, de cadeaux publicitaires, de webdesign, de fournitures pour les associations et bien plus encore.","potentialAction":[{"@type":"SearchAction","target":{"@type":"EntryPoint","urlTemplate":"https:\/\/made4you.lu\/?s={search_term_string}"},"query-input":"required name=search_term_string"}],"inLanguage":"fr-FR"}]}},"_links":{"self":[{"href":"https:\/\/made4you.lu\/fr\/wp-json\/wp\/v2\/pages\/6732","targetHints":{"allow":["GET"]}}],"collection":[{"href":"https:\/\/made4you.lu\/fr\/wp-json\/wp\/v2\/pages"}],"about":[{"href":"https:\/\/made4you.lu\/fr\/wp-json\/wp\/v2\/types\/page"}],"author":[{"embeddable":true,"href":"https:\/\/made4you.lu\/fr\/wp-json\/wp\/v2\/users\/1"}],"replies":[{"embeddable":true,"href":"https:\/\/made4you.lu\/fr\/wp-json\/wp\/v2\/comments?post=6732"}],"version-history":[{"count":6,"href":"https:\/\/made4you.lu\/fr\/wp-json\/wp\/v2\/pages\/6732\/revisions"}],"predecessor-version":[{"id":10862,"href":"https:\/\/made4you.lu\/fr\/wp-json\/wp\/v2\/pages\/6732\/revisions\/10862"}],"wp:attachment":[{"href":"https:\/\/made4you.lu\/fr\/wp-json\/wp\/v2\/media?parent=6732"}],"curies":[{"name":"wp","href":"https:\/\/api.w.org\/{rel}","templated":true}]}}