{"id":6658,"date":"2022-01-12T15:44:31","date_gmt":"2022-01-12T15:44:31","guid":{"rendered":"https:\/\/made4you.lu\/copyshop-wasserbillig-made4you\/"},"modified":"2025-06-20T09:48:22","modified_gmt":"2025-06-20T09:48:22","slug":"copyshop-wasserbillig-made4you","status":"publish","type":"page","link":"https:\/\/made4you.lu\/fr\/copyshop-wasserbillig-made4you\/","title":{"rendered":"Copyshop"},"content":{"rendered":"<section class=\"wpb-content-wrapper\"><p>[vc_column][\/vc_column][vc_row full_width=\u00a0\u00bbstretch_row\u00a0\u00bb css=\u00a0\u00bb.vc_custom_1642002670934{background-color: #fff1db !important;}\u00a0\u00bb][vc_column][vc_custom_heading text=\u00a0\u00bbMade4you Copyshop\u00a0\u00bb font_container=\u00a0\u00bbtag:h3|font_size:1.2em|text_align:left|color:%23323232&Prime; use_theme_fonts=\u00a0\u00bbyes\u00a0\u00bb link=\u00a0\u00bburl:https%3A%2F%2Fmade4you.lu%2F2021%2F10%2F29%2Fcopyshop-wasserbillig-made4you%2F\u00a0\u00bb css=\u00a0\u00bb.vc_custom_1642002983116{padding-bottom: 10px !important;}\u00a0\u00bb][vc_row_inner][vc_column_inner][vc_column_text]<strong>Pas d&rsquo;imprimante \u00e0 la maison ?<\/strong><\/p>\n<p>Pas de probl\u00e8me ! Nous pouvons copier, num\u00e9riser ou simplement imprimer les documents que vous souhaitez jusqu&rsquo;au format A3.<\/p>\n<p>Si vous avez beaucoup de donn\u00e9es \u00e0 num\u00e9riser ou beaucoup de documents diff\u00e9rents \u00e0 la fois, nous pouvons vous demander un petit suppl\u00e9ment pour le traitement des fichiers.<\/p>\n<blockquote><p>Si possible, cr\u00e9ez votre fichier au format .PDF.<br \/>\nLes fichiers Microsoft Word ou d&rsquo;autres programmes ne sont pas toujours repr\u00e9sent\u00e9s correctement, ce qui peut entra\u00eener des erreurs lors de l&rsquo;impression. C&rsquo;est pourquoi il faut toujours cr\u00e9er un fichier .PDF pour l&rsquo;impression.<\/p><\/blockquote>\n<p>[\/vc_column_text][\/vc_column_inner][\/vc_row_inner][\/vc_column][\/vc_row][vc_row gap=\u00a0\u00bb35&Prime;][vc_column][vc_row_inner][vc_column_inner width=\u00a0\u00bb1\/2&Prime;][vc_column_text css=\u00a0\u00bb.vc_custom_1643037392816{padding-top: 5px !important;padding-right: 5px !important;padding-bottom: 5px !important;padding-left: 5px !important;background-color: #d3d3d3 !important;}\u00a0\u00bb]<\/p>\n<h5><strong>COPIES DIN A4 IMPRESSIONS |<br \/>\nNOIR\/BLANC<\/strong><\/h5>\n<p>[\/vc_column_text][vc_column_text]\n<table id=\"tablepress-1\" class=\"tablepress tablepress-id-1\">\n<thead>\n<tr class=\"row-1 odd\">\n\t<th class=\"column-1\">ANZAHL<\/th><th class=\"column-2\">A4 1\/0<\/th><th class=\"column-3\">A4 1\/1<\/th>\n<\/tr>\n<\/thead>\n<tbody class=\"row-hover\">\n<tr class=\"row-2 even\">\n\t<td class=\"column-1\">1-10<\/td><td class=\"column-2\">0,25\u20ac<\/td><td class=\"column-3\">0,30\u20ac<\/td>\n<\/tr>\n<tr class=\"row-3 odd\">\n\t<td class=\"column-1\">11-50<\/td><td class=\"column-2\">0,17\u20ac<\/td><td class=\"column-3\">0,22\u20ac<\/td>\n<\/tr>\n<tr class=\"row-4 even\">\n\t<td class=\"column-1\">51-100<\/td><td class=\"column-2\">0,15\u20ac<\/td><td class=\"column-3\">0,20\u20ac<\/td>\n<\/tr>\n<tr class=\"row-5 odd\">\n\t<td class=\"column-1\">101-300<\/td><td class=\"column-2\">0,14\u20ac<\/td><td class=\"column-3\">0,19\u20ac<\/td>\n<\/tr>\n<tr class=\"row-6 even\">\n\t<td class=\"column-1\">301-500<\/td><td class=\"column-2\">0,13\u20ac<\/td><td class=\"column-3\">0,18\u20ac<\/td>\n<\/tr>\n<tr class=\"row-7 odd\">\n\t<td class=\"column-1\">ab 500<\/td><td class=\"column-2\">0,12\u20ac<\/td><td class=\"column-3\">0,17\u20ac<\/td>\n<\/tr>\n<\/tbody>\n<\/table>\n<!-- #tablepress-1 from cache -->[\/vc_column_text][vc_column_text]<em>* Nos prix s&rsquo;entendent par feuille sur papier standard blanc 80g, TVA incluse.<br \/>\n** pas d&rsquo;impression sans bord ni de d\u00e9coupe<\/em><\/p>\n<p>[\/vc_column_text][\/vc_column_inner][vc_column_inner width=\u00a0\u00bb1\/2&Prime;][vc_column_text css=\u00a0\u00bb.vc_custom_1643037404132{padding-top: 5px !important;padding-right: 5px !important;padding-bottom: 5px !important;padding-left: 5px !important;background-color: #d3d3d3 !important;}\u00a0\u00bb]<\/p>\n<h5><strong>COPIES DIN A4 IMPRESSIONS |<br \/>\nCOULEUR<\/strong><\/h5>\n<p>[\/vc_column_text][vc_column_text]\n<table id=\"tablepress-2\" class=\"tablepress tablepress-id-2\">\n<thead>\n<tr class=\"row-1 odd\">\n\t<th class=\"column-1\">ANZAHL<\/th><th class=\"column-2\">A4 1\/0<\/th><th class=\"column-3\">A4 1\/1<\/th>\n<\/tr>\n<\/thead>\n<tbody class=\"row-hover\">\n<tr class=\"row-2 even\">\n\t<td class=\"column-1\">1-10<\/td><td class=\"column-2\">0,70\u20ac<\/td><td class=\"column-3\">0,85\u20ac<\/td>\n<\/tr>\n<tr class=\"row-3 odd\">\n\t<td class=\"column-1\">11-50<\/td><td class=\"column-2\">0,50\u20ac<\/td><td class=\"column-3\">0,65\u20ac<\/td>\n<\/tr>\n<tr class=\"row-4 even\">\n\t<td class=\"column-1\">51-100<\/td><td class=\"column-2\">0,45\u20ac<\/td><td class=\"column-3\">0,60\u20ac<\/td>\n<\/tr>\n<tr class=\"row-5 odd\">\n\t<td class=\"column-1\">101-300<\/td><td class=\"column-2\">0,40\u20ac<\/td><td class=\"column-3\">0,55\u20ac<\/td>\n<\/tr>\n<tr class=\"row-6 even\">\n\t<td class=\"column-1\">301-500<\/td><td class=\"column-2\">0,35\u20ac<\/td><td class=\"column-3\">0,50\u20ac<\/td>\n<\/tr>\n<tr class=\"row-7 odd\">\n\t<td class=\"column-1\">ab 500<\/td><td class=\"column-2\">0,30\u20ac<\/td><td class=\"column-3\">0,45\u20ac<\/td>\n<\/tr>\n<\/tbody>\n<\/table>\n<!-- #tablepress-2 from cache -->[\/vc_column_text][vc_column_text]<em>* Nos prix s&rsquo;entendent par feuille sur papier standard blanc 80g, TVA incluse.<br \/>\n** pas d&rsquo;impression sans bord ni de d\u00e9coupe<br \/>\n<\/em>[\/vc_column_text][\/vc_column_inner][\/vc_row_inner][vc_row_inner][vc_column_inner width=\u00a0\u00bb1\/2&Prime;][vc_column_text css=\u00a0\u00bb.vc_custom_1643037415227{padding-top: 5px !important;padding-right: 5px !important;padding-bottom: 5px !important;padding-left: 5px !important;background-color: #d3d3d3 !important;}\u00a0\u00bb]<\/p>\n<h5><strong>COPIES DIN A3 IMPRESSIONS |<br \/>\nNOIR\/BLANC<\/strong><\/h5>\n<p>[\/vc_column_text][vc_column_text]\n<table id=\"tablepress-3\" class=\"tablepress tablepress-id-3\">\n<thead>\n<tr class=\"row-1 odd\">\n\t<th class=\"column-1\">ANZAHL<\/th><th class=\"column-2\">A3 1\/0<\/th><th class=\"column-3\">A3 1\/1<\/th>\n<\/tr>\n<\/thead>\n<tbody class=\"row-hover\">\n<tr class=\"row-2 even\">\n\t<td class=\"column-1\">1-10<\/td><td class=\"column-2\">0,50\u20ac<\/td><td class=\"column-3\">0,60\u20ac<\/td>\n<\/tr>\n<tr class=\"row-3 odd\">\n\t<td class=\"column-1\">11-50<\/td><td class=\"column-2\">0,34\u20ac<\/td><td class=\"column-3\">0,44\u20ac<\/td>\n<\/tr>\n<tr class=\"row-4 even\">\n\t<td class=\"column-1\">51-100<\/td><td class=\"column-2\">0,30\u20ac<\/td><td class=\"column-3\">0,40\u20ac<\/td>\n<\/tr>\n<tr class=\"row-5 odd\">\n\t<td class=\"column-1\">101-300<\/td><td class=\"column-2\">0,28\u20ac<\/td><td class=\"column-3\">0,38\u20ac<\/td>\n<\/tr>\n<tr class=\"row-6 even\">\n\t<td class=\"column-1\">301-500<\/td><td class=\"column-2\">0,26\u20ac<\/td><td class=\"column-3\">0,36\u20ac<\/td>\n<\/tr>\n<tr class=\"row-7 odd\">\n\t<td class=\"column-1\">ab 500<\/td><td class=\"column-2\">0,24\u20ac<\/td><td class=\"column-3\">0,34\u20ac<\/td>\n<\/tr>\n<\/tbody>\n<\/table>\n<!-- #tablepress-3 from cache -->[\/vc_column_text][vc_column_text]<em>* Nos prix s&rsquo;entendent par feuille sur papier standard blanc 80g, TVA incluse.<br \/>\n** pas d&rsquo;impression sans bord ni de d\u00e9coupe<br \/>\n<\/em>[\/vc_column_text][\/vc_column_inner][vc_column_inner width=\u00a0\u00bb1\/2&Prime;][vc_column_text css=\u00a0\u00bb.vc_custom_1643037428109{padding-top: 5px !important;padding-right: 5px !important;padding-bottom: 5px !important;padding-left: 5px !important;background-color: #d3d3d3 !important;}\u00a0\u00bb]<\/p>\n<h5><strong>COPIES DIN A3 IMPRESSIONS |<br \/>\nCOULEUR<\/strong><\/h5>\n<p>[\/vc_column_text][vc_column_text]\n<table id=\"tablepress-4\" class=\"tablepress tablepress-id-4\">\n<thead>\n<tr class=\"row-1 odd\">\n\t<th class=\"column-1\">ANZAHL<\/th><th class=\"column-2\">A3 1\/0<\/th><th class=\"column-3\">A3 1\/1<\/th>\n<\/tr>\n<\/thead>\n<tbody class=\"row-hover\">\n<tr class=\"row-2 even\">\n\t<td class=\"column-1\">1-10<\/td><td class=\"column-2\">1,40\u20ac<\/td><td class=\"column-3\">1,70\u20ac<\/td>\n<\/tr>\n<tr class=\"row-3 odd\">\n\t<td class=\"column-1\">11-50<\/td><td class=\"column-2\">1,00\u20ac<\/td><td class=\"column-3\">1,30\u20ac<\/td>\n<\/tr>\n<tr class=\"row-4 even\">\n\t<td class=\"column-1\">51-100<\/td><td class=\"column-2\">0,90\u20ac<\/td><td class=\"column-3\">1,20\u20ac<\/td>\n<\/tr>\n<tr class=\"row-5 odd\">\n\t<td class=\"column-1\">101-300<\/td><td class=\"column-2\">0,80\u20ac<\/td><td class=\"column-3\">1,10\u20ac<\/td>\n<\/tr>\n<tr class=\"row-6 even\">\n\t<td class=\"column-1\">301-500<\/td><td class=\"column-2\">0,70\u20ac<\/td><td class=\"column-3\">1,00\u20ac<\/td>\n<\/tr>\n<tr class=\"row-7 odd\">\n\t<td class=\"column-1\">ab 500<\/td><td class=\"column-2\">0,60\u20ac<\/td><td class=\"column-3\">0,90\u20ac<\/td>\n<\/tr>\n<\/tbody>\n<\/table>\n<!-- #tablepress-4 from cache -->[\/vc_column_text][vc_column_text]<em>* Nos prix s&rsquo;entendent par feuille sur papier standard blanc 80g, TVA incluse.<br \/>\n** pas d&rsquo;impression sans bord ni de d\u00e9coupe<br \/>\n<\/em>[\/vc_column_text][\/vc_column_inner][\/vc_row_inner][\/vc_column][\/vc_row]<\/p>\n<\/section>","protected":false},"excerpt":{"rendered":"[vc_column][\/vc_column][vc_row full_width=\"stretch_row\" css=\".vc_custom_1642002670934{background-color: #fff1db !important;}\"][vc_column][vc_custom_heading text=\"Made4you Copyshop\" font_container=\"tag:h3|font_size:1.2em|text_align:left|color:%23323232\" use_theme_fonts=\"yes\" link=\"url:https%3A%2F%2Fmade4you.lu%2F2021%2F10%2F29%2Fcopyshop-wasserbillig-made4you%2F\" css=\".vc_custom_1642002983116{padding-bottom: 10px !important;}\"][vc_row_inner][vc_column_inner][vc_column_text]Pas d'imprimante \u00e0 la maison ? Pas de probl\u00e8me ! Nous pouvons copier, num\u00e9riser ou simplement imprimer les&hellip;","protected":false},"author":1,"featured_media":0,"parent":0,"menu_order":0,"comment_status":"closed","ping_status":"closed","template":"page-vc-sidebar.php","meta":{"footnotes":""},"class_list":["post-6658","page","type-page","status-publish","hentry"],"yoast_head":"<!-- This site is optimized with the Yoast SEO plugin v20.13 - https:\/\/yoast.com\/wordpress\/plugins\/seo\/ -->\n<title>Copyshop Wasserbillig - Made4you Publicit\u00e9<\/title>\n<meta name=\"description\" content=\"Pas d&#039;imprimante \u00e0 la maison ? Pas de probl\u00e8me ! Nous pouvons copier, scanner ou imprimer les documents que vous souhaitez jusqu&#039;au format A3.\" \/>\n<meta name=\"robots\" content=\"index, follow, max-snippet:-1, max-image-preview:large, max-video-preview:-1\" \/>\n<link rel=\"canonical\" href=\"https:\/\/made4you.lu\/fr\/copyshop-wasserbillig-made4you\/\" \/>\n<meta property=\"og:locale\" content=\"fr_FR\" \/>\n<meta property=\"og:type\" content=\"article\" \/>\n<meta property=\"og:title\" content=\"Copyshop Wasserbillig - Made4you Publicit\u00e9\" \/>\n<meta property=\"og:description\" content=\"Pas d&#039;imprimante \u00e0 la maison ? Pas de probl\u00e8me ! Nous pouvons copier, scanner ou imprimer les documents que vous souhaitez jusqu&#039;au format A3.\" \/>\n<meta property=\"og:url\" content=\"https:\/\/made4you.lu\/fr\/copyshop-wasserbillig-made4you\/\" \/>\n<meta property=\"og:site_name\" content=\"Made4you Publicit\u00e9\" \/>\n<meta property=\"article:modified_time\" content=\"2025-06-20T09:48:22+00:00\" \/>\n<meta name=\"twitter:card\" content=\"summary_large_image\" \/>\n<meta name=\"twitter:label1\" content=\"Dur\u00e9e de lecture estim\u00e9e\" \/>\n\t<meta name=\"twitter:data1\" content=\"2 minutes\" \/>\n<script type=\"application\/ld+json\" class=\"yoast-schema-graph\">{\"@context\":\"https:\/\/schema.org\",\"@graph\":[{\"@type\":\"WebPage\",\"@id\":\"https:\/\/made4you.lu\/fr\/copyshop-wasserbillig-made4you\/\",\"url\":\"https:\/\/made4you.lu\/fr\/copyshop-wasserbillig-made4you\/\",\"name\":\"Copyshop Wasserbillig - Made4you Publicit\u00e9\",\"isPartOf\":{\"@id\":\"https:\/\/made4you.lu\/#website\"},\"datePublished\":\"2022-01-12T15:44:31+00:00\",\"dateModified\":\"2025-06-20T09:48:22+00:00\",\"description\":\"Pas d'imprimante \u00e0 la maison ? Pas de probl\u00e8me ! Nous pouvons copier, scanner ou imprimer les documents que vous souhaitez jusqu'au format A3.\",\"breadcrumb\":{\"@id\":\"https:\/\/made4you.lu\/fr\/copyshop-wasserbillig-made4you\/#breadcrumb\"},\"inLanguage\":\"fr-FR\",\"potentialAction\":[{\"@type\":\"ReadAction\",\"target\":[\"https:\/\/made4you.lu\/fr\/copyshop-wasserbillig-made4you\/\"]}]},{\"@type\":\"BreadcrumbList\",\"@id\":\"https:\/\/made4you.lu\/fr\/copyshop-wasserbillig-made4you\/#breadcrumb\",\"itemListElement\":[{\"@type\":\"ListItem\",\"position\":1,\"name\":\"Startseite\",\"item\":\"https:\/\/made4you.lu\/fr\/\"},{\"@type\":\"ListItem\",\"position\":2,\"name\":\"Copyshop\"}]},{\"@type\":\"WebSite\",\"@id\":\"https:\/\/made4you.lu\/#website\",\"url\":\"https:\/\/made4you.lu\/\",\"name\":\"Made4you Publicit\u00e9\",\"description\":\"\u00e0 Wasserbillig (LU) &amp; Konz (DE). Votre partenaire en mati\u00e8re de publicit\u00e9, d&#039;impression, de graphisme, d&#039;impression textile, de broderie, de cadeaux publicitaires, de webdesign, de fournitures pour les associations et bien plus encore.\",\"potentialAction\":[{\"@type\":\"SearchAction\",\"target\":{\"@type\":\"EntryPoint\",\"urlTemplate\":\"https:\/\/made4you.lu\/?s={search_term_string}\"},\"query-input\":\"required name=search_term_string\"}],\"inLanguage\":\"fr-FR\"}]}<\/script>\n<!-- \/ Yoast SEO plugin. -->","yoast_head_json":{"title":"Copyshop Wasserbillig - Made4you Publicit\u00e9","description":"Pas d'imprimante \u00e0 la maison ? Pas de probl\u00e8me ! Nous pouvons copier, scanner ou imprimer les documents que vous souhaitez jusqu'au format A3.","robots":{"index":"index","follow":"follow","max-snippet":"max-snippet:-1","max-image-preview":"max-image-preview:large","max-video-preview":"max-video-preview:-1"},"canonical":"https:\/\/made4you.lu\/fr\/copyshop-wasserbillig-made4you\/","og_locale":"fr_FR","og_type":"article","og_title":"Copyshop Wasserbillig - Made4you Publicit\u00e9","og_description":"Pas d'imprimante \u00e0 la maison ? Pas de probl\u00e8me ! Nous pouvons copier, scanner ou imprimer les documents que vous souhaitez jusqu'au format A3.","og_url":"https:\/\/made4you.lu\/fr\/copyshop-wasserbillig-made4you\/","og_site_name":"Made4you Publicit\u00e9","article_modified_time":"2025-06-20T09:48:22+00:00","twitter_card":"summary_large_image","twitter_misc":{"Dur\u00e9e de lecture estim\u00e9e":"2 minutes"},"schema":{"@context":"https:\/\/schema.org","@graph":[{"@type":"WebPage","@id":"https:\/\/made4you.lu\/fr\/copyshop-wasserbillig-made4you\/","url":"https:\/\/made4you.lu\/fr\/copyshop-wasserbillig-made4you\/","name":"Copyshop Wasserbillig - Made4you Publicit\u00e9","isPartOf":{"@id":"https:\/\/made4you.lu\/#website"},"datePublished":"2022-01-12T15:44:31+00:00","dateModified":"2025-06-20T09:48:22+00:00","description":"Pas d'imprimante \u00e0 la maison ? Pas de probl\u00e8me ! Nous pouvons copier, scanner ou imprimer les documents que vous souhaitez jusqu'au format A3.","breadcrumb":{"@id":"https:\/\/made4you.lu\/fr\/copyshop-wasserbillig-made4you\/#breadcrumb"},"inLanguage":"fr-FR","potentialAction":[{"@type":"ReadAction","target":["https:\/\/made4you.lu\/fr\/copyshop-wasserbillig-made4you\/"]}]},{"@type":"BreadcrumbList","@id":"https:\/\/made4you.lu\/fr\/copyshop-wasserbillig-made4you\/#breadcrumb","itemListElement":[{"@type":"ListItem","position":1,"name":"Startseite","item":"https:\/\/made4you.lu\/fr\/"},{"@type":"ListItem","position":2,"name":"Copyshop"}]},{"@type":"WebSite","@id":"https:\/\/made4you.lu\/#website","url":"https:\/\/made4you.lu\/","name":"Made4you Publicit\u00e9","description":"\u00e0 Wasserbillig (LU) &amp; Konz (DE). Votre partenaire en mati\u00e8re de publicit\u00e9, d&#039;impression, de graphisme, d&#039;impression textile, de broderie, de cadeaux publicitaires, de webdesign, de fournitures pour les associations et bien plus encore.","potentialAction":[{"@type":"SearchAction","target":{"@type":"EntryPoint","urlTemplate":"https:\/\/made4you.lu\/?s={search_term_string}"},"query-input":"required name=search_term_string"}],"inLanguage":"fr-FR"}]}},"_links":{"self":[{"href":"https:\/\/made4you.lu\/fr\/wp-json\/wp\/v2\/pages\/6658","targetHints":{"allow":["GET"]}}],"collection":[{"href":"https:\/\/made4you.lu\/fr\/wp-json\/wp\/v2\/pages"}],"about":[{"href":"https:\/\/made4you.lu\/fr\/wp-json\/wp\/v2\/types\/page"}],"author":[{"embeddable":true,"href":"https:\/\/made4you.lu\/fr\/wp-json\/wp\/v2\/users\/1"}],"replies":[{"embeddable":true,"href":"https:\/\/made4you.lu\/fr\/wp-json\/wp\/v2\/comments?post=6658"}],"version-history":[{"count":4,"href":"https:\/\/made4you.lu\/fr\/wp-json\/wp\/v2\/pages\/6658\/revisions"}],"predecessor-version":[{"id":12577,"href":"https:\/\/made4you.lu\/fr\/wp-json\/wp\/v2\/pages\/6658\/revisions\/12577"}],"wp:attachment":[{"href":"https:\/\/made4you.lu\/fr\/wp-json\/wp\/v2\/media?parent=6658"}],"curies":[{"name":"wp","href":"https:\/\/api.w.org\/{rel}","templated":true}]}}