{"id":12145,"date":"2023-06-09T06:34:19","date_gmt":"2023-06-09T06:34:19","guid":{"rendered":"https:\/\/made4you.lu\/point-relais\/"},"modified":"2025-10-31T11:08:29","modified_gmt":"2025-10-31T11:08:29","slug":"point-relais","status":"publish","type":"page","link":"https:\/\/made4you.lu\/fr\/point-relais\/","title":{"rendered":"Point Relais"},"content":{"rendered":"\t\t<div data-elementor-type=\"wp-page\" data-elementor-id=\"12145\" class=\"elementor elementor-12145 elementor-11132\">\n\t\t\t\t\t\t\t\t\t<section class=\"penci-section penci-dmcheck penci-elbg-activate penci-elbg-img penci-disSticky penci-structure-10 elementor-section elementor-top-section elementor-element elementor-element-130a11b elementor-section-boxed elementor-section-height-default elementor-section-height-default\" data-id=\"130a11b\" data-element_type=\"section\" data-settings=\"{&quot;background_background&quot;:&quot;classic&quot;}\">\n\t\t\t\t\t\t<div class=\"elementor-container elementor-column-gap-no\">\n\t\t\t\t\t<div class=\"penci-ercol-100 penci-ercol-order-1 penci-sticky-ct    elementor-column elementor-col-100 elementor-top-column elementor-element elementor-element-2166859\" data-id=\"2166859\" data-element_type=\"column\">\n\t\t\t<div class=\"elementor-widget-wrap elementor-element-populated\">\n\t\t\t\t\t\t\t\t<div class=\"elementor-element elementor-element-9c542b5 elementor-widget elementor-widget-penci-fancy_heading\" data-id=\"9c542b5\" data-element_type=\"widget\" data-widget_type=\"penci-fancy_heading.default\">\n\t\t\t\t<div class=\"elementor-widget-container\">\n\t\t\t\t\t<div class=\"penci-fancy-heading penci-heading-text-left\">\r\n\t\t\t<div class=\"penci-fancy-heading-inner\">\r\n\t\t\t\t<h2 class=\"penci-heading-title\"><span class=\"inner-tit\">Envoyer et recevoir des colis<\/span><\/h2>\t\t\t<\/div>\r\n\t\t<\/div>\r\n\t\t\t\t<\/div>\n\t\t\t\t<\/div>\n\t\t\t\t\t<\/div>\n\t\t<\/div>\n\t\t\t\t\t\t\t<\/div>\n\t\t<\/section>\n\t\t\t\t<section class=\"penci-section penci-disSticky penci-structure-20 elementor-section elementor-top-section elementor-element elementor-element-adf3f78 elementor-section-boxed elementor-section-height-default elementor-section-height-default\" data-id=\"adf3f78\" data-element_type=\"section\">\n\t\t\t\t\t\t<div class=\"elementor-container elementor-column-gap-default\">\n\t\t\t\t\t<div class=\"penci-ercol-50 penci-ercol-order-1 penci-sticky-ct    elementor-column elementor-col-50 elementor-top-column elementor-element elementor-element-c2c6a39\" data-id=\"c2c6a39\" data-element_type=\"column\">\n\t\t\t<div class=\"elementor-widget-wrap elementor-element-populated\">\n\t\t\t\t\t\t\t\t<div class=\"elementor-element elementor-element-7a580e6 elementor-widget elementor-widget-image\" data-id=\"7a580e6\" data-element_type=\"widget\" data-widget_type=\"image.default\">\n\t\t\t\t<div class=\"elementor-widget-container\">\n\t\t\t\t\t\t\t\t\t\t\t\t\t\t\t<img decoding=\"async\" src=\"https:\/\/made4you.lu\/wp-content\/uploads\/elementor\/thumbs\/gls-logo-pq9c7d20hmnfxm6q01u2lsbam16deamjts9xrkzox4.png\" title=\"gls-logo\" alt=\"GLS PAKETSHOP WASSERBILLIG\" loading=\"lazy\" \/>\t\t\t\t\t\t\t\t\t\t\t\t\t\t\t<\/div>\n\t\t\t\t<\/div>\n\t\t\t\t\t<\/div>\n\t\t<\/div>\n\t\t\t\t<div class=\"penci-ercol-50 penci-ercol-order-2 penci-sticky-ct    elementor-column elementor-col-50 elementor-top-column elementor-element elementor-element-57136e7\" data-id=\"57136e7\" data-element_type=\"column\">\n\t\t\t<div class=\"elementor-widget-wrap elementor-element-populated\">\n\t\t\t\t\t\t\t\t<div class=\"elementor-element elementor-element-9282f51 elementor-widget elementor-widget-text-editor\" data-id=\"9282f51\" data-element_type=\"widget\" data-widget_type=\"text-editor.default\">\n\t\t\t\t<div class=\"elementor-widget-container\">\n\t\t\t\t\t\t\t<p>Nous avons un GLS Parcelshop, ce qui signifie que vous pouvez faire livrer vos colis GLS directement chez nous si vous n&rsquo;\u00eates pas chez vous.<\/p>\n<p>Votre colis sera \u00e9galement livr\u00e9 automatiquement chez nous si le chauffeur ne vous trouve pas \u00e0 la maison 2x.<\/p>\n<p>De m\u00eame, vous pouvez envoyer vos colis depuis chez nous avec GLS.<\/p>\n\t\t\t\t\t\t<\/div>\n\t\t\t\t<\/div>\n\t\t\t\t\t<\/div>\n\t\t<\/div>\n\t\t\t\t\t\t\t<\/div>\n\t\t<\/section>\n\t\t\t\t<section class=\"penci-section penci-disSticky penci-structure-20 elementor-section elementor-top-section elementor-element elementor-element-512e910 elementor-section-boxed elementor-section-height-default elementor-section-height-default\" data-id=\"512e910\" data-element_type=\"section\">\n\t\t\t\t\t\t<div class=\"elementor-container elementor-column-gap-default\">\n\t\t\t\t\t<div class=\"penci-ercol-50 penci-ercol-order-1 penci-sticky-ct    elementor-column elementor-col-50 elementor-top-column elementor-element elementor-element-24a228b\" data-id=\"24a228b\" data-element_type=\"column\">\n\t\t\t<div class=\"elementor-widget-wrap elementor-element-populated\">\n\t\t\t\t\t\t\t\t<div class=\"elementor-element elementor-element-f5cc5d0 elementor-widget elementor-widget-image\" data-id=\"f5cc5d0\" data-element_type=\"widget\" data-widget_type=\"image.default\">\n\t\t\t\t<div class=\"elementor-widget-container\">\n\t\t\t\t\t\t\t\t\t\t\t\t\t\t\t<img decoding=\"async\" src=\"https:\/\/made4you.lu\/wp-content\/uploads\/elementor\/thumbs\/logo-pq9c890hywuhz88qr5wf3duaac6wrb5snj6ks8ii94.png\" title=\"logo\" alt=\"MONDIAL RELAY PAKETSHOP WASSERBILLIG MERTERT\" loading=\"lazy\" \/>\t\t\t\t\t\t\t\t\t\t\t\t\t\t\t<\/div>\n\t\t\t\t<\/div>\n\t\t\t\t\t<\/div>\n\t\t<\/div>\n\t\t\t\t<div class=\"penci-ercol-50 penci-ercol-order-2 penci-sticky-ct    elementor-column elementor-col-50 elementor-top-column elementor-element elementor-element-e644106\" data-id=\"e644106\" data-element_type=\"column\">\n\t\t\t<div class=\"elementor-widget-wrap elementor-element-populated\">\n\t\t\t\t\t\t\t\t<div class=\"elementor-element elementor-element-ea9c128 elementor-widget elementor-widget-text-editor\" data-id=\"ea9c128\" data-element_type=\"widget\" data-widget_type=\"text-editor.default\">\n\t\t\t\t<div class=\"elementor-widget-container\">\n\t\t\t\t\t\t\t<h3 data-start=\"766\" data-end=\"828\"><strong data-start=\"775\" data-end=\"828\">Annonce importante \u2013 Fin du service Mondial Relay<\/strong><\/h3><p data-start=\"830\" data-end=\"995\">\u00c0 partir du <strong data-start=\"842\" data-end=\"862\">30 novembre 2025<\/strong>, nous ne serons <strong data-start=\"879\" data-end=\"914\">plus point relais Mondial Relay<\/strong>.<br data-start=\"915\" data-end=\"918\" \/>Il ne sera donc <strong data-start=\"934\" data-end=\"984\">plus possible de recevoir ou retirer des colis<\/strong> chez nous.<\/p><p data-start=\"997\" data-end=\"1269\">La raison : le service de colis nous prend trop de temps, et la quantit\u00e9 de colis encombre notre espace de travail, ce qui rend notre activit\u00e9 principale plus difficile.<br data-start=\"1166\" data-end=\"1169\" \/>Nous remercions toutes les personnes qui ont utilis\u00e9 ce service et comptons sur votre compr\u00e9hension.<\/p>\t\t\t\t\t\t<\/div>\n\t\t\t\t<\/div>\n\t\t\t\t\t<\/div>\n\t\t<\/div>\n\t\t\t\t\t\t\t<\/div>\n\t\t<\/section>\n\t\t\t\t<section class=\"penci-section penci-disSticky penci-structure-10 elementor-section elementor-top-section elementor-element elementor-element-1d737f2 elementor-section-boxed elementor-section-height-default elementor-section-height-default\" data-id=\"1d737f2\" data-element_type=\"section\">\n\t\t\t\t\t\t<div class=\"elementor-container elementor-column-gap-default\">\n\t\t\t\t\t<div class=\"penci-ercol-100 penci-ercol-order-1 penci-sticky-ct    elementor-column elementor-col-100 elementor-top-column elementor-element elementor-element-df4b26a\" data-id=\"df4b26a\" data-element_type=\"column\">\n\t\t\t<div class=\"elementor-widget-wrap elementor-element-populated\">\n\t\t\t\t\t\t\t\t<div class=\"elementor-element elementor-element-ca66295 elementor-widget elementor-widget-penci-open-hour\" data-id=\"ca66295\" data-element_type=\"widget\" data-widget_type=\"penci-open-hour.default\">\n\t\t\t\t<div class=\"elementor-widget-container\">\n\t\t\t\t\t<div class=\"penci-block-vc penci-working-hours\">\r\n\t\t\t        <div class=\"penci-border-arrow penci-homepage-title penci-home-latest-posts style-12 pcalign-left pciconp-right pcicon-right block-title-icon-left\">\r\n            <h3 class=\"inner-arrow\">\r\n                <span>\r\n                    <span>Points relais Heures d'ouvertures<\/a>                <\/span>\r\n            <\/h3>\r\n\t\t\t        <\/div>\r\n\t\t\t\t\t<div class=\"penci-block_content\">\r\n\t\t\t\t<div class=\"penci-workingh-lists\">\r\n\t\t\t\t\t<ul>\r\n\t\t\t\t\t\t\t\t\t\t\t\t\t<li class=\"penci-workingh-item\">\r\n\t\t\t\t\t\t\t\t<div class=\"penci-workingh-item-inner\">\r\n\t\t\t\t\t\t\t\t\t<div class=\"penci-workingh-line1\">\r\n\t\t\t\t\t\t\t\t\t\t<div class=\"penci-icontitle\">\r\n\t\t\t\t\t\t\t\t\t\t\t<i class=\"penci-listitem-icon far fa-clock\"><\/i><span class=\"penci-listitem-title\">Lundi<\/span>\t\t\t\t\t\t\t\t\t\t<\/div>\r\n\t\t\t\t\t\t\t\t\t\t<span class=\"penci-listitem-hours\">8:30 - 12:00 | 14:00 - 17:30<\/span>\t\t\t\t\t\t\t\t\t<\/div>\r\n\t\t\t\t\t\t\t\t\t\t\t\t\t\t\t\t\t<\/div>\r\n\t\t\t\t\t\t\t<\/li>\r\n\t\t\t\t\t\t\t\t\t\t\t\t\t<li class=\"penci-workingh-item\">\r\n\t\t\t\t\t\t\t\t<div class=\"penci-workingh-item-inner\">\r\n\t\t\t\t\t\t\t\t\t<div class=\"penci-workingh-line1\">\r\n\t\t\t\t\t\t\t\t\t\t<div class=\"penci-icontitle\">\r\n\t\t\t\t\t\t\t\t\t\t\t<i class=\"penci-listitem-icon far fa-clock\"><\/i><span class=\"penci-listitem-title\">Mardi<\/span>\t\t\t\t\t\t\t\t\t\t<\/div>\r\n\t\t\t\t\t\t\t\t\t\t<span class=\"penci-listitem-hours\">8:30 - 12:00 | 14:00 - 17:30<\/span>\t\t\t\t\t\t\t\t\t<\/div>\r\n\t\t\t\t\t\t\t\t\t\t\t\t\t\t\t\t\t<\/div>\r\n\t\t\t\t\t\t\t<\/li>\r\n\t\t\t\t\t\t\t\t\t\t\t\t\t<li class=\"penci-workingh-item\">\r\n\t\t\t\t\t\t\t\t<div class=\"penci-workingh-item-inner\">\r\n\t\t\t\t\t\t\t\t\t<div class=\"penci-workingh-line1\">\r\n\t\t\t\t\t\t\t\t\t\t<div class=\"penci-icontitle\">\r\n\t\t\t\t\t\t\t\t\t\t\t<i class=\"penci-listitem-icon far fa-clock\"><\/i><span class=\"penci-listitem-title\">Mercredi<\/span>\t\t\t\t\t\t\t\t\t\t<\/div>\r\n\t\t\t\t\t\t\t\t\t\t<span class=\"penci-listitem-hours\">8:30 - 12:00 | 14:00 - 17:30<\/span>\t\t\t\t\t\t\t\t\t<\/div>\r\n\t\t\t\t\t\t\t\t\t\t\t\t\t\t\t\t\t<\/div>\r\n\t\t\t\t\t\t\t<\/li>\r\n\t\t\t\t\t\t\t\t\t\t\t\t\t<li class=\"penci-workingh-item\">\r\n\t\t\t\t\t\t\t\t<div class=\"penci-workingh-item-inner\">\r\n\t\t\t\t\t\t\t\t\t<div class=\"penci-workingh-line1\">\r\n\t\t\t\t\t\t\t\t\t\t<div class=\"penci-icontitle\">\r\n\t\t\t\t\t\t\t\t\t\t\t<i class=\"penci-listitem-icon far fa-clock\"><\/i><span class=\"penci-listitem-title\">Jeudi<\/span>\t\t\t\t\t\t\t\t\t\t<\/div>\r\n\t\t\t\t\t\t\t\t\t\t<span class=\"penci-listitem-hours\">8:30 - 12:00 | 14:00 - 17:30<\/span>\t\t\t\t\t\t\t\t\t<\/div>\r\n\t\t\t\t\t\t\t\t\t\t\t\t\t\t\t\t\t<\/div>\r\n\t\t\t\t\t\t\t<\/li>\r\n\t\t\t\t\t\t\t\t\t\t\t\t\t<li class=\"penci-workingh-item\">\r\n\t\t\t\t\t\t\t\t<div class=\"penci-workingh-item-inner\">\r\n\t\t\t\t\t\t\t\t\t<div class=\"penci-workingh-line1\">\r\n\t\t\t\t\t\t\t\t\t\t<div class=\"penci-icontitle\">\r\n\t\t\t\t\t\t\t\t\t\t\t<i class=\"penci-listitem-icon far fa-clock\"><\/i><span class=\"penci-listitem-title\">Vendredi<\/span>\t\t\t\t\t\t\t\t\t\t<\/div>\r\n\t\t\t\t\t\t\t\t\t\t<span class=\"penci-listitem-hours\">8:30 - 12:00 | 14:30 - 17:30<\/span>\t\t\t\t\t\t\t\t\t<\/div>\r\n\t\t\t\t\t\t\t\t\t\t\t\t\t\t\t\t\t<\/div>\r\n\t\t\t\t\t\t\t<\/li>\r\n\t\t\t\t\t\t\t\t\t\t\t\t\t<li class=\"penci-workingh-item\">\r\n\t\t\t\t\t\t\t\t<div class=\"penci-workingh-item-inner\">\r\n\t\t\t\t\t\t\t\t\t<div class=\"penci-workingh-line1\">\r\n\t\t\t\t\t\t\t\t\t\t<div class=\"penci-icontitle\">\r\n\t\t\t\t\t\t\t\t\t\t\t<i class=\"penci-listitem-icon far fa-clock\"><\/i><span class=\"penci-listitem-title\">Samedi<\/span>\t\t\t\t\t\t\t\t\t\t<\/div>\r\n\t\t\t\t\t\t\t\t\t\t<span class=\"penci-listitem-hours\">ferm\u00e9<\/span>\t\t\t\t\t\t\t\t\t<\/div>\r\n\t\t\t\t\t\t\t\t\t\t\t\t\t\t\t\t\t<\/div>\r\n\t\t\t\t\t\t\t<\/li>\r\n\t\t\t\t\t\t\t\t\t\t\t\t\t<li class=\"penci-workingh-item\">\r\n\t\t\t\t\t\t\t\t<div class=\"penci-workingh-item-inner\">\r\n\t\t\t\t\t\t\t\t\t<div class=\"penci-workingh-line1\">\r\n\t\t\t\t\t\t\t\t\t\t<div class=\"penci-icontitle\">\r\n\t\t\t\t\t\t\t\t\t\t\t<i class=\"penci-listitem-icon far fa-clock\"><\/i><span class=\"penci-listitem-title\">Dimanche<\/span>\t\t\t\t\t\t\t\t\t\t<\/div>\r\n\t\t\t\t\t\t\t\t\t\t<span class=\"penci-listitem-hours\">ferm\u00e9<\/span>\t\t\t\t\t\t\t\t\t<\/div>\r\n\t\t\t\t\t\t\t\t\t\t\t\t\t\t\t\t\t<\/div>\r\n\t\t\t\t\t\t\t<\/li>\r\n\t\t\t\t\t\t\r\n\t\t\t\t\t<\/ul>\r\n\t\t\t\t<\/div>\r\n\t\t\t<\/div>\r\n\t\t<\/div>\r\n\t\t\t\t<\/div>\n\t\t\t\t<\/div>\n\t\t\t\t\t<\/div>\n\t\t<\/div>\n\t\t\t\t\t\t\t<\/div>\n\t\t<\/section>\n\t\t\t\t<section class=\"penci-section penci-disSticky penci-structure-10 elementor-section elementor-top-section elementor-element elementor-element-4b1f978 elementor-section-boxed elementor-section-height-default elementor-section-height-default\" data-id=\"4b1f978\" data-element_type=\"section\">\n\t\t\t\t\t\t<div class=\"elementor-container elementor-column-gap-default\">\n\t\t\t\t\t<div class=\"penci-ercol-100 penci-ercol-order-1 penci-sticky-ct    elementor-column elementor-col-100 elementor-top-column elementor-element elementor-element-fe3b875\" data-id=\"fe3b875\" data-element_type=\"column\">\n\t\t\t<div class=\"elementor-widget-wrap elementor-element-populated\">\n\t\t\t\t\t\t\t\t<div class=\"elementor-element elementor-element-01b064d elementor-widget elementor-widget-text-editor\" data-id=\"01b064d\" data-element_type=\"widget\" data-widget_type=\"text-editor.default\">\n\t\t\t\t<div class=\"elementor-widget-container\">\n\t\t\t\t\t\t\t<p><em>Veuillez noter que nous aussi ne faisons qu&rsquo;accepter les colis, que nous ne sommes pas responsables des livraisons et que nous ne pouvons pas non plus donner d&rsquo;indications plus pr\u00e9cises sur l&rsquo;endroit o\u00f9 se trouve votre colis. Pour cela, veuillez vous adresser directement \u00e0 l&rsquo;un des prestataires de services d&rsquo;exp\u00e9dition.<\/em><\/p>\n\t\t\t\t\t\t<\/div>\n\t\t\t\t<\/div>\n\t\t\t\t\t<\/div>\n\t\t<\/div>\n\t\t\t\t\t\t\t<\/div>\n\t\t<\/section>\n\t\t\t\t\t\t\t<\/div>\n\t\t","protected":false},"excerpt":{"rendered":"<p>Envoyer et recevoir des colis Nous avons un GLS Parcelshop, ce qui signifie que vous pouvez faire livrer vos colis GLS directement chez nous si vous n&rsquo;\u00eates pas chez vous.&hellip;<\/p>\n","protected":false},"author":1,"featured_media":0,"parent":0,"menu_order":0,"comment_status":"closed","ping_status":"closed","template":"page-fullwidth.php","meta":{"footnotes":""},"class_list":["post-12145","page","type-page","status-publish","hentry"],"yoast_head":"<!-- This site is optimized with the Yoast SEO plugin v20.13 - https:\/\/yoast.com\/wordpress\/plugins\/seo\/ -->\n<title>Point Relais - Made4you Publicit\u00e9<\/title>\n<meta name=\"robots\" content=\"index, follow, max-snippet:-1, max-image-preview:large, max-video-preview:-1\" \/>\n<link rel=\"canonical\" href=\"https:\/\/made4you.lu\/fr\/point-relais\/\" \/>\n<meta property=\"og:locale\" content=\"fr_FR\" \/>\n<meta property=\"og:type\" content=\"article\" \/>\n<meta property=\"og:title\" content=\"Point Relais - Made4you Publicit\u00e9\" \/>\n<meta property=\"og:description\" content=\"Envoyer et recevoir des colis Nous avons un GLS Parcelshop, ce qui signifie que vous pouvez faire livrer vos colis GLS directement chez nous si vous n&rsquo;\u00eates pas chez vous.&hellip;\" \/>\n<meta property=\"og:url\" content=\"https:\/\/made4you.lu\/fr\/point-relais\/\" \/>\n<meta property=\"og:site_name\" content=\"Made4you Publicit\u00e9\" \/>\n<meta property=\"article:modified_time\" content=\"2025-10-31T11:08:29+00:00\" \/>\n<meta property=\"og:image\" content=\"https:\/\/made4you.lu\/wp-content\/uploads\/elementor\/thumbs\/gls-logo-pq9c7d20hmnfxm6q01u2lsbam16deamjts9xrkzox4.png\" \/>\n<meta name=\"twitter:card\" content=\"summary_large_image\" \/>\n<meta name=\"twitter:label1\" content=\"Dur\u00e9e de lecture estim\u00e9e\" \/>\n\t<meta name=\"twitter:data1\" content=\"1 minute\" \/>\n<script type=\"application\/ld+json\" class=\"yoast-schema-graph\">{\"@context\":\"https:\/\/schema.org\",\"@graph\":[{\"@type\":\"WebPage\",\"@id\":\"https:\/\/made4you.lu\/fr\/point-relais\/\",\"url\":\"https:\/\/made4you.lu\/fr\/point-relais\/\",\"name\":\"Point Relais - Made4you Publicit\u00e9\",\"isPartOf\":{\"@id\":\"https:\/\/made4you.lu\/#website\"},\"datePublished\":\"2023-06-09T06:34:19+00:00\",\"dateModified\":\"2025-10-31T11:08:29+00:00\",\"breadcrumb\":{\"@id\":\"https:\/\/made4you.lu\/fr\/point-relais\/#breadcrumb\"},\"inLanguage\":\"fr-FR\",\"potentialAction\":[{\"@type\":\"ReadAction\",\"target\":[\"https:\/\/made4you.lu\/fr\/point-relais\/\"]}]},{\"@type\":\"BreadcrumbList\",\"@id\":\"https:\/\/made4you.lu\/fr\/point-relais\/#breadcrumb\",\"itemListElement\":[{\"@type\":\"ListItem\",\"position\":1,\"name\":\"Startseite\",\"item\":\"https:\/\/made4you.lu\/fr\/\"},{\"@type\":\"ListItem\",\"position\":2,\"name\":\"Point Relais\"}]},{\"@type\":\"WebSite\",\"@id\":\"https:\/\/made4you.lu\/#website\",\"url\":\"https:\/\/made4you.lu\/\",\"name\":\"Made4you Publicit\u00e9\",\"description\":\"\u00e0 Wasserbillig (LU) &amp; Konz (DE). Votre partenaire en mati\u00e8re de publicit\u00e9, d&#039;impression, de graphisme, d&#039;impression textile, de broderie, de cadeaux publicitaires, de webdesign, de fournitures pour les associations et bien plus encore.\",\"potentialAction\":[{\"@type\":\"SearchAction\",\"target\":{\"@type\":\"EntryPoint\",\"urlTemplate\":\"https:\/\/made4you.lu\/?s={search_term_string}\"},\"query-input\":\"required name=search_term_string\"}],\"inLanguage\":\"fr-FR\"}]}<\/script>\n<!-- \/ Yoast SEO plugin. -->","yoast_head_json":{"title":"Point Relais - Made4you Publicit\u00e9","robots":{"index":"index","follow":"follow","max-snippet":"max-snippet:-1","max-image-preview":"max-image-preview:large","max-video-preview":"max-video-preview:-1"},"canonical":"https:\/\/made4you.lu\/fr\/point-relais\/","og_locale":"fr_FR","og_type":"article","og_title":"Point Relais - Made4you Publicit\u00e9","og_description":"Envoyer et recevoir des colis Nous avons un GLS Parcelshop, ce qui signifie que vous pouvez faire livrer vos colis GLS directement chez nous si vous n&rsquo;\u00eates pas chez vous.&hellip;","og_url":"https:\/\/made4you.lu\/fr\/point-relais\/","og_site_name":"Made4you Publicit\u00e9","article_modified_time":"2025-10-31T11:08:29+00:00","og_image":[{"url":"https:\/\/made4you.lu\/wp-content\/uploads\/elementor\/thumbs\/gls-logo-pq9c7d20hmnfxm6q01u2lsbam16deamjts9xrkzox4.png"}],"twitter_card":"summary_large_image","twitter_misc":{"Dur\u00e9e de lecture estim\u00e9e":"1 minute"},"schema":{"@context":"https:\/\/schema.org","@graph":[{"@type":"WebPage","@id":"https:\/\/made4you.lu\/fr\/point-relais\/","url":"https:\/\/made4you.lu\/fr\/point-relais\/","name":"Point Relais - Made4you Publicit\u00e9","isPartOf":{"@id":"https:\/\/made4you.lu\/#website"},"datePublished":"2023-06-09T06:34:19+00:00","dateModified":"2025-10-31T11:08:29+00:00","breadcrumb":{"@id":"https:\/\/made4you.lu\/fr\/point-relais\/#breadcrumb"},"inLanguage":"fr-FR","potentialAction":[{"@type":"ReadAction","target":["https:\/\/made4you.lu\/fr\/point-relais\/"]}]},{"@type":"BreadcrumbList","@id":"https:\/\/made4you.lu\/fr\/point-relais\/#breadcrumb","itemListElement":[{"@type":"ListItem","position":1,"name":"Startseite","item":"https:\/\/made4you.lu\/fr\/"},{"@type":"ListItem","position":2,"name":"Point Relais"}]},{"@type":"WebSite","@id":"https:\/\/made4you.lu\/#website","url":"https:\/\/made4you.lu\/","name":"Made4you Publicit\u00e9","description":"\u00e0 Wasserbillig (LU) &amp; Konz (DE). Votre partenaire en mati\u00e8re de publicit\u00e9, d&#039;impression, de graphisme, d&#039;impression textile, de broderie, de cadeaux publicitaires, de webdesign, de fournitures pour les associations et bien plus encore.","potentialAction":[{"@type":"SearchAction","target":{"@type":"EntryPoint","urlTemplate":"https:\/\/made4you.lu\/?s={search_term_string}"},"query-input":"required name=search_term_string"}],"inLanguage":"fr-FR"}]}},"_links":{"self":[{"href":"https:\/\/made4you.lu\/fr\/wp-json\/wp\/v2\/pages\/12145","targetHints":{"allow":["GET"]}}],"collection":[{"href":"https:\/\/made4you.lu\/fr\/wp-json\/wp\/v2\/pages"}],"about":[{"href":"https:\/\/made4you.lu\/fr\/wp-json\/wp\/v2\/types\/page"}],"author":[{"embeddable":true,"href":"https:\/\/made4you.lu\/fr\/wp-json\/wp\/v2\/users\/1"}],"replies":[{"embeddable":true,"href":"https:\/\/made4you.lu\/fr\/wp-json\/wp\/v2\/comments?post=12145"}],"version-history":[{"count":16,"href":"https:\/\/made4you.lu\/fr\/wp-json\/wp\/v2\/pages\/12145\/revisions"}],"predecessor-version":[{"id":12634,"href":"https:\/\/made4you.lu\/fr\/wp-json\/wp\/v2\/pages\/12145\/revisions\/12634"}],"wp:attachment":[{"href":"https:\/\/made4you.lu\/fr\/wp-json\/wp\/v2\/media?parent=12145"}],"curies":[{"name":"wp","href":"https:\/\/api.w.org\/{rel}","templated":true}]}}