{"id":11102,"date":"2022-05-20T14:00:43","date_gmt":"2022-05-20T14:00:43","guid":{"rendered":"https:\/\/made4you.lu\/jobs\/"},"modified":"2022-12-01T16:20:58","modified_gmt":"2022-12-01T16:20:58","slug":"jobs","status":"publish","type":"page","link":"https:\/\/made4you.lu\/fr\/jobs\/","title":{"rendered":"Jobs"},"content":{"rendered":"\t\t<div data-elementor-type=\"wp-page\" data-elementor-id=\"11102\" class=\"elementor elementor-11102 elementor-11086\">\n\t\t\t\t\t\t\t\t\t<section class=\"penci-section penci-dmcheck penci-elbg-activate penci-elbg-img penci-disSticky penci-structure-10 elementor-section elementor-top-section elementor-element elementor-element-5146ec0 elementor-section-boxed elementor-section-height-default elementor-section-height-default\" data-id=\"5146ec0\" data-element_type=\"section\" data-settings=\"{&quot;background_background&quot;:&quot;classic&quot;}\">\n\t\t\t\t\t\t<div class=\"elementor-container elementor-column-gap-no\">\n\t\t\t\t\t<div class=\"penci-ercol-100 penci-ercol-order-1 penci-sticky-ct    elementor-column elementor-col-100 elementor-top-column elementor-element elementor-element-1264caa\" data-id=\"1264caa\" data-element_type=\"column\">\n\t\t\t<div class=\"elementor-widget-wrap elementor-element-populated\">\n\t\t\t\t\t\t\t\t<div class=\"elementor-element elementor-element-bf7c749 elementor-widget elementor-widget-penci-fancy_heading\" data-id=\"bf7c749\" data-element_type=\"widget\" data-widget_type=\"penci-fancy_heading.default\">\n\t\t\t\t<div class=\"elementor-widget-container\">\n\t\t\t\t\t<div class=\"penci-fancy-heading penci-heading-text-left\">\r\n\t\t\t<div class=\"penci-fancy-heading-inner\">\r\n\t\t\t\t<h2 class=\"penci-heading-title\"><span class=\"inner-tit\">Nous vous cherchons!<\/span><\/h2>\t\t\t<\/div>\r\n\t\t<\/div>\r\n\t\t\t\t<\/div>\n\t\t\t\t<\/div>\n\t\t\t\t\t<\/div>\n\t\t<\/div>\n\t\t\t\t\t\t\t<\/div>\n\t\t<\/section>\n\t\t\t\t<section class=\"penci-section penci-disSticky penci-structure-20 elementor-section elementor-top-section elementor-element elementor-element-519a9f3 elementor-section-boxed elementor-section-height-default elementor-section-height-default\" data-id=\"519a9f3\" data-element_type=\"section\">\n\t\t\t\t\t\t<div class=\"elementor-container elementor-column-gap-wider\">\n\t\t\t\t\t<div class=\"penci-ercol-50 penci-ercol-order-1 penci-sticky-ct    elementor-column elementor-col-50 elementor-top-column elementor-element elementor-element-36d8c95\" data-id=\"36d8c95\" data-element_type=\"column\">\n\t\t\t<div class=\"elementor-widget-wrap elementor-element-populated\">\n\t\t\t\t\t\t\t\t<div class=\"elementor-element elementor-element-00bac77 elementor-widget elementor-widget-penci-fancy_heading\" data-id=\"00bac77\" data-element_type=\"widget\" data-widget_type=\"penci-fancy_heading.default\">\n\t\t\t\t<div class=\"elementor-widget-container\">\n\t\t\t\t\t<div class=\"penci-fancy-heading penci-heading-text-left\">\r\n\t\t\t<div class=\"penci-fancy-heading-inner\">\r\n\t\t\t\t<h2 class=\"penci-heading-title\"><span class=\"inner-tit\">repr\u00e9sentant (ind\u00e9pendant)<\/span><\/h2>\t\t\t<\/div>\r\n\t\t<\/div>\r\n\t\t\t\t<\/div>\n\t\t\t\t<\/div>\n\t\t\t\t<div class=\"elementor-element elementor-element-d84d925 elementor-widget elementor-widget-text-editor\" data-id=\"d84d925\" data-element_type=\"widget\" data-widget_type=\"text-editor.default\">\n\t\t\t\t<div class=\"elementor-widget-container\">\n\t\t\t\t\t\t\t<p><strong>Vos t\u00e2ches<br \/><\/strong><\/p><ul><li>En tant qu&rsquo;entrepeneur ind\u00e8pendant, vous commercialisez l&rsquo;ensemble de notre portefeuille de produits.<\/li><li>Traitement ind\u00e9pendant de votre espace de vente.<\/li><li>Prendre soin de ses propres clients.<\/li><\/ul><p><strong>Votre profil<br \/><\/strong><\/p><ul><li>Vous avez des objectifs ambitieux.<\/li><li>Vous aimez travailler avec les gens.<\/li><li>Vous pouvez pr\u00e9senter avec enthousiasme, susciter des \u00e9motions et vendre durablement.<\/li><li>Vous voulez un travail passionnant, amusant, vari\u00e9, motivant et stimulant au quotidien.<\/li><li>Ils parlent allemand et fran\u00e7ais.<\/li><\/ul>\t\t\t\t\t\t<\/div>\n\t\t\t\t<\/div>\n\t\t\t\t\t<\/div>\n\t\t<\/div>\n\t\t\t\t<div class=\"penci-ercol-50 penci-ercol-order-2 penci-sticky-ct    elementor-column elementor-col-50 elementor-top-column elementor-element elementor-element-e747427\" data-id=\"e747427\" data-element_type=\"column\">\n\t\t\t<div class=\"elementor-widget-wrap elementor-element-populated\">\n\t\t\t\t\t\t\t\t<div class=\"elementor-element elementor-element-cca1e85 elementor-widget elementor-widget-image\" data-id=\"cca1e85\" data-element_type=\"widget\" data-widget_type=\"image.default\">\n\t\t\t\t<div class=\"elementor-widget-container\">\n\t\t\t\t\t\t\t\t\t\t\t\t\t\t\t<img decoding=\"async\" width=\"1920\" height=\"1280\" src=\"https:\/\/made4you.lu\/wp-content\/uploads\/2022\/12\/AdobeStock_524239015-1920x1280.jpeg\" class=\"attachment-penci-single-full size-penci-single-full wp-image-11501\" alt=\"Jobs Made4you Luxembourg\" srcset=\"https:\/\/made4you.lu\/wp-content\/uploads\/2022\/12\/AdobeStock_524239015-1920x1280.jpeg 1920w, https:\/\/made4you.lu\/wp-content\/uploads\/2022\/12\/AdobeStock_524239015-300x200.jpeg 300w, https:\/\/made4you.lu\/wp-content\/uploads\/2022\/12\/AdobeStock_524239015-1024x683.jpeg 1024w, https:\/\/made4you.lu\/wp-content\/uploads\/2022\/12\/AdobeStock_524239015-768x512.jpeg 768w, https:\/\/made4you.lu\/wp-content\/uploads\/2022\/12\/AdobeStock_524239015-1536x1024.jpeg 1536w, https:\/\/made4you.lu\/wp-content\/uploads\/2022\/12\/AdobeStock_524239015-2048x1365.jpeg 2048w, https:\/\/made4you.lu\/wp-content\/uploads\/2022\/12\/AdobeStock_524239015-1170x780.jpeg 1170w, https:\/\/made4you.lu\/wp-content\/uploads\/2022\/12\/AdobeStock_524239015-585x390.jpeg 585w, https:\/\/made4you.lu\/wp-content\/uploads\/2022\/12\/AdobeStock_524239015-263x175.jpeg 263w\" sizes=\"(max-width: 1920px) 100vw, 1920px\" \/>\t\t\t\t\t\t\t\t\t\t\t\t\t\t\t<\/div>\n\t\t\t\t<\/div>\n\t\t\t\t\t<\/div>\n\t\t<\/div>\n\t\t\t\t\t\t\t<\/div>\n\t\t<\/section>\n\t\t\t\t<section class=\"penci-section penci-disSticky penci-structure-10 elementor-section elementor-top-section elementor-element elementor-element-6c743dd elementor-section-boxed elementor-section-height-default elementor-section-height-default\" data-id=\"6c743dd\" data-element_type=\"section\">\n\t\t\t\t\t\t<div class=\"elementor-container elementor-column-gap-default\">\n\t\t\t\t\t<div class=\"penci-ercol-100 penci-ercol-order-1 penci-sticky-ct    elementor-column elementor-col-100 elementor-top-column elementor-element elementor-element-8ea63c0\" data-id=\"8ea63c0\" data-element_type=\"column\">\n\t\t\t<div class=\"elementor-widget-wrap\">\n\t\t\t\t\t\t\t\t\t<\/div>\n\t\t<\/div>\n\t\t\t\t\t\t\t<\/div>\n\t\t<\/section>\n\t\t\t\t\t\t\t<\/div>\n\t\t","protected":false},"excerpt":{"rendered":"<p>Nous vous cherchons! repr\u00e9sentant (ind\u00e9pendant) Vos t\u00e2ches En tant qu&rsquo;entrepeneur ind\u00e8pendant, vous commercialisez l&rsquo;ensemble de notre portefeuille de produits. Traitement ind\u00e9pendant de votre espace de vente. Prendre soin de ses&hellip;<\/p>\n","protected":false},"author":1,"featured_media":0,"parent":0,"menu_order":0,"comment_status":"closed","ping_status":"closed","template":"page-fullwidth.php","meta":{"footnotes":""},"class_list":["post-11102","page","type-page","status-publish","hentry"],"yoast_head":"<!-- This site is optimized with the Yoast SEO plugin v20.13 - https:\/\/yoast.com\/wordpress\/plugins\/seo\/ -->\n<title>Jobs - Made4you Publicit\u00e9<\/title>\n<meta name=\"robots\" content=\"index, follow, max-snippet:-1, max-image-preview:large, max-video-preview:-1\" \/>\n<link rel=\"canonical\" href=\"https:\/\/made4you.lu\/fr\/jobs\/\" \/>\n<meta property=\"og:locale\" content=\"fr_FR\" \/>\n<meta property=\"og:type\" content=\"article\" \/>\n<meta property=\"og:title\" content=\"Jobs - Made4you Publicit\u00e9\" \/>\n<meta property=\"og:description\" content=\"Nous vous cherchons! repr\u00e9sentant (ind\u00e9pendant) Vos t\u00e2ches En tant qu&rsquo;entrepeneur ind\u00e8pendant, vous commercialisez l&rsquo;ensemble de notre portefeuille de produits. Traitement ind\u00e9pendant de votre espace de vente. Prendre soin de ses&hellip;\" \/>\n<meta property=\"og:url\" content=\"https:\/\/made4you.lu\/fr\/jobs\/\" \/>\n<meta property=\"og:site_name\" content=\"Made4you Publicit\u00e9\" \/>\n<meta property=\"article:modified_time\" content=\"2022-12-01T16:20:58+00:00\" \/>\n<meta property=\"og:image\" content=\"https:\/\/made4you.lu\/wp-content\/uploads\/2022\/12\/AdobeStock_524239015-1920x1280.jpeg\" \/>\n<meta name=\"twitter:card\" content=\"summary_large_image\" \/>\n<meta name=\"twitter:label1\" content=\"Dur\u00e9e de lecture estim\u00e9e\" \/>\n\t<meta name=\"twitter:data1\" content=\"1 minute\" \/>\n<script type=\"application\/ld+json\" class=\"yoast-schema-graph\">{\"@context\":\"https:\/\/schema.org\",\"@graph\":[{\"@type\":\"WebPage\",\"@id\":\"https:\/\/made4you.lu\/fr\/jobs\/\",\"url\":\"https:\/\/made4you.lu\/fr\/jobs\/\",\"name\":\"Jobs - Made4you Publicit\u00e9\",\"isPartOf\":{\"@id\":\"https:\/\/made4you.lu\/#website\"},\"datePublished\":\"2022-05-20T14:00:43+00:00\",\"dateModified\":\"2022-12-01T16:20:58+00:00\",\"breadcrumb\":{\"@id\":\"https:\/\/made4you.lu\/fr\/jobs\/#breadcrumb\"},\"inLanguage\":\"fr-FR\",\"potentialAction\":[{\"@type\":\"ReadAction\",\"target\":[\"https:\/\/made4you.lu\/fr\/jobs\/\"]}]},{\"@type\":\"BreadcrumbList\",\"@id\":\"https:\/\/made4you.lu\/fr\/jobs\/#breadcrumb\",\"itemListElement\":[{\"@type\":\"ListItem\",\"position\":1,\"name\":\"Startseite\",\"item\":\"https:\/\/made4you.lu\/fr\/\"},{\"@type\":\"ListItem\",\"position\":2,\"name\":\"Jobs\"}]},{\"@type\":\"WebSite\",\"@id\":\"https:\/\/made4you.lu\/#website\",\"url\":\"https:\/\/made4you.lu\/\",\"name\":\"Made4you Publicit\u00e9\",\"description\":\"\u00e0 Wasserbillig (LU) &amp; Konz (DE). Votre partenaire en mati\u00e8re de publicit\u00e9, d&#039;impression, de graphisme, d&#039;impression textile, de broderie, de cadeaux publicitaires, de webdesign, de fournitures pour les associations et bien plus encore.\",\"potentialAction\":[{\"@type\":\"SearchAction\",\"target\":{\"@type\":\"EntryPoint\",\"urlTemplate\":\"https:\/\/made4you.lu\/?s={search_term_string}\"},\"query-input\":\"required name=search_term_string\"}],\"inLanguage\":\"fr-FR\"}]}<\/script>\n<!-- \/ Yoast SEO plugin. -->","yoast_head_json":{"title":"Jobs - Made4you Publicit\u00e9","robots":{"index":"index","follow":"follow","max-snippet":"max-snippet:-1","max-image-preview":"max-image-preview:large","max-video-preview":"max-video-preview:-1"},"canonical":"https:\/\/made4you.lu\/fr\/jobs\/","og_locale":"fr_FR","og_type":"article","og_title":"Jobs - Made4you Publicit\u00e9","og_description":"Nous vous cherchons! repr\u00e9sentant (ind\u00e9pendant) Vos t\u00e2ches En tant qu&rsquo;entrepeneur ind\u00e8pendant, vous commercialisez l&rsquo;ensemble de notre portefeuille de produits. Traitement ind\u00e9pendant de votre espace de vente. Prendre soin de ses&hellip;","og_url":"https:\/\/made4you.lu\/fr\/jobs\/","og_site_name":"Made4you Publicit\u00e9","article_modified_time":"2022-12-01T16:20:58+00:00","og_image":[{"url":"https:\/\/made4you.lu\/wp-content\/uploads\/2022\/12\/AdobeStock_524239015-1920x1280.jpeg"}],"twitter_card":"summary_large_image","twitter_misc":{"Dur\u00e9e de lecture estim\u00e9e":"1 minute"},"schema":{"@context":"https:\/\/schema.org","@graph":[{"@type":"WebPage","@id":"https:\/\/made4you.lu\/fr\/jobs\/","url":"https:\/\/made4you.lu\/fr\/jobs\/","name":"Jobs - Made4you Publicit\u00e9","isPartOf":{"@id":"https:\/\/made4you.lu\/#website"},"datePublished":"2022-05-20T14:00:43+00:00","dateModified":"2022-12-01T16:20:58+00:00","breadcrumb":{"@id":"https:\/\/made4you.lu\/fr\/jobs\/#breadcrumb"},"inLanguage":"fr-FR","potentialAction":[{"@type":"ReadAction","target":["https:\/\/made4you.lu\/fr\/jobs\/"]}]},{"@type":"BreadcrumbList","@id":"https:\/\/made4you.lu\/fr\/jobs\/#breadcrumb","itemListElement":[{"@type":"ListItem","position":1,"name":"Startseite","item":"https:\/\/made4you.lu\/fr\/"},{"@type":"ListItem","position":2,"name":"Jobs"}]},{"@type":"WebSite","@id":"https:\/\/made4you.lu\/#website","url":"https:\/\/made4you.lu\/","name":"Made4you Publicit\u00e9","description":"\u00e0 Wasserbillig (LU) &amp; Konz (DE). Votre partenaire en mati\u00e8re de publicit\u00e9, d&#039;impression, de graphisme, d&#039;impression textile, de broderie, de cadeaux publicitaires, de webdesign, de fournitures pour les associations et bien plus encore.","potentialAction":[{"@type":"SearchAction","target":{"@type":"EntryPoint","urlTemplate":"https:\/\/made4you.lu\/?s={search_term_string}"},"query-input":"required name=search_term_string"}],"inLanguage":"fr-FR"}]}},"_links":{"self":[{"href":"https:\/\/made4you.lu\/fr\/wp-json\/wp\/v2\/pages\/11102","targetHints":{"allow":["GET"]}}],"collection":[{"href":"https:\/\/made4you.lu\/fr\/wp-json\/wp\/v2\/pages"}],"about":[{"href":"https:\/\/made4you.lu\/fr\/wp-json\/wp\/v2\/types\/page"}],"author":[{"embeddable":true,"href":"https:\/\/made4you.lu\/fr\/wp-json\/wp\/v2\/users\/1"}],"replies":[{"embeddable":true,"href":"https:\/\/made4you.lu\/fr\/wp-json\/wp\/v2\/comments?post=11102"}],"version-history":[{"count":6,"href":"https:\/\/made4you.lu\/fr\/wp-json\/wp\/v2\/pages\/11102\/revisions"}],"predecessor-version":[{"id":11505,"href":"https:\/\/made4you.lu\/fr\/wp-json\/wp\/v2\/pages\/11102\/revisions\/11505"}],"wp:attachment":[{"href":"https:\/\/made4you.lu\/fr\/wp-json\/wp\/v2\/media?parent=11102"}],"curies":[{"name":"wp","href":"https:\/\/api.w.org\/{rel}","templated":true}]}}