{"id":10935,"date":"2022-04-04T09:26:08","date_gmt":"2022-04-04T09:26:08","guid":{"rendered":"https:\/\/made4you.lu\/?page_id=10935"},"modified":"2025-11-25T10:14:13","modified_gmt":"2025-11-25T10:14:13","slug":"a-propos-de-nous","status":"publish","type":"page","link":"https:\/\/made4you.lu\/fr\/a-propos-de-nous\/","title":{"rendered":"\u00c0 propos de nous"},"content":{"rendered":"\t\t<div data-elementor-type=\"wp-page\" data-elementor-id=\"10935\" class=\"elementor elementor-10935 elementor-10\">\n\t\t\t\t\t\t\t\t\t<section class=\"penci-section penci-dmcheck penci-elbg-activate penci-disSticky penci-structure-10 elementor-section elementor-top-section elementor-element elementor-element-0a46f55 elementor-section-boxed elementor-section-height-default elementor-section-height-default\" data-id=\"0a46f55\" data-element_type=\"section\" data-settings=\"{&quot;background_background&quot;:&quot;classic&quot;}\">\n\t\t\t\t\t\t<div class=\"elementor-container elementor-column-gap-no\">\n\t\t\t\t\t<div class=\"penci-ercol-100 penci-ercol-order-1 penci-sticky-ct    elementor-column elementor-col-100 elementor-top-column elementor-element elementor-element-10fb691\" data-id=\"10fb691\" data-element_type=\"column\">\n\t\t\t<div class=\"elementor-widget-wrap elementor-element-populated\">\n\t\t\t\t\t\t\t\t<div class=\"elementor-element elementor-element-505cf29 elementor-widget elementor-widget-penci-fancy_heading\" data-id=\"505cf29\" data-element_type=\"widget\" data-widget_type=\"penci-fancy_heading.default\">\n\t\t\t\t<div class=\"elementor-widget-container\">\n\t\t\t\t\t<div class=\"penci-fancy-heading penci-heading-text-left\">\r\n\t\t\t<div class=\"penci-fancy-heading-inner\">\r\n\t\t\t\t<h2 class=\"penci-heading-title\"><span class=\"inner-tit\">\u00c0 propos de nous<\/span><\/h2><div class=\"penci-heading-content entry-content\"><p>En tant qu'entreprise familiale avec plus de 30 ans d'exp\u00e9rience dans le domaine de l'impression et du graphisme, nous sommes depuis toujours synonymes de qualit\u00e9 sup\u00e9rieure et de service au client.<\/p>\n<\/div>\t\t\t<\/div>\r\n\t\t<\/div>\r\n\t\t\t\t<\/div>\n\t\t\t\t<\/div>\n\t\t\t\t\t<\/div>\n\t\t<\/div>\n\t\t\t\t\t\t\t<\/div>\n\t\t<\/section>\n\t\t\t\t<section class=\"penci-section penci-disSticky penci-structure-20 elementor-section elementor-top-section elementor-element elementor-element-e60fb20 elementor-hidden-tablet elementor-hidden-mobile elementor-section-boxed elementor-section-height-default elementor-section-height-default\" data-id=\"e60fb20\" data-element_type=\"section\">\n\t\t\t\t\t\t<div class=\"elementor-container elementor-column-gap-default\">\n\t\t\t\t\t<div class=\"penci-ercol-50 penci-ercol-order-1 penci-sticky-ct    elementor-column elementor-col-50 elementor-top-column elementor-element elementor-element-c9a2787\" data-id=\"c9a2787\" data-element_type=\"column\">\n\t\t\t<div class=\"elementor-widget-wrap elementor-element-populated\">\n\t\t\t\t\t\t\t\t<div class=\"elementor-element elementor-element-de32a9d elementor-hidden-desktop elementor-widget elementor-widget-penci-image-gallery\" data-id=\"de32a9d\" data-element_type=\"widget\" data-widget_type=\"penci-image-gallery.default\">\n\t\t\t\t<div class=\"elementor-widget-container\">\n\t\t\t        <div data-sliderid=\"8993\" id=\"penci-image_gallery_8993\"\n             class=\"penci-block-vc penci-image-gallery penci-image-gallery-s1 pencisc-grid-1 pencisc-grid-tablet-2 pencisc-grid-mobile-1\">\n\t\t\t            <div class=\"penci-block_content  pencisc-grid\">\n\t\t\t\t                <div class=\"penci-gallery-item penci-galitem-1\">\n                    <a class=\"penci-gallery-ite penci-image-holder penci-disable-lazy penci-image-landscape\"  style=\"background-image: url(https:\/\/made4you.lu\/wp-content\/uploads\/2021\/09\/Made_4_you_details_boutique_03-scaled-768x512.jpg);\"                       href=\"https:\/\/made4you.lu\/wp-content\/uploads\/2021\/09\/Made_4_you_details_boutique_03-scaled-1170x780.jpg\"  data-cap=\"Made4you Werbung Wasserbillig Luxemburg Trier Konz\">\n\t\t\t\t\t\t<span class=\"caption\">Made4you Werbung Wasserbillig Luxemburg Trier Konz<\/span>                        <i class=\"penciicon-expand\"><\/i>\n                    <\/a>\n                <\/div>\n\t\t\t\t            <\/div>\n        <\/div>\n\t\t\t\t<\/div>\n\t\t\t\t<\/div>\n\t\t\t\t<div class=\"elementor-element elementor-element-984cb7c elementor-widget elementor-widget-penci-fancy_heading\" data-id=\"984cb7c\" data-element_type=\"widget\" data-widget_type=\"penci-fancy_heading.default\">\n\t\t\t\t<div class=\"elementor-widget-container\">\n\t\t\t\t\t<div class=\"penci-fancy-heading penci-heading-text-left\">\r\n\t\t\t<div class=\"penci-fancy-heading-inner\">\r\n\t\t\t\t<div class=\"penci-heading-content entry-content\"><p>Depuis nos d\u00e9buts en tant que simple entreprise d'impression jusqu'\u00e0 notre agence de services complets, beaucoup de choses se sont pass\u00e9es. Au fil des ann\u00e9es, nous nous sommes toujours efforc\u00e9s de r\u00e9pondre aux souhaits de nos clients. C'est donc tout naturellement que nous avons \u00e9largi nos services en permanence.<\/p>\n<p>Outre toutes sortes de produits d'impression et de services graphiques, nous sommes \u00e9galement actifs depuis un certain temps dans le domaine des cadeaux d'affaires et des cadeaux publicitaires.<\/p>\n<p>Ces derni\u00e8res ann\u00e9es, nous avons investi activement dans notre entreprise et avons am\u00e9lior\u00e9 notre parc de machines de mani\u00e8re \u00e0 pouvoir produire la plupart des produits de notre offre dans nos propres locaux. Nous privil\u00e9gions toujours la qualit\u00e9 \u00e0 la quantit\u00e9.<br \/>\nVenez nous rendre visite et faites personnellement connaissance avec notre \u00e9quipe jeune et dynamique.<\/p>\n<p>Nous sommes \u00e0 vos c\u00f4t\u00e9s dans tous les domaines, avec comp\u00e9tence, passion et cr\u00e9ativit\u00e9, afin d'obtenir le meilleur r\u00e9sultat possible pour votre projet, aussi grand ou petit soit-il.<\/p>\n<p>Dans notre showroom, nous vous donnons un petit avant-go\u00fbt de nos cadeaux publicitaires, textiles,...<\/p>\n<\/div>\t\t\t<\/div>\r\n\t\t<\/div>\r\n\t\t\t\t<\/div>\n\t\t\t\t<\/div>\n\t\t\t\t\t<\/div>\n\t\t<\/div>\n\t\t\t\t<div class=\"penci-ercol-50 penci-ercol-order-2 penci-sticky-ct    elementor-column elementor-col-50 elementor-top-column elementor-element elementor-element-3933850\" data-id=\"3933850\" data-element_type=\"column\">\n\t\t\t<div class=\"elementor-widget-wrap elementor-element-populated\">\n\t\t\t\t\t\t\t\t<div class=\"elementor-element elementor-element-fffe454 elementor-hidden-tablet elementor-hidden-mobile elementor-widget elementor-widget-image\" data-id=\"fffe454\" data-element_type=\"widget\" data-widget_type=\"image.default\">\n\t\t\t\t<div class=\"elementor-widget-container\">\n\t\t\t\t\t\t\t\t\t\t\t\t\t\t\t<img decoding=\"async\" width=\"1920\" height=\"1280\" src=\"https:\/\/made4you.lu\/wp-content\/uploads\/2022\/11\/Made_4_you_details_boutique_03-scaled-1-1920x1280.jpg\" class=\"attachment-penci-single-full size-penci-single-full wp-image-11447\" alt=\"Devenir revendeur Produits d&#039;impression Luxembourg Made4you\" srcset=\"https:\/\/made4you.lu\/wp-content\/uploads\/2022\/11\/Made_4_you_details_boutique_03-scaled-1-1920x1280.jpg 1920w, https:\/\/made4you.lu\/wp-content\/uploads\/2022\/11\/Made_4_you_details_boutique_03-scaled-1-300x200.jpg 300w, https:\/\/made4you.lu\/wp-content\/uploads\/2022\/11\/Made_4_you_details_boutique_03-scaled-1-1024x683.jpg 1024w, https:\/\/made4you.lu\/wp-content\/uploads\/2022\/11\/Made_4_you_details_boutique_03-scaled-1-768x512.jpg 768w, https:\/\/made4you.lu\/wp-content\/uploads\/2022\/11\/Made_4_you_details_boutique_03-scaled-1-1536x1024.jpg 1536w, https:\/\/made4you.lu\/wp-content\/uploads\/2022\/11\/Made_4_you_details_boutique_03-scaled-1-2048x1366.jpg 2048w, https:\/\/made4you.lu\/wp-content\/uploads\/2022\/11\/Made_4_you_details_boutique_03-scaled-1-1170x780.jpg 1170w, https:\/\/made4you.lu\/wp-content\/uploads\/2022\/11\/Made_4_you_details_boutique_03-scaled-1-585x390.jpg 585w, https:\/\/made4you.lu\/wp-content\/uploads\/2022\/11\/Made_4_you_details_boutique_03-scaled-1-263x175.jpg 263w\" sizes=\"(max-width: 1920px) 100vw, 1920px\" \/>\t\t\t\t\t\t\t\t\t\t\t\t\t\t\t<\/div>\n\t\t\t\t<\/div>\n\t\t\t\t<div class=\"elementor-element elementor-element-0d19ffb elementor-widget elementor-widget-image\" data-id=\"0d19ffb\" data-element_type=\"widget\" data-widget_type=\"image.default\">\n\t\t\t\t<div class=\"elementor-widget-container\">\n\t\t\t\t\t\t\t\t\t\t\t\t\t\t\t<img decoding=\"async\" width=\"1920\" height=\"1280\" src=\"https:\/\/made4you.lu\/wp-content\/uploads\/2022\/11\/Made_4_you_details_boutique_04-1920x1280.jpg\" class=\"attachment-penci-single-full size-penci-single-full wp-image-11454\" alt=\"\u00c0 propos de nous Made4you Publicit\u00e9\" srcset=\"https:\/\/made4you.lu\/wp-content\/uploads\/2022\/11\/Made_4_you_details_boutique_04-1920x1280.jpg 1920w, https:\/\/made4you.lu\/wp-content\/uploads\/2022\/11\/Made_4_you_details_boutique_04-300x200.jpg 300w, https:\/\/made4you.lu\/wp-content\/uploads\/2022\/11\/Made_4_you_details_boutique_04-1024x683.jpg 1024w, https:\/\/made4you.lu\/wp-content\/uploads\/2022\/11\/Made_4_you_details_boutique_04-768x512.jpg 768w, https:\/\/made4you.lu\/wp-content\/uploads\/2022\/11\/Made_4_you_details_boutique_04-1536x1024.jpg 1536w, https:\/\/made4you.lu\/wp-content\/uploads\/2022\/11\/Made_4_you_details_boutique_04-2048x1365.jpg 2048w, https:\/\/made4you.lu\/wp-content\/uploads\/2022\/11\/Made_4_you_details_boutique_04-1170x780.jpg 1170w, https:\/\/made4you.lu\/wp-content\/uploads\/2022\/11\/Made_4_you_details_boutique_04-585x390.jpg 585w, https:\/\/made4you.lu\/wp-content\/uploads\/2022\/11\/Made_4_you_details_boutique_04-263x175.jpg 263w\" sizes=\"(max-width: 1920px) 100vw, 1920px\" \/>\t\t\t\t\t\t\t\t\t\t\t\t\t\t\t<\/div>\n\t\t\t\t<\/div>\n\t\t\t\t\t<\/div>\n\t\t<\/div>\n\t\t\t\t\t\t\t<\/div>\n\t\t<\/section>\n\t\t\t\t<section class=\"penci-section penci-disSticky penci-structure-10 elementor-section elementor-top-section elementor-element elementor-element-a278913 elementor-section-boxed elementor-section-height-default elementor-section-height-default\" data-id=\"a278913\" data-element_type=\"section\">\n\t\t\t\t\t\t<div class=\"elementor-container elementor-column-gap-default\">\n\t\t\t\t\t<div class=\"penci-ercol-100 penci-ercol-order-1 penci-sticky-ct    elementor-column elementor-col-100 elementor-top-column elementor-element elementor-element-03f09fa\" data-id=\"03f09fa\" data-element_type=\"column\">\n\t\t\t<div class=\"elementor-widget-wrap\">\n\t\t\t\t\t\t\t\t\t<\/div>\n\t\t<\/div>\n\t\t\t\t\t\t\t<\/div>\n\t\t<\/section>\n\t\t\t\t\t\t\t<\/div>\n\t\t","protected":false},"excerpt":{"rendered":"<p>\u00c0 propos de nous En tant qu&rsquo;entreprise familiale avec plus de 30 ans d&rsquo;exp\u00e9rience dans le domaine de l&rsquo;impression et du graphisme, nous sommes depuis toujours synonymes de qualit\u00e9 sup\u00e9rieure&hellip;<\/p>\n","protected":false},"author":1,"featured_media":0,"parent":0,"menu_order":0,"comment_status":"closed","ping_status":"closed","template":"page-fullwidth.php","meta":{"footnotes":""},"class_list":["post-10935","page","type-page","status-publish","hentry"],"yoast_head":"<!-- This site is optimized with the Yoast SEO plugin v20.13 - https:\/\/yoast.com\/wordpress\/plugins\/seo\/ -->\n<title>\u00c0 propos de nous - Made4you Publicit\u00e9<\/title>\n<meta name=\"robots\" content=\"index, follow, max-snippet:-1, max-image-preview:large, max-video-preview:-1\" \/>\n<link rel=\"canonical\" href=\"https:\/\/made4you.lu\/fr\/a-propos-de-nous\/\" \/>\n<meta property=\"og:locale\" content=\"fr_FR\" \/>\n<meta property=\"og:type\" content=\"article\" \/>\n<meta property=\"og:title\" content=\"\u00c0 propos de nous - Made4you Publicit\u00e9\" \/>\n<meta property=\"og:description\" content=\"\u00c0 propos de nous En tant qu&rsquo;entreprise familiale avec plus de 30 ans d&rsquo;exp\u00e9rience dans le domaine de l&rsquo;impression et du graphisme, nous sommes depuis toujours synonymes de qualit\u00e9 sup\u00e9rieure&hellip;\" \/>\n<meta property=\"og:url\" content=\"https:\/\/made4you.lu\/fr\/a-propos-de-nous\/\" \/>\n<meta property=\"og:site_name\" content=\"Made4you Publicit\u00e9\" \/>\n<meta property=\"article:modified_time\" content=\"2025-11-25T10:14:13+00:00\" \/>\n<meta property=\"og:image\" content=\"https:\/\/made4you.lu\/wp-content\/uploads\/2022\/11\/Made_4_you_details_boutique_03-scaled-1-1920x1280.jpg\" \/>\n<meta name=\"twitter:card\" content=\"summary_large_image\" \/>\n<meta name=\"twitter:label1\" content=\"Dur\u00e9e de lecture estim\u00e9e\" \/>\n\t<meta name=\"twitter:data1\" content=\"4 minutes\" \/>\n<script type=\"application\/ld+json\" class=\"yoast-schema-graph\">{\"@context\":\"https:\/\/schema.org\",\"@graph\":[{\"@type\":\"WebPage\",\"@id\":\"https:\/\/made4you.lu\/fr\/a-propos-de-nous\/\",\"url\":\"https:\/\/made4you.lu\/fr\/a-propos-de-nous\/\",\"name\":\"\u00c0 propos de nous - Made4you Publicit\u00e9\",\"isPartOf\":{\"@id\":\"https:\/\/made4you.lu\/#website\"},\"datePublished\":\"2022-04-04T09:26:08+00:00\",\"dateModified\":\"2025-11-25T10:14:13+00:00\",\"breadcrumb\":{\"@id\":\"https:\/\/made4you.lu\/fr\/a-propos-de-nous\/#breadcrumb\"},\"inLanguage\":\"fr-FR\",\"potentialAction\":[{\"@type\":\"ReadAction\",\"target\":[\"https:\/\/made4you.lu\/fr\/a-propos-de-nous\/\"]}]},{\"@type\":\"BreadcrumbList\",\"@id\":\"https:\/\/made4you.lu\/fr\/a-propos-de-nous\/#breadcrumb\",\"itemListElement\":[{\"@type\":\"ListItem\",\"position\":1,\"name\":\"Startseite\",\"item\":\"https:\/\/made4you.lu\/fr\/\"},{\"@type\":\"ListItem\",\"position\":2,\"name\":\"\u00c0 propos de nous\"}]},{\"@type\":\"WebSite\",\"@id\":\"https:\/\/made4you.lu\/#website\",\"url\":\"https:\/\/made4you.lu\/\",\"name\":\"Made4you Publicit\u00e9\",\"description\":\"\u00e0 Wasserbillig (LU) &amp; Konz (DE). Votre partenaire en mati\u00e8re de publicit\u00e9, d&#039;impression, de graphisme, d&#039;impression textile, de broderie, de cadeaux publicitaires, de webdesign, de fournitures pour les associations et bien plus encore.\",\"potentialAction\":[{\"@type\":\"SearchAction\",\"target\":{\"@type\":\"EntryPoint\",\"urlTemplate\":\"https:\/\/made4you.lu\/?s={search_term_string}\"},\"query-input\":\"required name=search_term_string\"}],\"inLanguage\":\"fr-FR\"}]}<\/script>\n<!-- \/ Yoast SEO plugin. -->","yoast_head_json":{"title":"\u00c0 propos de nous - Made4you Publicit\u00e9","robots":{"index":"index","follow":"follow","max-snippet":"max-snippet:-1","max-image-preview":"max-image-preview:large","max-video-preview":"max-video-preview:-1"},"canonical":"https:\/\/made4you.lu\/fr\/a-propos-de-nous\/","og_locale":"fr_FR","og_type":"article","og_title":"\u00c0 propos de nous - Made4you Publicit\u00e9","og_description":"\u00c0 propos de nous En tant qu&rsquo;entreprise familiale avec plus de 30 ans d&rsquo;exp\u00e9rience dans le domaine de l&rsquo;impression et du graphisme, nous sommes depuis toujours synonymes de qualit\u00e9 sup\u00e9rieure&hellip;","og_url":"https:\/\/made4you.lu\/fr\/a-propos-de-nous\/","og_site_name":"Made4you Publicit\u00e9","article_modified_time":"2025-11-25T10:14:13+00:00","og_image":[{"url":"https:\/\/made4you.lu\/wp-content\/uploads\/2022\/11\/Made_4_you_details_boutique_03-scaled-1-1920x1280.jpg"}],"twitter_card":"summary_large_image","twitter_misc":{"Dur\u00e9e de lecture estim\u00e9e":"4 minutes"},"schema":{"@context":"https:\/\/schema.org","@graph":[{"@type":"WebPage","@id":"https:\/\/made4you.lu\/fr\/a-propos-de-nous\/","url":"https:\/\/made4you.lu\/fr\/a-propos-de-nous\/","name":"\u00c0 propos de nous - Made4you Publicit\u00e9","isPartOf":{"@id":"https:\/\/made4you.lu\/#website"},"datePublished":"2022-04-04T09:26:08+00:00","dateModified":"2025-11-25T10:14:13+00:00","breadcrumb":{"@id":"https:\/\/made4you.lu\/fr\/a-propos-de-nous\/#breadcrumb"},"inLanguage":"fr-FR","potentialAction":[{"@type":"ReadAction","target":["https:\/\/made4you.lu\/fr\/a-propos-de-nous\/"]}]},{"@type":"BreadcrumbList","@id":"https:\/\/made4you.lu\/fr\/a-propos-de-nous\/#breadcrumb","itemListElement":[{"@type":"ListItem","position":1,"name":"Startseite","item":"https:\/\/made4you.lu\/fr\/"},{"@type":"ListItem","position":2,"name":"\u00c0 propos de nous"}]},{"@type":"WebSite","@id":"https:\/\/made4you.lu\/#website","url":"https:\/\/made4you.lu\/","name":"Made4you Publicit\u00e9","description":"\u00e0 Wasserbillig (LU) &amp; Konz (DE). Votre partenaire en mati\u00e8re de publicit\u00e9, d&#039;impression, de graphisme, d&#039;impression textile, de broderie, de cadeaux publicitaires, de webdesign, de fournitures pour les associations et bien plus encore.","potentialAction":[{"@type":"SearchAction","target":{"@type":"EntryPoint","urlTemplate":"https:\/\/made4you.lu\/?s={search_term_string}"},"query-input":"required name=search_term_string"}],"inLanguage":"fr-FR"}]}},"_links":{"self":[{"href":"https:\/\/made4you.lu\/fr\/wp-json\/wp\/v2\/pages\/10935","targetHints":{"allow":["GET"]}}],"collection":[{"href":"https:\/\/made4you.lu\/fr\/wp-json\/wp\/v2\/pages"}],"about":[{"href":"https:\/\/made4you.lu\/fr\/wp-json\/wp\/v2\/types\/page"}],"author":[{"embeddable":true,"href":"https:\/\/made4you.lu\/fr\/wp-json\/wp\/v2\/users\/1"}],"replies":[{"embeddable":true,"href":"https:\/\/made4you.lu\/fr\/wp-json\/wp\/v2\/comments?post=10935"}],"version-history":[{"count":34,"href":"https:\/\/made4you.lu\/fr\/wp-json\/wp\/v2\/pages\/10935\/revisions"}],"predecessor-version":[{"id":12663,"href":"https:\/\/made4you.lu\/fr\/wp-json\/wp\/v2\/pages\/10935\/revisions\/12663"}],"wp:attachment":[{"href":"https:\/\/made4you.lu\/fr\/wp-json\/wp\/v2\/media?parent=10935"}],"curies":[{"name":"wp","href":"https:\/\/api.w.org\/{rel}","templated":true}]}}